{"id":5289,"date":"2020-04-08T09:34:20","date_gmt":"2020-04-08T07:34:20","guid":{"rendered":"https:\/\/www.ilip.it\/?page_id=5289"},"modified":"2024-07-29T09:50:44","modified_gmt":"2024-07-29T07:50:44","slug":"ezysplit","status":"publish","type":"page","link":"https:\/\/www.ilip.it\/es\/innovacion\/ezysplit\/","title":{"rendered":"Cesta h\u00edbrida ezy:split"},"content":{"rendered":"<div class=\"wpb-content-wrapper\"><p>[vc_row full_width=\u00bbstretch_row_content_no_spaces\u00bb content_placement=\u00bbmiddle\u00bb css=\u00bb.vc_custom_1695633610354{padding-top: 3em !important;padding-bottom: 4em !important;background-color: #ffffff !important;}\u00bb][vc_column width=\u00bb5\/6&#8243; offset=\u00bbvc_col-lg-5 vc_col-sm-offset-1&#8243; el_class=\u00bborder-lg-1 order-2&#8243;][vc_video link=\u00bbhttps:\/\/www.youtube.com\/watch?v=_wQhOnj6jHw\u00bb align=\u00bbcenter\u00bb css=\u00bb\u00bb][\/vc_column][vc_column css_animation=\u00bbright-to-left\u00bb width=\u00bb5\/6&#8243; offset=\u00bbvc_col-lg-4 vc_col-sm-offset-1 vc_col-xs-12&#8243; el_class=\u00bbbackground-linear-gradient-azure shadow-inside order-lg-2 order-1&#8243; css=\u00bb.vc_custom_1695801230287{padding-top: 1em !important;padding-right: 1em !important;padding-bottom: 1em !important;padding-left: 1em !important;}\u00bb]<h1 class=\"deco-title sinistra \"><span>ezy:split<\/span><\/h1>[vc_column_text]<\/p>\n<h3>Una cesta de pl\u00e1stico m\u00e1s ligera y resistente gracias al cart\u00f3n<\/h3>\n<p><strong>ezy:split\u00a0<\/strong>es la primera\u00a0<strong>cesta h\u00edbrida\u00a0<\/strong>en pl\u00e1stico y cart\u00f3n para envasar fruta premium.<\/p>\n<p>La cesta producida en\u00a0<a href=\"https:\/\/www.ilip.it\/es\/sostenibilidad\/\">R-PET<\/a>\u00a0es apta para el contacto directo con alimentos y tambi\u00e9n se puede termosellar con una pel\u00edcula superior. imprimible. La caja de cart\u00f3n de calidad se puede imprimir en ambos lados con un amplio espacio para la marca y la comunicaci\u00f3n.<\/p>\n<p><strong>ezy:split est\u00e1 listo para ser reciclado.\u00a0<\/strong>Simplemente separe el contenedor de pl\u00e1stico de su base de cart\u00f3n despu\u00e9s de su uso.[\/vc_column_text]<div class=\"button-wrapper sinistra pdf-lightbox\"   data-pdf=\"https:\/\/www.ilip.it\/wp-content\/uploads\/2022\/03\/volantino-ezy-split-it-r1-ld.pdf\" data-key=\"ezysplit\"><a class=\"btn btn-default btn-lg trigger-button\" href=\"https:\/\/www.ilip.it\/wp-content\/uploads\/2022\/03\/volantino-ezy-split-it-r1-ld.pdf\"  title=\"Guarda la brochure di ezy:split\"><i class=\"fas far fa-file-pdf\"><\/i> Ver el folleto de ezy:split<\/a><\/div>[\/vc_column][\/vc_row]<\/p>\n<\/div>","protected":false},"excerpt":{"rendered":"<p>ezy:split es la primera cesta h\u00edbrida de pl\u00e1stico y cart\u00f3n para el envasado de fruta premium. M\u00e1s ligero, con un 45% menos de pl\u00e1stico , m\u00e1s resistente gracias al cart\u00f3n. F\u00e1cilmente diferenciable y reciclable.<\/p>\n","protected":false},"author":1,"featured_media":8140,"parent":5271,"menu_order":0,"comment_status":"closed","ping_status":"closed","template":"","meta":{"_acf_changed":false,"footnotes":""},"class_list":["post-5289","page","type-page","status-publish","has-post-thumbnail","hentry"],"acf":[],"yoast_head":"<!-- This site is optimized with the Yoast SEO plugin v27.4 - https:\/\/yoast.com\/product\/yoast-seo-wordpress\/ -->\n<title>Cesta h\u00edbrida ezy:split | ILIP Passion for Packaging<\/title>\n<meta name=\"description\" content=\"ezy:split es la primera cesta h\u00edbrida en pl\u00e1stico y cart\u00f3n para envasar fruta premium. Producida en 100% R-PET.\" \/>\n<meta name=\"robots\" content=\"index, follow, max-snippet:-1, max-image-preview:large, max-video-preview:-1\" \/>\n<link rel=\"canonical\" href=\"https:\/\/www.ilip.it\/es\/innovacion\/ezysplit\/\" \/>\n<meta property=\"og:locale\" content=\"es_ES\" \/>\n<meta property=\"og:type\" content=\"article\" \/>\n<meta property=\"og:title\" content=\"Cesta h\u00edbrida ezy:split | ILIP Passion for Packaging\" \/>\n<meta property=\"og:description\" content=\"ezy:split es la primera cesta h\u00edbrida en pl\u00e1stico y cart\u00f3n para envasar fruta premium. Producida en 100% R-PET.\" \/>\n<meta property=\"og:url\" content=\"https:\/\/www.ilip.it\/es\/innovacion\/ezysplit\/\" \/>\n<meta property=\"og:site_name\" content=\"ILIP S.r.l.\" \/>\n<meta property=\"article:modified_time\" content=\"2024-07-29T07:50:44+00:00\" \/>\n<meta property=\"og:image\" content=\"https:\/\/www.ilip.it\/wp-content\/uploads\/2021\/05\/in-evidenza-ezy-split-square.jpg\" \/>\n\t<meta property=\"og:image:width\" content=\"650\" \/>\n\t<meta property=\"og:image:height\" content=\"650\" \/>\n\t<meta property=\"og:image:type\" content=\"image\/jpeg\" \/>\n<meta name=\"twitter:card\" content=\"summary_large_image\" \/>\n<meta name=\"twitter:label1\" content=\"Tiempo de lectura\" \/>\n\t<meta name=\"twitter:data1\" content=\"1 minuto\" \/>\n<script type=\"application\/ld+json\" class=\"yoast-schema-graph\">{\"@context\":\"https:\\\/\\\/schema.org\",\"@graph\":[{\"@type\":\"WebPage\",\"@id\":\"https:\\\/\\\/www.ilip.it\\\/es\\\/innovacion\\\/ezysplit\\\/\",\"url\":\"https:\\\/\\\/www.ilip.it\\\/es\\\/innovacion\\\/ezysplit\\\/\",\"name\":\"Cesta h\u00edbrida ezy:split | ILIP Passion for Packaging\",\"isPartOf\":{\"@id\":\"https:\\\/\\\/www.ilip.it\\\/es\\\/#website\"},\"primaryImageOfPage\":{\"@id\":\"https:\\\/\\\/www.ilip.it\\\/es\\\/innovacion\\\/ezysplit\\\/#primaryimage\"},\"image\":{\"@id\":\"https:\\\/\\\/www.ilip.it\\\/es\\\/innovacion\\\/ezysplit\\\/#primaryimage\"},\"thumbnailUrl\":\"https:\\\/\\\/www.ilip.it\\\/wp-content\\\/uploads\\\/2021\\\/05\\\/in-evidenza-ezy-split-square.jpg\",\"datePublished\":\"2020-04-08T07:34:20+00:00\",\"dateModified\":\"2024-07-29T07:50:44+00:00\",\"description\":\"ezy:split es la primera cesta h\u00edbrida en pl\u00e1stico y cart\u00f3n para envasar fruta premium. Producida en 100% R-PET.\",\"breadcrumb\":{\"@id\":\"https:\\\/\\\/www.ilip.it\\\/es\\\/innovacion\\\/ezysplit\\\/#breadcrumb\"},\"inLanguage\":\"es\",\"potentialAction\":[{\"@type\":\"ReadAction\",\"target\":[\"https:\\\/\\\/www.ilip.it\\\/es\\\/innovacion\\\/ezysplit\\\/\"]}]},{\"@type\":\"ImageObject\",\"inLanguage\":\"es\",\"@id\":\"https:\\\/\\\/www.ilip.it\\\/es\\\/innovacion\\\/ezysplit\\\/#primaryimage\",\"url\":\"https:\\\/\\\/www.ilip.it\\\/wp-content\\\/uploads\\\/2021\\\/05\\\/in-evidenza-ezy-split-square.jpg\",\"contentUrl\":\"https:\\\/\\\/www.ilip.it\\\/wp-content\\\/uploads\\\/2021\\\/05\\\/in-evidenza-ezy-split-square.jpg\",\"width\":650,\"height\":650},{\"@type\":\"BreadcrumbList\",\"@id\":\"https:\\\/\\\/www.ilip.it\\\/es\\\/innovacion\\\/ezysplit\\\/#breadcrumb\",\"itemListElement\":[{\"@type\":\"ListItem\",\"position\":1,\"name\":\"Home\",\"item\":\"https:\\\/\\\/www.ilip.it\\\/es\\\/\"},{\"@type\":\"ListItem\",\"position\":2,\"name\":\"Innovaci\u00f3n\",\"item\":\"https:\\\/\\\/www.ilip.it\\\/es\\\/innovacion\\\/\"},{\"@type\":\"ListItem\",\"position\":3,\"name\":\"Cesta h\u00edbrida ezy:split\"}]},{\"@type\":\"WebSite\",\"@id\":\"https:\\\/\\\/www.ilip.it\\\/es\\\/#website\",\"url\":\"https:\\\/\\\/www.ilip.it\\\/es\\\/\",\"name\":\"ILIP S.r.l.\",\"description\":\"Passion for packaging\",\"publisher\":{\"@id\":\"https:\\\/\\\/www.ilip.it\\\/es\\\/#organization\"},\"potentialAction\":[{\"@type\":\"SearchAction\",\"target\":{\"@type\":\"EntryPoint\",\"urlTemplate\":\"https:\\\/\\\/www.ilip.it\\\/es\\\/?s={search_term_string}\"},\"query-input\":{\"@type\":\"PropertyValueSpecification\",\"valueRequired\":true,\"valueName\":\"search_term_string\"}}],\"inLanguage\":\"es\"},{\"@type\":\"Organization\",\"@id\":\"https:\\\/\\\/www.ilip.it\\\/es\\\/#organization\",\"name\":\"Ilip S.r.l.\",\"url\":\"https:\\\/\\\/www.ilip.it\\\/es\\\/\",\"logo\":{\"@type\":\"ImageObject\",\"inLanguage\":\"es\",\"@id\":\"https:\\\/\\\/www.ilip.it\\\/es\\\/#\\\/schema\\\/logo\\\/image\\\/\",\"url\":\"https:\\\/\\\/www.ilip.it\\\/wp-content\\\/uploads\\\/2018\\\/01\\\/ilip-srl-passion-for-packaging-logo.png\",\"contentUrl\":\"https:\\\/\\\/www.ilip.it\\\/wp-content\\\/uploads\\\/2018\\\/01\\\/ilip-srl-passion-for-packaging-logo.png\",\"width\":180,\"height\":130,\"caption\":\"Ilip S.r.l.\"},\"image\":{\"@id\":\"https:\\\/\\\/www.ilip.it\\\/es\\\/#\\\/schema\\\/logo\\\/image\\\/\"}}]}<\/script>\n<!-- \/ Yoast SEO plugin. -->","yoast_head_json":{"title":"Cesta h\u00edbrida ezy:split | ILIP Passion for Packaging","description":"ezy:split es la primera cesta h\u00edbrida en pl\u00e1stico y cart\u00f3n para envasar fruta premium. Producida en 100% R-PET.","robots":{"index":"index","follow":"follow","max-snippet":"max-snippet:-1","max-image-preview":"max-image-preview:large","max-video-preview":"max-video-preview:-1"},"canonical":"https:\/\/www.ilip.it\/es\/innovacion\/ezysplit\/","og_locale":"es_ES","og_type":"article","og_title":"Cesta h\u00edbrida ezy:split | ILIP Passion for Packaging","og_description":"ezy:split es la primera cesta h\u00edbrida en pl\u00e1stico y cart\u00f3n para envasar fruta premium. Producida en 100% R-PET.","og_url":"https:\/\/www.ilip.it\/es\/innovacion\/ezysplit\/","og_site_name":"ILIP S.r.l.","article_modified_time":"2024-07-29T07:50:44+00:00","og_image":[{"width":650,"height":650,"url":"https:\/\/www.ilip.it\/wp-content\/uploads\/2021\/05\/in-evidenza-ezy-split-square.jpg","type":"image\/jpeg"}],"twitter_card":"summary_large_image","twitter_misc":{"Tiempo de lectura":"1 minuto"},"schema":{"@context":"https:\/\/schema.org","@graph":[{"@type":"WebPage","@id":"https:\/\/www.ilip.it\/es\/innovacion\/ezysplit\/","url":"https:\/\/www.ilip.it\/es\/innovacion\/ezysplit\/","name":"Cesta h\u00edbrida ezy:split | ILIP Passion for Packaging","isPartOf":{"@id":"https:\/\/www.ilip.it\/es\/#website"},"primaryImageOfPage":{"@id":"https:\/\/www.ilip.it\/es\/innovacion\/ezysplit\/#primaryimage"},"image":{"@id":"https:\/\/www.ilip.it\/es\/innovacion\/ezysplit\/#primaryimage"},"thumbnailUrl":"https:\/\/www.ilip.it\/wp-content\/uploads\/2021\/05\/in-evidenza-ezy-split-square.jpg","datePublished":"2020-04-08T07:34:20+00:00","dateModified":"2024-07-29T07:50:44+00:00","description":"ezy:split es la primera cesta h\u00edbrida en pl\u00e1stico y cart\u00f3n para envasar fruta premium. Producida en 100% R-PET.","breadcrumb":{"@id":"https:\/\/www.ilip.it\/es\/innovacion\/ezysplit\/#breadcrumb"},"inLanguage":"es","potentialAction":[{"@type":"ReadAction","target":["https:\/\/www.ilip.it\/es\/innovacion\/ezysplit\/"]}]},{"@type":"ImageObject","inLanguage":"es","@id":"https:\/\/www.ilip.it\/es\/innovacion\/ezysplit\/#primaryimage","url":"https:\/\/www.ilip.it\/wp-content\/uploads\/2021\/05\/in-evidenza-ezy-split-square.jpg","contentUrl":"https:\/\/www.ilip.it\/wp-content\/uploads\/2021\/05\/in-evidenza-ezy-split-square.jpg","width":650,"height":650},{"@type":"BreadcrumbList","@id":"https:\/\/www.ilip.it\/es\/innovacion\/ezysplit\/#breadcrumb","itemListElement":[{"@type":"ListItem","position":1,"name":"Home","item":"https:\/\/www.ilip.it\/es\/"},{"@type":"ListItem","position":2,"name":"Innovaci\u00f3n","item":"https:\/\/www.ilip.it\/es\/innovacion\/"},{"@type":"ListItem","position":3,"name":"Cesta h\u00edbrida ezy:split"}]},{"@type":"WebSite","@id":"https:\/\/www.ilip.it\/es\/#website","url":"https:\/\/www.ilip.it\/es\/","name":"ILIP S.r.l.","description":"Passion for packaging","publisher":{"@id":"https:\/\/www.ilip.it\/es\/#organization"},"potentialAction":[{"@type":"SearchAction","target":{"@type":"EntryPoint","urlTemplate":"https:\/\/www.ilip.it\/es\/?s={search_term_string}"},"query-input":{"@type":"PropertyValueSpecification","valueRequired":true,"valueName":"search_term_string"}}],"inLanguage":"es"},{"@type":"Organization","@id":"https:\/\/www.ilip.it\/es\/#organization","name":"Ilip S.r.l.","url":"https:\/\/www.ilip.it\/es\/","logo":{"@type":"ImageObject","inLanguage":"es","@id":"https:\/\/www.ilip.it\/es\/#\/schema\/logo\/image\/","url":"https:\/\/www.ilip.it\/wp-content\/uploads\/2018\/01\/ilip-srl-passion-for-packaging-logo.png","contentUrl":"https:\/\/www.ilip.it\/wp-content\/uploads\/2018\/01\/ilip-srl-passion-for-packaging-logo.png","width":180,"height":130,"caption":"Ilip S.r.l."},"image":{"@id":"https:\/\/www.ilip.it\/es\/#\/schema\/logo\/image\/"}}]}},"_links":{"self":[{"href":"https:\/\/www.ilip.it\/es\/wp-json\/wp\/v2\/pages\/5289","targetHints":{"allow":["GET"]}}],"collection":[{"href":"https:\/\/www.ilip.it\/es\/wp-json\/wp\/v2\/pages"}],"about":[{"href":"https:\/\/www.ilip.it\/es\/wp-json\/wp\/v2\/types\/page"}],"author":[{"embeddable":true,"href":"https:\/\/www.ilip.it\/es\/wp-json\/wp\/v2\/users\/1"}],"replies":[{"embeddable":true,"href":"https:\/\/www.ilip.it\/es\/wp-json\/wp\/v2\/comments?post=5289"}],"version-history":[{"count":23,"href":"https:\/\/www.ilip.it\/es\/wp-json\/wp\/v2\/pages\/5289\/revisions"}],"predecessor-version":[{"id":29430,"href":"https:\/\/www.ilip.it\/es\/wp-json\/wp\/v2\/pages\/5289\/revisions\/29430"}],"up":[{"embeddable":true,"href":"https:\/\/www.ilip.it\/es\/wp-json\/wp\/v2\/pages\/5271"}],"wp:featuredmedia":[{"embeddable":true,"href":"https:\/\/www.ilip.it\/es\/wp-json\/wp\/v2\/media\/8140"}],"wp:attachment":[{"href":"https:\/\/www.ilip.it\/es\/wp-json\/wp\/v2\/media?parent=5289"}],"curies":[{"name":"wp","href":"https:\/\/api.w.org\/{rel}","templated":true}]}}