{"id":5255,"date":"2020-10-14T10:49:40","date_gmt":"2020-10-14T08:49:40","guid":{"rendered":"https:\/\/www.ilip.it\/?page_id=5255"},"modified":"2024-10-18T17:51:28","modified_gmt":"2024-10-18T15:51:28","slug":"smartripe","status":"publish","type":"page","link":"https:\/\/www.ilip.it\/es\/innovacion\/smartripe\/","title":{"rendered":"SmartRiPE\u00ae"},"content":{"rendered":"<div class=\"wpb-content-wrapper\"><p>[vc_row full_width=\u00bbstretch_row_content_no_spaces\u00bb content_placement=\u00bbmiddle\u00bb css=\u00bb.vc_custom_1695630853249{padding-bottom: 2em !important;background-color: #ffffff !important;}\u00bb][vc_column width=\u00bb5\/6&#8243; offset=\u00bbvc_col-lg-5 vc_col-sm-offset-1 vc_col-xs-12&#8243; el_class=\u00bborder-lg-1 order-2&#8243;][vc_single_image image=\u00bb3499&#8243; img_size=\u00bblarge\u00bb alignment=\u00bbcenter\u00bb][\/vc_column][vc_column css_animation=\u00bbright-to-left\u00bb width=\u00bb5\/6&#8243; el_class=\u00bbbackground-linear-gradient-azure shadow-inside order-lg-2 order-1&#8243; css=\u00bb.vc_custom_1695801315549{margin-top: 3em !important;margin-bottom: 3em !important;padding-top: 1em !important;padding-right: 1em !important;padding-bottom: 1em !important;padding-left: 1em !important;}\u00bb offset=\u00bbvc_col-lg-4 vc_col-sm-offset-1&#8243;]<h2 class=\"deco-title sinistra \"><span>SmartRiPE<sup>\u00ae<\/sup><\/span><\/h2>[vc_column_text]<\/p>\n<h3>El embalaje inteligente determina el grado de maduraci\u00f3n de los frutos tropicales y interact\u00faa con el consumidor<\/h3>\n<p>ILIP presenta\u00a0<strong>Smart Ripe<\/strong>, un innovador embalaje\u00a0<strong>inteligente<\/strong>\u00a0que combina las funciones tradicionales de contenci\u00f3n, protecci\u00f3n y conservaci\u00f3n con otras destinadas a proporcionar a la cadena de suministro y valor y al consumidor informaci\u00f3n sobre la maduraci\u00f3n del fruto por medio del control de los par\u00e1metros de calidad caracter\u00edsticos. ILIP ha desarrollado\u00a0<strong>Smart Ripe\u00a0<\/strong>en colaboraci\u00f3n con Radio6ense, spin-off de la Universidad de Roma Tor Vergata, que ha estudiado la etiqueta RFID sin bater\u00eda y el lector externo, y con el Departamento de Ciencias Agr\u00edcolas, Forestales y Alimentarias (DISAFA) de la Universidad de Tur\u00edn, que ha llevado a cabo un control y una valoraci\u00f3n de la calidad de los frutos.[\/vc_column_text]<div class=\"button-wrapper sinistra pdf-lightbox\"   data-pdf=\"https:\/\/www.ilip.it\/wp-content\/uploads\/2019\/06\/Smart-Ripe-1.pdf\" data-key=\"smartripe\"><a class=\"btn btn-default btn-lg trigger-button\" href=\"https:\/\/www.ilip.it\/wp-content\/uploads\/2019\/06\/Smart-Ripe-1.pdf\"  title=\"Scarica la brochure per avere ulteriori informazioni.\"><i class=\"fas far fa-file-pdf\"><\/i> Descargue el folleto para obtener m\u00e1s informaci\u00f3n<\/a><\/div>[\/vc_column][\/vc_row][vc_row][vc_column][vc_single_image image=\u00bb3492&#8243; img_size=\u00bbfull\u00bb alignment=\u00bbcenter\u00bb css_animation=\u00bbfadeIn\u00bb][\/vc_column][\/vc_row][vc_row full_width=\u00bbstretch_row_content_no_spaces\u00bb content_placement=\u00bbmiddle\u00bb css=\u00bb.vc_custom_1729266495825{padding-top: 2em !important;padding-bottom: 2em !important;background-color: #ffffff !important;}\u00bb][vc_column width=\u00bb5\/6&#8243; css=\u00bb.vc_custom_1729266348292{margin-top: 3em !important;margin-bottom: 3em !important;padding-top: 1em !important;padding-right: 1em !important;padding-bottom: 1em !important;padding-left: 1em !important;}\u00bb offset=\u00bbvc_col-lg-4 vc_col-sm-offset-1&#8243;]<h2 class=\"deco-title sinistra \"><span>SmartRipe Trolley<\/span><\/h2>[vc_column_text css=\u00bb\u00bb]Lea el art\u00edculo (en ingl\u00e9s) sobre la evoluci\u00f3n de SmartRipe: un sistema RFID UHF multietiqueta pasivo no destructivo para monitorear la maduraci\u00f3n del aguacate en un entorno INDUSTRIAL.<\/p>\n<p>Vea la presentaci\u00f3n del SmartRipe Trolley por <strong>Luigi Garavaglia, Responsable de Garant\u00eda de Calidad &#8211; I+D de ILPA Group<\/strong>, durante la feria Fruit Attraction 2024.[\/vc_column_text]<div class=\"button-wrapper sinistra pdf-lightbox\" data-nodwn=\"true\"  data-pdf=\"https:\/\/www.ilip.it\/wp-content\/uploads\/2022\/10\/rfd-art-22-smat-ripe-monitoring.pdf\" data-key=\"smartripe trolley\"><a class=\"btn btn-default btn-lg trigger-button\" href=\"https:\/\/www.ilip.it\/wp-content\/uploads\/2022\/10\/rfd-art-22-smat-ripe-monitoring.pdf\" target=\"_blank\" title=\"Lea el art\u00edculo ``Automatic Monitoring of Fruit Ripening Rooms by UHF RFID Sensor Network and Machine Learning``\"><i class=\"fas far fa-file-pdf\"><\/i> Lea el art\u00edculo<\/a><\/div>[\/vc_column][vc_column width=\u00bb5\/6&#8243; offset=\u00bbvc_col-lg-5 vc_col-sm-offset-1 vc_col-xs-12&#8243;][vc_video link=\u00bbhttps:\/\/youtu.be\/ZSPtzXq7LMg\u00bb css=\u00bb\u00bb][\/vc_column][\/vc_row]<\/p>\n<\/div>","protected":false},"excerpt":{"rendered":"<p>[vc_row full_width=\u00bbstretch_row_content_no_spaces\u00bb content_placement=\u00bbmiddle\u00bb css=\u00bb.vc_custom_1695630853249{padding-bottom: 2em !important;background-color: #ffffff !important;}\u00bb][vc_column width=\u00bb5\/6&#8243; offset=\u00bbvc_col-lg-5 vc_col-sm-offset-1 vc_col-xs-12&#8243; el_class=\u00bborder-lg-1 order-2&#8243;][vc_single_image image=\u00bb3499&#8243; img_size=\u00bblarge\u00bb alignment=\u00bbcenter\u00bb][\/vc_column][vc_column css_animation=\u00bbright-to-left\u00bb width=\u00bb5\/6&#8243; el_class=\u00bbbackground-linear-gradient-azure shadow-inside order-lg-2 order-1&#8243; css=\u00bb.vc_custom_1695801315549{margin-top: 3em !important;margin-bottom: 3em !important;padding-top: 1em !important;padding-right: 1em !important;padding-bottom: 1em !important;padding-left: 1em !important;}\u00bb offset=\u00bbvc_col-lg-4 vc_col-sm-offset-1&#8243;][vc_column_text] El embalaje inteligente determina el grado de maduraci\u00f3n de los frutos tropicales y interact\u00faa con el consumidor [&hellip;]<\/p>\n","protected":false},"author":1,"featured_media":3499,"parent":5271,"menu_order":0,"comment_status":"closed","ping_status":"closed","template":"","meta":{"_acf_changed":false,"footnotes":""},"class_list":["post-5255","page","type-page","status-publish","has-post-thumbnail","hentry"],"acf":[],"yoast_head":"<!-- This site is optimized with the Yoast SEO plugin v27.5 - https:\/\/yoast.com\/product\/yoast-seo-wordpress\/ -->\n<title>SmartRiPE\u00ae - ILIP S.r.l. Passion for Packaging<\/title>\n<meta name=\"description\" content=\"SmartRiPE\u00ae su ILIP S.r.l. - Passion for Packaging\" \/>\n<meta name=\"robots\" content=\"index, follow, max-snippet:-1, max-image-preview:large, max-video-preview:-1\" \/>\n<link rel=\"canonical\" href=\"https:\/\/www.ilip.it\/es\/innovacion\/smartripe\/\" \/>\n<meta property=\"og:locale\" content=\"es_ES\" \/>\n<meta property=\"og:type\" content=\"article\" \/>\n<meta property=\"og:title\" content=\"SmartRiPE\u00ae - ILIP S.r.l. Passion for Packaging\" \/>\n<meta property=\"og:description\" content=\"SmartRiPE\u00ae su ILIP S.r.l. - Passion for Packaging\" \/>\n<meta property=\"og:url\" content=\"https:\/\/www.ilip.it\/es\/innovacion\/smartripe\/\" \/>\n<meta property=\"og:site_name\" content=\"ILIP S.r.l.\" \/>\n<meta property=\"article:modified_time\" content=\"2024-10-18T15:51:28+00:00\" \/>\n<meta property=\"og:image\" content=\"https:\/\/www.ilip.it\/wp-content\/uploads\/2020\/01\/smart-ripe-avocado-2.jpg\" \/>\n\t<meta property=\"og:image:width\" content=\"600\" \/>\n\t<meta property=\"og:image:height\" content=\"600\" \/>\n\t<meta property=\"og:image:type\" content=\"image\/jpeg\" \/>\n<meta name=\"twitter:card\" content=\"summary_large_image\" \/>\n<meta name=\"twitter:label1\" content=\"Tiempo de lectura\" \/>\n\t<meta name=\"twitter:data1\" content=\"3 minutos\" \/>\n<script type=\"application\/ld+json\" class=\"yoast-schema-graph\">{\"@context\":\"https:\\\/\\\/schema.org\",\"@graph\":[{\"@type\":\"WebPage\",\"@id\":\"https:\\\/\\\/www.ilip.it\\\/es\\\/innovacion\\\/smartripe\\\/\",\"url\":\"https:\\\/\\\/www.ilip.it\\\/es\\\/innovacion\\\/smartripe\\\/\",\"name\":\"SmartRiPE\u00ae - ILIP S.r.l. Passion for Packaging\",\"isPartOf\":{\"@id\":\"https:\\\/\\\/www.ilip.it\\\/es\\\/#website\"},\"primaryImageOfPage\":{\"@id\":\"https:\\\/\\\/www.ilip.it\\\/es\\\/innovacion\\\/smartripe\\\/#primaryimage\"},\"image\":{\"@id\":\"https:\\\/\\\/www.ilip.it\\\/es\\\/innovacion\\\/smartripe\\\/#primaryimage\"},\"thumbnailUrl\":\"https:\\\/\\\/www.ilip.it\\\/wp-content\\\/uploads\\\/2020\\\/01\\\/smart-ripe-avocado-2.jpg\",\"datePublished\":\"2020-10-14T08:49:40+00:00\",\"dateModified\":\"2024-10-18T15:51:28+00:00\",\"description\":\"SmartRiPE\u00ae su ILIP S.r.l. - Passion for Packaging\",\"breadcrumb\":{\"@id\":\"https:\\\/\\\/www.ilip.it\\\/es\\\/innovacion\\\/smartripe\\\/#breadcrumb\"},\"inLanguage\":\"es\",\"potentialAction\":[{\"@type\":\"ReadAction\",\"target\":[\"https:\\\/\\\/www.ilip.it\\\/es\\\/innovacion\\\/smartripe\\\/\"]}]},{\"@type\":\"ImageObject\",\"inLanguage\":\"es\",\"@id\":\"https:\\\/\\\/www.ilip.it\\\/es\\\/innovacion\\\/smartripe\\\/#primaryimage\",\"url\":\"https:\\\/\\\/www.ilip.it\\\/wp-content\\\/uploads\\\/2020\\\/01\\\/smart-ripe-avocado-2.jpg\",\"contentUrl\":\"https:\\\/\\\/www.ilip.it\\\/wp-content\\\/uploads\\\/2020\\\/01\\\/smart-ripe-avocado-2.jpg\",\"width\":600,\"height\":600,\"caption\":\"Smart Ripe Avocado Confezionato\"},{\"@type\":\"BreadcrumbList\",\"@id\":\"https:\\\/\\\/www.ilip.it\\\/es\\\/innovacion\\\/smartripe\\\/#breadcrumb\",\"itemListElement\":[{\"@type\":\"ListItem\",\"position\":1,\"name\":\"Home\",\"item\":\"https:\\\/\\\/www.ilip.it\\\/es\\\/\"},{\"@type\":\"ListItem\",\"position\":2,\"name\":\"Innovaci\u00f3n\",\"item\":\"https:\\\/\\\/www.ilip.it\\\/es\\\/innovacion\\\/\"},{\"@type\":\"ListItem\",\"position\":3,\"name\":\"SmartRiPE\u00ae\"}]},{\"@type\":\"WebSite\",\"@id\":\"https:\\\/\\\/www.ilip.it\\\/es\\\/#website\",\"url\":\"https:\\\/\\\/www.ilip.it\\\/es\\\/\",\"name\":\"ILIP S.r.l.\",\"description\":\"Passion for packaging\",\"publisher\":{\"@id\":\"https:\\\/\\\/www.ilip.it\\\/es\\\/#organization\"},\"potentialAction\":[{\"@type\":\"SearchAction\",\"target\":{\"@type\":\"EntryPoint\",\"urlTemplate\":\"https:\\\/\\\/www.ilip.it\\\/es\\\/?s={search_term_string}\"},\"query-input\":{\"@type\":\"PropertyValueSpecification\",\"valueRequired\":true,\"valueName\":\"search_term_string\"}}],\"inLanguage\":\"es\"},{\"@type\":\"Organization\",\"@id\":\"https:\\\/\\\/www.ilip.it\\\/es\\\/#organization\",\"name\":\"Ilip S.r.l.\",\"url\":\"https:\\\/\\\/www.ilip.it\\\/es\\\/\",\"logo\":{\"@type\":\"ImageObject\",\"inLanguage\":\"es\",\"@id\":\"https:\\\/\\\/www.ilip.it\\\/es\\\/#\\\/schema\\\/logo\\\/image\\\/\",\"url\":\"https:\\\/\\\/www.ilip.it\\\/wp-content\\\/uploads\\\/2018\\\/01\\\/ilip-srl-passion-for-packaging-logo.png\",\"contentUrl\":\"https:\\\/\\\/www.ilip.it\\\/wp-content\\\/uploads\\\/2018\\\/01\\\/ilip-srl-passion-for-packaging-logo.png\",\"width\":180,\"height\":130,\"caption\":\"Ilip S.r.l.\"},\"image\":{\"@id\":\"https:\\\/\\\/www.ilip.it\\\/es\\\/#\\\/schema\\\/logo\\\/image\\\/\"}}]}<\/script>\n<!-- \/ Yoast SEO plugin. -->","yoast_head_json":{"title":"SmartRiPE\u00ae - ILIP S.r.l. Passion for Packaging","description":"SmartRiPE\u00ae su ILIP S.r.l. - Passion for Packaging","robots":{"index":"index","follow":"follow","max-snippet":"max-snippet:-1","max-image-preview":"max-image-preview:large","max-video-preview":"max-video-preview:-1"},"canonical":"https:\/\/www.ilip.it\/es\/innovacion\/smartripe\/","og_locale":"es_ES","og_type":"article","og_title":"SmartRiPE\u00ae - ILIP S.r.l. Passion for Packaging","og_description":"SmartRiPE\u00ae su ILIP S.r.l. - Passion for Packaging","og_url":"https:\/\/www.ilip.it\/es\/innovacion\/smartripe\/","og_site_name":"ILIP S.r.l.","article_modified_time":"2024-10-18T15:51:28+00:00","og_image":[{"width":600,"height":600,"url":"https:\/\/www.ilip.it\/wp-content\/uploads\/2020\/01\/smart-ripe-avocado-2.jpg","type":"image\/jpeg"}],"twitter_card":"summary_large_image","twitter_misc":{"Tiempo de lectura":"3 minutos"},"schema":{"@context":"https:\/\/schema.org","@graph":[{"@type":"WebPage","@id":"https:\/\/www.ilip.it\/es\/innovacion\/smartripe\/","url":"https:\/\/www.ilip.it\/es\/innovacion\/smartripe\/","name":"SmartRiPE\u00ae - ILIP S.r.l. Passion for Packaging","isPartOf":{"@id":"https:\/\/www.ilip.it\/es\/#website"},"primaryImageOfPage":{"@id":"https:\/\/www.ilip.it\/es\/innovacion\/smartripe\/#primaryimage"},"image":{"@id":"https:\/\/www.ilip.it\/es\/innovacion\/smartripe\/#primaryimage"},"thumbnailUrl":"https:\/\/www.ilip.it\/wp-content\/uploads\/2020\/01\/smart-ripe-avocado-2.jpg","datePublished":"2020-10-14T08:49:40+00:00","dateModified":"2024-10-18T15:51:28+00:00","description":"SmartRiPE\u00ae su ILIP S.r.l. - Passion for Packaging","breadcrumb":{"@id":"https:\/\/www.ilip.it\/es\/innovacion\/smartripe\/#breadcrumb"},"inLanguage":"es","potentialAction":[{"@type":"ReadAction","target":["https:\/\/www.ilip.it\/es\/innovacion\/smartripe\/"]}]},{"@type":"ImageObject","inLanguage":"es","@id":"https:\/\/www.ilip.it\/es\/innovacion\/smartripe\/#primaryimage","url":"https:\/\/www.ilip.it\/wp-content\/uploads\/2020\/01\/smart-ripe-avocado-2.jpg","contentUrl":"https:\/\/www.ilip.it\/wp-content\/uploads\/2020\/01\/smart-ripe-avocado-2.jpg","width":600,"height":600,"caption":"Smart Ripe Avocado Confezionato"},{"@type":"BreadcrumbList","@id":"https:\/\/www.ilip.it\/es\/innovacion\/smartripe\/#breadcrumb","itemListElement":[{"@type":"ListItem","position":1,"name":"Home","item":"https:\/\/www.ilip.it\/es\/"},{"@type":"ListItem","position":2,"name":"Innovaci\u00f3n","item":"https:\/\/www.ilip.it\/es\/innovacion\/"},{"@type":"ListItem","position":3,"name":"SmartRiPE\u00ae"}]},{"@type":"WebSite","@id":"https:\/\/www.ilip.it\/es\/#website","url":"https:\/\/www.ilip.it\/es\/","name":"ILIP S.r.l.","description":"Passion for packaging","publisher":{"@id":"https:\/\/www.ilip.it\/es\/#organization"},"potentialAction":[{"@type":"SearchAction","target":{"@type":"EntryPoint","urlTemplate":"https:\/\/www.ilip.it\/es\/?s={search_term_string}"},"query-input":{"@type":"PropertyValueSpecification","valueRequired":true,"valueName":"search_term_string"}}],"inLanguage":"es"},{"@type":"Organization","@id":"https:\/\/www.ilip.it\/es\/#organization","name":"Ilip S.r.l.","url":"https:\/\/www.ilip.it\/es\/","logo":{"@type":"ImageObject","inLanguage":"es","@id":"https:\/\/www.ilip.it\/es\/#\/schema\/logo\/image\/","url":"https:\/\/www.ilip.it\/wp-content\/uploads\/2018\/01\/ilip-srl-passion-for-packaging-logo.png","contentUrl":"https:\/\/www.ilip.it\/wp-content\/uploads\/2018\/01\/ilip-srl-passion-for-packaging-logo.png","width":180,"height":130,"caption":"Ilip S.r.l."},"image":{"@id":"https:\/\/www.ilip.it\/es\/#\/schema\/logo\/image\/"}}]}},"_links":{"self":[{"href":"https:\/\/www.ilip.it\/es\/wp-json\/wp\/v2\/pages\/5255","targetHints":{"allow":["GET"]}}],"collection":[{"href":"https:\/\/www.ilip.it\/es\/wp-json\/wp\/v2\/pages"}],"about":[{"href":"https:\/\/www.ilip.it\/es\/wp-json\/wp\/v2\/types\/page"}],"author":[{"embeddable":true,"href":"https:\/\/www.ilip.it\/es\/wp-json\/wp\/v2\/users\/1"}],"replies":[{"embeddable":true,"href":"https:\/\/www.ilip.it\/es\/wp-json\/wp\/v2\/comments?post=5255"}],"version-history":[{"count":9,"href":"https:\/\/www.ilip.it\/es\/wp-json\/wp\/v2\/pages\/5255\/revisions"}],"predecessor-version":[{"id":30813,"href":"https:\/\/www.ilip.it\/es\/wp-json\/wp\/v2\/pages\/5255\/revisions\/30813"}],"up":[{"embeddable":true,"href":"https:\/\/www.ilip.it\/es\/wp-json\/wp\/v2\/pages\/5271"}],"wp:featuredmedia":[{"embeddable":true,"href":"https:\/\/www.ilip.it\/es\/wp-json\/wp\/v2\/media\/3499"}],"wp:attachment":[{"href":"https:\/\/www.ilip.it\/es\/wp-json\/wp\/v2\/media?parent=5255"}],"curies":[{"name":"wp","href":"https:\/\/api.w.org\/{rel}","templated":true}]}}