{"id":24939,"date":"2023-09-21T17:36:07","date_gmt":"2023-09-21T15:36:07","guid":{"rendered":"https:\/\/web.ilip.it\/?page_id=24939"},"modified":"2025-05-22T14:38:50","modified_gmt":"2025-05-22T12:38:50","slug":"recursos-renovables","status":"publish","type":"page","link":"https:\/\/www.ilip.it\/es\/sostenibilidad\/recursos-renovables\/","title":{"rendered":"Recursos Renovables"},"content":{"rendered":"<div class=\"wpb-content-wrapper\"><p>[vc_row full_width=\u00bbstretch_row\u00bb content_placement=\u00bbmiddle\u00bb css=\u00bb.vc_custom_1695984034891{padding-top: 2em !important;padding-bottom: 2em !important;}\u00bb][vc_column width=\u00bb5\/6&#8243; offset=\u00bbvc_col-lg-5 vc_col-sm-offset-1&#8243; el_class=\u00bbpt-lg-0 pt-4 order-lg-1 order-2&#8243;][vc_single_image image=\u00bb24707&#8243; img_size=\u00bbfull\u00bb alignment=\u00bbcenter\u00bb][\/vc_column][vc_column css_animation=\u00bbright-to-left\u00bb width=\u00bb5\/6&#8243; el_class=\u00bbbackground-linear-gradient-azure shadow-inside order-lg-2 order-1 rounded\u00bb offset=\u00bbvc_col-lg-4 vc_col-sm-offset-1&#8243; css=\u00bb.vc_custom_1696250752373{padding-top: 2em !important;padding-right: 2em !important;padding-bottom: 2em !important;padding-left: 2em !important;}\u00bb]<h2 class=\"deco-title sinistra \"><span>ILIP BIO<\/span><\/h2>[vc_column_text]Los recursos renovables como los biopl\u00e1sticos son unas alternativas v\u00e1lidas a los pol\u00edmeros f\u00f3siles. Por este motivo muchos productos de nuestro surtido se realizan con PLA y Mater-Bi\u00ae y son compostables y biodegradables.<\/p>\n<p>Desde 2002 hemos estado usando biopl\u00e1sticos para producir vajillas desechables y de embalajes para gastronom\u00eda y envases de frutas y verduras. <strong>Todos nuestros art\u00edculos son certificados compostables y cumplen con la NORMA EUROPEA EN 13432<\/strong>. La vida \u00fatil de estos productos termina en reciclaje org\u00e1nico (compostaje cuando sea apropiado y disponible) y el resultado de este proceso es el compost.[\/vc_column_text]<div class=\"button-wrapper sinistra\"><a class=\"btn btn-default \" href=\"https:\/\/www.ilip.it\/es\/productos\/food-service-packaging\/ilipbio\/\" title=\"IlipBio\">Descubre IlipBio<\/a><\/div>[\/vc_column][\/vc_row][vc_row full_width=\u00bbstretch_row_content\u00bb content_placement=\u00bbmiddle\u00bb css=\u00bb.vc_custom_1695984195597{padding-top: 4em !important;padding-bottom: 4em !important;background-image: url(https:\/\/www.ilip.it\/wp-content\/uploads\/2021\/01\/foresta-sfondo-low.jpg?id=6331) !important;background-position: center !important;background-repeat: no-repeat !important;background-size: cover !important;}\u00bb][vc_column css_animation=\u00bbleft-to-right\u00bb width=\u00bb5\/6&#8243; el_class=\u00bbbackground-linear-gradient-grey-vertical shadow-inside\u00bb css=\u00bb.vc_custom_1695801913833{margin-top: 3em !important;margin-bottom: 3em !important;padding-top: 1em !important;padding-right: 1em !important;padding-bottom: 1em !important;padding-left: 1em !important;}\u00bb offset=\u00bbvc_col-lg-4 vc_col-sm-offset-1&#8243;]<h2 class=\"deco-title sinistra \"><span>FIBRAWARE<\/span><\/h2>[vc_column_text css=\u00bb\u00bb]Presentamos <b>Fibraware\u00ae<\/b>, una gama completa de vajillas y recipientes fabricados con fibras naturales como pasta, cart\u00f3n y madera procedentes de bosques certificados. La gama incluye platos, vasos, cubiertos y bandejas biodegradables, compostables y reciclables. Adem\u00e1s, se ofrecen productos de cart\u00f3n <b>personalizables<\/b> para realzar la marca.[\/vc_column_text]<div class=\"button-wrapper sinistra\"><a class=\"btn btn-default \" href=\"https:\/\/www.ilip.it\/es\/productos\/food-service-packaging\/fibraware\/\" title=\"Descubra la gama Fibraware\u00ae\">Descubra la gama Fibraware\u00ae<\/a><\/div><div class=\"button-wrapper sinistra\"><a class=\"btn btn-default mt-2\" href=\"https:\/\/www.ilip.it\/es\/productos\/food-service-packaging\/fibraware-personalizzato\/\" title=\"Descubra la gama Custom Fibraware\u00ae\">Descubra la gama Custom Fibraware\u00ae<\/a><\/div>[\/vc_column][vc_column width=\u00bb5\/6&#8243; offset=\u00bbvc_col-lg-5 vc_col-sm-offset-1&#8243;][vc_row_inner][vc_column_inner width=\u00bb1\/6&#8243;][\/vc_column_inner][vc_column_inner width=\u00bb2\/3&#8243;][vc_single_image image=\u00bb10436&#8243; img_size=\u00bbfull\u00bb alignment=\u00bbcenter\u00bb el_class=\u00bbrounded-bg-white shadow-inside-widget\u00bb][vc_single_image image=\u00bb42064&#8243; img_size=\u00bbfull\u00bb alignment=\u00bbcenter\u00bb css=\u00bb\u00bb el_class=\u00bbrounded-bg-white shadow-inside-widget\u00bb][\/vc_column_inner][vc_column_inner width=\u00bb1\/6&#8243;][\/vc_column_inner][\/vc_row_inner][\/vc_column][\/vc_row][vc_row full_width=\u00bbstretch_row\u00bb content_placement=\u00bbmiddle\u00bb css=\u00bb.vc_custom_1695995779234{padding-top: 6em !important;padding-bottom: 6em !important;}\u00bb el_class=\u00bbbg-green-linear\u00bb][vc_column width=\u00bb1\/2&#8243;]<h2 class=\"deco-title sinistra text-white mt-0\" style=\"font-weight:400;\"><span><strong>Si desea conocer m\u00e1s sobre las caracter\u00edsticas de los productos<\/strong> ILIP BIO &amp; FIBRAWARE?<\/span><\/h2>[vc_column_text el_class=\u00bbtext-white text-bigger\u00bb]<strong>Lea el manual IlipBio &amp; Fibraware for the Environment (en ingl\u00e9s).<\/strong>[\/vc_column_text]<div class=\"button-wrapper sinistra pdf-lightbox\" data-nodwn=\"true\"  data-pdf=\"\/wp-content\/uploads\/2023\/04\/MANUALE_NUOVO_IlipBio-Fibraware_ITA_20230411.pdf\" data-key=\"manuale\"><a class=\"btn btn-default btn-lg ongreen trigger-button\" href=\"\/wp-content\/uploads\/2023\/04\/MANUALE_NUOVO_IlipBio-Fibraware_ITA_20230411.pdf\"  title=\"Manuale ILIP Bio &amp; FibrAware per l'ambiente\"><i class=\"fas fas fa-file-pdf\"><\/i> IlipBio &amp; Fibraware for the Environment<\/a><\/div>[\/vc_column][vc_column css_animation=\u00bbappear\u00bb width=\u00bb1\/4&#8243;][vc_single_image image=\u00bb439&#8243; img_size=\u00bbfull\u00bb alignment=\u00bbcenter\u00bb][\/vc_column][vc_column css_animation=\u00bbappear\u00bb width=\u00bb1\/4&#8243;][vc_single_image image=\u00bb24718&#8243; img_size=\u00bbfull\u00bb alignment=\u00bbcenter\u00bb][\/vc_column][\/vc_row][vc_row full_width=\u00bbstretch_row\u00bb content_placement=\u00bbmiddle\u00bb css=\u00bb.vc_custom_1695984345775{padding-top: 4em !important;padding-bottom: 4em !important;}\u00bb][vc_column width=\u00bb5\/6&#8243; offset=\u00bbvc_col-lg-offset-0 vc_col-lg-6 vc_col-sm-offset-1&#8243; el_class=\u00bborder-lg-1 order-2&#8243;][vc_video link=\u00bbhttps:\/\/www.youtube.com\/watch?v=LeKY6pAQogA\u00bb align=\u00bbcenter\u00bb][\/vc_column][vc_column css_animation=\u00bbright-to-left\u00bb width=\u00bb5\/6&#8243; el_class=\u00bbbackground-linear-gradient-grey-vertical shadow-inside order-lg-2 order-1&#8243; css=\u00bb.vc_custom_1695984422746{padding-top: 2em !important;padding-right: 2em !important;padding-bottom: 2em !important;padding-left: 2em !important;}\u00bb offset=\u00bbvc_col-lg-5 vc_col-sm-offset-1&#8243;]<h2 class=\"deco-title sinistra \"><span>El Consorcio <strong>Biorepack<\/strong><\/span><\/h2>[vc_column_text]Mira el video institucional de <a href=\"https:\/\/biorepack.org\/\">Biorepack<\/a> (Consorcio Nacional para el reciclaje org\u00e1nico de envases pl\u00e1sticos biodegradables y compostables) sobre envases compostables[\/vc_column_text][\/vc_column][\/vc_row]<\/p>\n<\/div>","protected":false},"excerpt":{"rendered":"<p>[vc_row full_width=\u00bbstretch_row\u00bb content_placement=\u00bbmiddle\u00bb css=\u00bb.vc_custom_1695984034891{padding-top: 2em !important;padding-bottom: 2em !important;}\u00bb][vc_column width=\u00bb5\/6&#8243; offset=\u00bbvc_col-lg-5 vc_col-sm-offset-1&#8243; el_class=\u00bbpt-lg-0 pt-4 order-lg-1 order-2&#8243;][vc_single_image image=\u00bb24707&#8243; img_size=\u00bbfull\u00bb alignment=\u00bbcenter\u00bb][\/vc_column][vc_column css_animation=\u00bbright-to-left\u00bb width=\u00bb5\/6&#8243; el_class=\u00bbbackground-linear-gradient-azure shadow-inside order-lg-2 order-1 rounded\u00bb offset=\u00bbvc_col-lg-4 vc_col-sm-offset-1&#8243; css=\u00bb.vc_custom_1696250752373{padding-top: 2em !important;padding-right: 2em !important;padding-bottom: 2em !important;padding-left: 2em !important;}\u00bb][vc_column_text]Los recursos renovables como los biopl\u00e1sticos son unas alternativas v\u00e1lidas a los pol\u00edmeros f\u00f3siles. Por este motivo muchos productos de [&hellip;]<\/p>\n","protected":false},"author":1,"featured_media":15015,"parent":1566,"menu_order":0,"comment_status":"closed","ping_status":"closed","template":"","meta":{"_acf_changed":false,"footnotes":""},"class_list":["post-24939","page","type-page","status-publish","has-post-thumbnail","hentry"],"acf":[],"yoast_head":"<!-- This site is optimized with the Yoast SEO plugin v27.5 - https:\/\/yoast.com\/product\/yoast-seo-wordpress\/ -->\n<title>Recursos Renovables - ILIP S.r.l. Passion for Packaging<\/title>\n<meta name=\"description\" content=\"Recursos Renovables su ILIP S.r.l. - Passion for Packaging\" \/>\n<meta name=\"robots\" content=\"index, follow, max-snippet:-1, max-image-preview:large, max-video-preview:-1\" \/>\n<link rel=\"canonical\" href=\"https:\/\/www.ilip.it\/es\/sostenibilidad\/recursos-renovables\/\" \/>\n<meta property=\"og:locale\" content=\"es_ES\" \/>\n<meta property=\"og:type\" content=\"article\" \/>\n<meta property=\"og:title\" content=\"Recursos Renovables - ILIP S.r.l. Passion for Packaging\" \/>\n<meta property=\"og:description\" content=\"Recursos Renovables su ILIP S.r.l. - Passion for Packaging\" \/>\n<meta property=\"og:url\" content=\"https:\/\/www.ilip.it\/es\/sostenibilidad\/recursos-renovables\/\" \/>\n<meta property=\"og:site_name\" content=\"ILIP S.r.l.\" \/>\n<meta property=\"article:modified_time\" content=\"2025-05-22T12:38:50+00:00\" \/>\n<meta property=\"og:image\" content=\"https:\/\/www.ilip.it\/wp-content\/uploads\/2022\/04\/Piatto-Fibraware-Ilip.png\" \/>\n\t<meta property=\"og:image:width\" content=\"789\" \/>\n\t<meta property=\"og:image:height\" content=\"798\" \/>\n\t<meta property=\"og:image:type\" content=\"image\/png\" \/>\n<meta name=\"twitter:card\" content=\"summary_large_image\" \/>\n<meta name=\"twitter:label1\" content=\"Tiempo de lectura\" \/>\n\t<meta name=\"twitter:data1\" content=\"3 minutos\" \/>\n<script type=\"application\/ld+json\" class=\"yoast-schema-graph\">{\"@context\":\"https:\\\/\\\/schema.org\",\"@graph\":[{\"@type\":\"WebPage\",\"@id\":\"https:\\\/\\\/www.ilip.it\\\/es\\\/sostenibilidad\\\/recursos-renovables\\\/\",\"url\":\"https:\\\/\\\/www.ilip.it\\\/es\\\/sostenibilidad\\\/recursos-renovables\\\/\",\"name\":\"Recursos Renovables - ILIP S.r.l. Passion for Packaging\",\"isPartOf\":{\"@id\":\"https:\\\/\\\/www.ilip.it\\\/es\\\/#website\"},\"primaryImageOfPage\":{\"@id\":\"https:\\\/\\\/www.ilip.it\\\/es\\\/sostenibilidad\\\/recursos-renovables\\\/#primaryimage\"},\"image\":{\"@id\":\"https:\\\/\\\/www.ilip.it\\\/es\\\/sostenibilidad\\\/recursos-renovables\\\/#primaryimage\"},\"thumbnailUrl\":\"https:\\\/\\\/www.ilip.it\\\/wp-content\\\/uploads\\\/2022\\\/04\\\/Piatto-Fibraware-Ilip.png\",\"datePublished\":\"2023-09-21T15:36:07+00:00\",\"dateModified\":\"2025-05-22T12:38:50+00:00\",\"description\":\"Recursos Renovables su ILIP S.r.l. - Passion for Packaging\",\"breadcrumb\":{\"@id\":\"https:\\\/\\\/www.ilip.it\\\/es\\\/sostenibilidad\\\/recursos-renovables\\\/#breadcrumb\"},\"inLanguage\":\"es\",\"potentialAction\":[{\"@type\":\"ReadAction\",\"target\":[\"https:\\\/\\\/www.ilip.it\\\/es\\\/sostenibilidad\\\/recursos-renovables\\\/\"]}]},{\"@type\":\"ImageObject\",\"inLanguage\":\"es\",\"@id\":\"https:\\\/\\\/www.ilip.it\\\/es\\\/sostenibilidad\\\/recursos-renovables\\\/#primaryimage\",\"url\":\"https:\\\/\\\/www.ilip.it\\\/wp-content\\\/uploads\\\/2022\\\/04\\\/Piatto-Fibraware-Ilip.png\",\"contentUrl\":\"https:\\\/\\\/www.ilip.it\\\/wp-content\\\/uploads\\\/2022\\\/04\\\/Piatto-Fibraware-Ilip.png\",\"width\":789,\"height\":798},{\"@type\":\"BreadcrumbList\",\"@id\":\"https:\\\/\\\/www.ilip.it\\\/es\\\/sostenibilidad\\\/recursos-renovables\\\/#breadcrumb\",\"itemListElement\":[{\"@type\":\"ListItem\",\"position\":1,\"name\":\"Home\",\"item\":\"https:\\\/\\\/www.ilip.it\\\/es\\\/\"},{\"@type\":\"ListItem\",\"position\":2,\"name\":\"Sostenibilidad\",\"item\":\"https:\\\/\\\/www.ilip.it\\\/es\\\/sostenibilidad\\\/\"},{\"@type\":\"ListItem\",\"position\":3,\"name\":\"Recursos Renovables\"}]},{\"@type\":\"WebSite\",\"@id\":\"https:\\\/\\\/www.ilip.it\\\/es\\\/#website\",\"url\":\"https:\\\/\\\/www.ilip.it\\\/es\\\/\",\"name\":\"ILIP S.r.l.\",\"description\":\"Passion for packaging\",\"publisher\":{\"@id\":\"https:\\\/\\\/www.ilip.it\\\/es\\\/#organization\"},\"potentialAction\":[{\"@type\":\"SearchAction\",\"target\":{\"@type\":\"EntryPoint\",\"urlTemplate\":\"https:\\\/\\\/www.ilip.it\\\/es\\\/?s={search_term_string}\"},\"query-input\":{\"@type\":\"PropertyValueSpecification\",\"valueRequired\":true,\"valueName\":\"search_term_string\"}}],\"inLanguage\":\"es\"},{\"@type\":\"Organization\",\"@id\":\"https:\\\/\\\/www.ilip.it\\\/es\\\/#organization\",\"name\":\"Ilip S.r.l.\",\"url\":\"https:\\\/\\\/www.ilip.it\\\/es\\\/\",\"logo\":{\"@type\":\"ImageObject\",\"inLanguage\":\"es\",\"@id\":\"https:\\\/\\\/www.ilip.it\\\/es\\\/#\\\/schema\\\/logo\\\/image\\\/\",\"url\":\"https:\\\/\\\/www.ilip.it\\\/wp-content\\\/uploads\\\/2018\\\/01\\\/ilip-srl-passion-for-packaging-logo.png\",\"contentUrl\":\"https:\\\/\\\/www.ilip.it\\\/wp-content\\\/uploads\\\/2018\\\/01\\\/ilip-srl-passion-for-packaging-logo.png\",\"width\":180,\"height\":130,\"caption\":\"Ilip S.r.l.\"},\"image\":{\"@id\":\"https:\\\/\\\/www.ilip.it\\\/es\\\/#\\\/schema\\\/logo\\\/image\\\/\"}}]}<\/script>\n<!-- \/ Yoast SEO plugin. -->","yoast_head_json":{"title":"Recursos Renovables - ILIP S.r.l. Passion for Packaging","description":"Recursos Renovables su ILIP S.r.l. - Passion for Packaging","robots":{"index":"index","follow":"follow","max-snippet":"max-snippet:-1","max-image-preview":"max-image-preview:large","max-video-preview":"max-video-preview:-1"},"canonical":"https:\/\/www.ilip.it\/es\/sostenibilidad\/recursos-renovables\/","og_locale":"es_ES","og_type":"article","og_title":"Recursos Renovables - ILIP S.r.l. Passion for Packaging","og_description":"Recursos Renovables su ILIP S.r.l. - Passion for Packaging","og_url":"https:\/\/www.ilip.it\/es\/sostenibilidad\/recursos-renovables\/","og_site_name":"ILIP S.r.l.","article_modified_time":"2025-05-22T12:38:50+00:00","og_image":[{"width":789,"height":798,"url":"https:\/\/www.ilip.it\/wp-content\/uploads\/2022\/04\/Piatto-Fibraware-Ilip.png","type":"image\/png"}],"twitter_card":"summary_large_image","twitter_misc":{"Tiempo de lectura":"3 minutos"},"schema":{"@context":"https:\/\/schema.org","@graph":[{"@type":"WebPage","@id":"https:\/\/www.ilip.it\/es\/sostenibilidad\/recursos-renovables\/","url":"https:\/\/www.ilip.it\/es\/sostenibilidad\/recursos-renovables\/","name":"Recursos Renovables - ILIP S.r.l. Passion for Packaging","isPartOf":{"@id":"https:\/\/www.ilip.it\/es\/#website"},"primaryImageOfPage":{"@id":"https:\/\/www.ilip.it\/es\/sostenibilidad\/recursos-renovables\/#primaryimage"},"image":{"@id":"https:\/\/www.ilip.it\/es\/sostenibilidad\/recursos-renovables\/#primaryimage"},"thumbnailUrl":"https:\/\/www.ilip.it\/wp-content\/uploads\/2022\/04\/Piatto-Fibraware-Ilip.png","datePublished":"2023-09-21T15:36:07+00:00","dateModified":"2025-05-22T12:38:50+00:00","description":"Recursos Renovables su ILIP S.r.l. - Passion for Packaging","breadcrumb":{"@id":"https:\/\/www.ilip.it\/es\/sostenibilidad\/recursos-renovables\/#breadcrumb"},"inLanguage":"es","potentialAction":[{"@type":"ReadAction","target":["https:\/\/www.ilip.it\/es\/sostenibilidad\/recursos-renovables\/"]}]},{"@type":"ImageObject","inLanguage":"es","@id":"https:\/\/www.ilip.it\/es\/sostenibilidad\/recursos-renovables\/#primaryimage","url":"https:\/\/www.ilip.it\/wp-content\/uploads\/2022\/04\/Piatto-Fibraware-Ilip.png","contentUrl":"https:\/\/www.ilip.it\/wp-content\/uploads\/2022\/04\/Piatto-Fibraware-Ilip.png","width":789,"height":798},{"@type":"BreadcrumbList","@id":"https:\/\/www.ilip.it\/es\/sostenibilidad\/recursos-renovables\/#breadcrumb","itemListElement":[{"@type":"ListItem","position":1,"name":"Home","item":"https:\/\/www.ilip.it\/es\/"},{"@type":"ListItem","position":2,"name":"Sostenibilidad","item":"https:\/\/www.ilip.it\/es\/sostenibilidad\/"},{"@type":"ListItem","position":3,"name":"Recursos Renovables"}]},{"@type":"WebSite","@id":"https:\/\/www.ilip.it\/es\/#website","url":"https:\/\/www.ilip.it\/es\/","name":"ILIP S.r.l.","description":"Passion for packaging","publisher":{"@id":"https:\/\/www.ilip.it\/es\/#organization"},"potentialAction":[{"@type":"SearchAction","target":{"@type":"EntryPoint","urlTemplate":"https:\/\/www.ilip.it\/es\/?s={search_term_string}"},"query-input":{"@type":"PropertyValueSpecification","valueRequired":true,"valueName":"search_term_string"}}],"inLanguage":"es"},{"@type":"Organization","@id":"https:\/\/www.ilip.it\/es\/#organization","name":"Ilip S.r.l.","url":"https:\/\/www.ilip.it\/es\/","logo":{"@type":"ImageObject","inLanguage":"es","@id":"https:\/\/www.ilip.it\/es\/#\/schema\/logo\/image\/","url":"https:\/\/www.ilip.it\/wp-content\/uploads\/2018\/01\/ilip-srl-passion-for-packaging-logo.png","contentUrl":"https:\/\/www.ilip.it\/wp-content\/uploads\/2018\/01\/ilip-srl-passion-for-packaging-logo.png","width":180,"height":130,"caption":"Ilip S.r.l."},"image":{"@id":"https:\/\/www.ilip.it\/es\/#\/schema\/logo\/image\/"}}]}},"_links":{"self":[{"href":"https:\/\/www.ilip.it\/es\/wp-json\/wp\/v2\/pages\/24939","targetHints":{"allow":["GET"]}}],"collection":[{"href":"https:\/\/www.ilip.it\/es\/wp-json\/wp\/v2\/pages"}],"about":[{"href":"https:\/\/www.ilip.it\/es\/wp-json\/wp\/v2\/types\/page"}],"author":[{"embeddable":true,"href":"https:\/\/www.ilip.it\/es\/wp-json\/wp\/v2\/users\/1"}],"replies":[{"embeddable":true,"href":"https:\/\/www.ilip.it\/es\/wp-json\/wp\/v2\/comments?post=24939"}],"version-history":[{"count":11,"href":"https:\/\/www.ilip.it\/es\/wp-json\/wp\/v2\/pages\/24939\/revisions"}],"predecessor-version":[{"id":42069,"href":"https:\/\/www.ilip.it\/es\/wp-json\/wp\/v2\/pages\/24939\/revisions\/42069"}],"up":[{"embeddable":true,"href":"https:\/\/www.ilip.it\/es\/wp-json\/wp\/v2\/pages\/1566"}],"wp:featuredmedia":[{"embeddable":true,"href":"https:\/\/www.ilip.it\/es\/wp-json\/wp\/v2\/media\/15015"}],"wp:attachment":[{"href":"https:\/\/www.ilip.it\/es\/wp-json\/wp\/v2\/media?parent=24939"}],"curies":[{"name":"wp","href":"https:\/\/api.w.org\/{rel}","templated":true}]}}