{"id":24937,"date":"2023-09-21T17:35:46","date_gmt":"2023-09-21T15:35:46","guid":{"rendered":"https:\/\/web.ilip.it\/?page_id=24937"},"modified":"2026-04-27T11:09:57","modified_gmt":"2026-04-27T09:09:57","slug":"reciclar","status":"publish","type":"page","link":"https:\/\/www.ilip.it\/es\/sostenibilidad\/reciclar\/","title":{"rendered":"Reciclar"},"content":{"rendered":"<div class=\"wpb-content-wrapper\"><p>[vc_row full_width=\u00bbstretch_row_content_no_spaces\u00bb content_placement=\u00bbmiddle\u00bb css=\u00bb.vc_custom_1695636269651{background-color: #efefef !important;}\u00bb][vc_column width=\u00bb5\/6&#8243; offset=\u00bbvc_col-lg-5 vc_col-sm-offset-1&#8243; el_class=\u00bborder-lg-1 order-2&#8243;][vc_row_inner][vc_column_inner width=\u00bb1\/4&#8243;][\/vc_column_inner][vc_column_inner width=\u00bb1\/2&#8243;]<div class=\"generic-block sinistra no-shadow\">\n\t\t\t<div class=\"generic-block-image autosquare\" data-delta=\"1\" style=\"background-image:url('https:\/\/www.ilip.it\/wp-content\/uploads\/2021\/12\/Ilip-Closed-Loop-T2T-logo_R-1.png');\"><img decoding=\"async\" src=\"https:\/\/www.ilip.it\/wp-content\/uploads\/2021\/12\/Ilip-Closed-Loop-T2T-logo_R-1.png\" alt=\"\" \/><\/div>\n\t\t<\/div>[\/vc_column_inner][vc_column_inner width=\u00bb1\/4&#8243;][\/vc_column_inner][\/vc_row_inner][\/vc_column][vc_column css_animation=\u00bbright-to-left\u00bb width=\u00bb5\/6&#8243; el_class=\u00bbbackground-linear-gradient-azure shadow-inside order-lg-2 order-1&#8243; css=\u00bb.vc_custom_1695802004794{margin-top: 3em !important;margin-bottom: 3em !important;padding-top: 1em !important;padding-right: 1em !important;padding-bottom: 1em !important;padding-left: 1em !important;}\u00bb offset=\u00bbvc_col-lg-4 vc_col-sm-offset-1&#8243;]<h2 class=\"deco-title sinistra \"><span>Reciclar<\/span><\/h2>[vc_column_text css=\u00bb\u00bb]<strong>INTEGRACI\u00d3N VERTICAL DE R-PET: UN CIRCUITO CERRADO RESPETUOSO CON EL MEDIO AMBIENTE<\/strong><\/p>\n<p><strong>T2T R-PET\u00ae<\/strong> (acr\u00f3nimo de \u201ctray to tray\u201d de PET reciclado) representa la excelencia del Grupo ILPA en el reciclaje de bandejas y cestas alimentarias de PET postconsumo para convertirlas en nuevos embalajes para alimentos de R-PET. Este modelo de <strong>circuito cerrado<\/strong> se realiza no s\u00f3lo dentro del Grupo ILPA a trav\u00e9s de la <strong>integraci\u00f3n vertical de la cadena de suministro de R-PET<\/strong>, sino tambi\u00e9n a trav\u00e9s del reciclaje de envases para alimentos de PET postconsumo. <strong>Todos los envases de R-PET de ILIP se producen, no s\u00f3lo a partir de botellas recicladas, sino tambi\u00e9n de cestas y bandejas de PET reciclado<\/strong>.[\/vc_column_text][\/vc_column][\/vc_row][vc_row full_width=\u00bbstretch_row_content\u00bb content_placement=\u00bbmiddle\u00bb][vc_column css_animation=\u00bbleft-to-right\u00bb width=\u00bb5\/6&#8243; el_class=\u00bbbackground-linear-gradient-grey-vertical shadow-inside\u00bb css=\u00bb.vc_custom_1747927782436{margin-top: 3em !important;margin-bottom: 3em !important;padding-top: 1em !important;padding-right: 1em !important;padding-bottom: 1em !important;padding-left: 1em !important;}\u00bb offset=\u00bbvc_col-lg-5 vc_col-sm-offset-1&#8243;]<h2 class=\"deco-title sinistra \"><span>Grupo ILPA y el ciclo cerrado del R-PET<\/span><\/h2>[vc_column_text css=\u00bb\u00bb]El Grupo ILPA, del que forma parte ILIP, est\u00e1 a la vanguardia de la sostenibilidad y la <b>econom\u00eda circular <\/b>gracias a su circuito cerrado. ILPA cuenta con una <b>avanzada planta de reciclaje <\/b>en AMP Recycling, en Ferrara (Italia), certificada EuCertPlast y EuCertPlast Food, donde las botellas de PET posconsumo y los envases para alimentos se procesan mediante reciclaje mec\u00e1nico, obteniendo escamas de <b>segunda materia prima <\/b>seg\u00fan los principios de la econom\u00eda circular.<br \/>\nEl <b>proceso de descontaminaci\u00f3n, autorizado por la EFSA<\/b>, permite producir <b>R-PET Food Grade<\/b>, apto para el contacto directo con alimentos.<\/p>\n<p>Con una <b>capacidad anual de reciclaje de 60.000 toneladas de PET<\/b>, ILIP y las empresas del Grupo ILPA contribuyen a<\/p>\n<ul>\n<li>reducir el impacto medioambiental de los productos que reciclan y de los que producen<\/li>\n<li>al desarrollo de la econom\u00eda circular para los envases alimentarios<\/li>\n<li>alcanzar los objetivos italianos y europeos de reciclaje de envases de pl\u00e1stico<\/li>\n<\/ul>\n<p>[\/vc_column_text][\/vc_column][vc_column width=\u00bb5\/6&#8243; offset=\u00bbvc_col-lg-offset-0 vc_col-lg-6 vc_col-sm-offset-1&#8243; css=\u00bb.vc_custom_1747927844616{padding-top: 0px !important;}\u00bb]\t<script src=\"https:\/\/www.youtube.com\/iframe_api\"><\/script>\n\n\t\t\t\t<p class=\"rs-p-wp-fix\"><\/p>\n\t\t\t\t<sr7-module data-alias=\"economia-circolare-es\" data-id=\"9\" id=\"SR7_9_1\" data-version=\"7.0.11\">\n\t\t\t\t\t<sr7-adjuster><\/sr7-adjuster>\n\t\t\t\t\t<sr7-content>\n\t\t\t\t\t\t<sr7-slide id=\"SR7_9_1-78\" data-key=\"78\">\n\t\t\t\t\t\t<\/sr7-slide>\n\t\t\t\t\t\t<sr7-slide id=\"SR7_9_1-81\" data-key=\"81\">\n\t\t\t\t\t\t<\/sr7-slide>\n\t\t\t\t\t<\/sr7-content>\n\t\t\t\t\t<image_lists style=\"display:none\">\n\t\t\t\t\t\t<img data-src=\"\/\/www.ilip.it\/wp-content\/uploads\/2025\/04\/vynilwall_circular_economy.png\" data-libid=\"37360\" data-lib=\"medialibrary\" alt=\"ILPA Circula Economy\" title=\"ILPA Circula Economy\" width=\"0\" height=\"0\" data-dbsrc=\"Ly93d3cuaWxpcC5pdC93cC1jb250ZW50L3VwbG9hZHMvMjAyNS8wNC92eW5pbHdhbGxfY2lyY3VsYXJfZWNvbm9teS5wbmc=\"\/>\n\t\t\t\t\t<\/image_lists>\n\t\t\t\t<\/sr7-module>\n\t\t\t\t<script>\n\t\t\t\t\twindow.SR7??={}; SR7.PMH ??={}; SR7.PMH[\"SR7_9_1\"] = {cn:100,state:false,fn: function() { if (window._tpt!==undefined && window._tpt.prepareModuleHeight !== undefined) {  _tpt.prepareModuleHeight({id:\"SR7_9_1\",el:[900,900,768,960,720],type:'standard',gh:[900,900,743,565,349],gw:[1240,1240,1024,778,480],vpt:['-100px'],size:{fullWidth:false, fullHeight:false},mh:'0',onh:0,onw:0,bg:{color:'{\"orig\":\"transparent\",\"type\":\"solid\",\"string\":\"transparent\"}'}});   SR7.PMH[\"SR7_9_1\"].state=true;} else if(SR7.PMH[\"SR7_9_1\"].cn-->0)\tsetTimeout( SR7.PMH[\"SR7_9_1\"].fn,19);}};SR7.PMH[\"SR7_9_1\" ].fn();\n\t\t\t\t<\/script>\n[\/vc_column][\/vc_row][vc_row full_width=\u00bbstretch_row_content_no_spaces\u00bb content_placement=\u00bbmiddle\u00bb css=\u00bb.vc_custom_1695636318752{padding-top: 2em !important;padding-bottom: 2em !important;background-color: #90daeb !important;}\u00bb][vc_column width=\u00bb5\/6&#8243; offset=\u00bbvc_col-lg-5 vc_col-sm-offset-1&#8243; el_class=\u00bborder-lg-1 order-2&#8243;][vc_video link=\u00bbhttps:\/\/www.youtube.com\/watch?v=cvTGAPO4kVU\u00bb align=\u00bbcenter\u00bb][\/vc_column][vc_column css_animation=\u00bbright-to-left\u00bb width=\u00bb5\/6&#8243; el_class=\u00bbbackground-linear-gradient-grey-vertical shadow-inside order-lg-2 order-1&#8243; css=\u00bb.vc_custom_1695802018080{margin-top: 3em !important;margin-bottom: 3em !important;padding-top: 1em !important;padding-right: 1em !important;padding-bottom: 1em !important;padding-left: 1em !important;}\u00bb offset=\u00bbvc_col-lg-4 vc_col-sm-offset-1&#8243;]<h2 class=\"deco-title sinistra \"><span>COREPLA<\/span><\/h2>[vc_column_text]Vea el v\u00eddeo de <a href=\"https:\/\/www.corepla.it\/\">Corepla<\/a> (Consorcio Nacional para la Recogida, Reciclaje y Recuperaci\u00f3n de Envases de Pl\u00e1stico) sobre el reciclaje en circuito cerrado \u201cbandeja a bandeja\u201d.[\/vc_column_text][\/vc_column][\/vc_row]<\/p>\n<\/div>","protected":false},"excerpt":{"rendered":"<p>[vc_row full_width=\u00bbstretch_row_content_no_spaces\u00bb content_placement=\u00bbmiddle\u00bb css=\u00bb.vc_custom_1695636269651{background-color: #efefef !important;}\u00bb][vc_column width=\u00bb5\/6&#8243; offset=\u00bbvc_col-lg-5 vc_col-sm-offset-1&#8243; el_class=\u00bborder-lg-1 order-2&#8243;][vc_row_inner][vc_column_inner width=\u00bb1\/4&#8243;][\/vc_column_inner][vc_column_inner width=\u00bb1\/2&#8243;][\/vc_column_inner][vc_column_inner width=\u00bb1\/4&#8243;][\/vc_column_inner][\/vc_row_inner][\/vc_column][vc_column css_animation=\u00bbright-to-left\u00bb width=\u00bb5\/6&#8243; el_class=\u00bbbackground-linear-gradient-azure shadow-inside order-lg-2 order-1&#8243; css=\u00bb.vc_custom_1695802004794{margin-top: 3em !important;margin-bottom: 3em !important;padding-top: 1em !important;padding-right: 1em !important;padding-bottom: 1em !important;padding-left: 1em !important;}\u00bb offset=\u00bbvc_col-lg-4 vc_col-sm-offset-1&#8243;][vc_column_text css=\u00bb\u00bb]INTEGRACI\u00d3N VERTICAL DE R-PET: UN CIRCUITO CERRADO RESPETUOSO CON EL MEDIO AMBIENTE T2T R-PET\u00ae (acr\u00f3nimo de \u201ctray to tray\u201d de [&hellip;]<\/p>\n","protected":false},"author":1,"featured_media":24174,"parent":1566,"menu_order":0,"comment_status":"closed","ping_status":"closed","template":"","meta":{"_acf_changed":false,"rs_blank_template":"","rs_page_bg_color":"","slide_template_v7":"","footnotes":""},"class_list":["post-24937","page","type-page","status-publish","has-post-thumbnail","hentry"],"acf":[],"yoast_head":"<!-- This site is optimized with the Yoast SEO plugin v27.6 - https:\/\/yoast.com\/product\/yoast-seo-wordpress\/ -->\n<title>Reciclar - ILIP S.r.l. Passion for Packaging<\/title>\n<meta name=\"description\" content=\"Reciclar su ILIP S.r.l. - Passion for Packaging\" \/>\n<meta name=\"robots\" content=\"index, follow, max-snippet:-1, max-image-preview:large, max-video-preview:-1\" \/>\n<link rel=\"canonical\" href=\"https:\/\/www.ilip.it\/es\/sostenibilidad\/reciclar\/\" \/>\n<meta property=\"og:locale\" content=\"es_ES\" \/>\n<meta property=\"og:type\" content=\"article\" \/>\n<meta property=\"og:title\" content=\"Reciclar - ILIP S.r.l. Passion for Packaging\" \/>\n<meta property=\"og:description\" content=\"Reciclar su ILIP S.r.l. - Passion for Packaging\" \/>\n<meta property=\"og:url\" content=\"https:\/\/www.ilip.it\/es\/sostenibilidad\/reciclar\/\" \/>\n<meta property=\"og:site_name\" content=\"ILIP S.r.l.\" \/>\n<meta property=\"article:modified_time\" content=\"2026-04-27T09:09:57+00:00\" \/>\n<meta property=\"og:image\" content=\"https:\/\/www.ilip.it\/wp-content\/uploads\/2023\/09\/ilpa-closed-loop.png\" \/>\n\t<meta property=\"og:image:width\" content=\"500\" \/>\n\t<meta property=\"og:image:height\" content=\"500\" \/>\n\t<meta property=\"og:image:type\" content=\"image\/png\" \/>\n<meta name=\"twitter:card\" content=\"summary_large_image\" \/>\n<meta name=\"twitter:label1\" content=\"Tiempo de lectura\" \/>\n\t<meta name=\"twitter:data1\" content=\"3 minutos\" \/>\n<script type=\"application\/ld+json\" class=\"yoast-schema-graph\">{\"@context\":\"https:\\\/\\\/schema.org\",\"@graph\":[{\"@type\":\"WebPage\",\"@id\":\"https:\\\/\\\/www.ilip.it\\\/es\\\/sostenibilidad\\\/reciclar\\\/\",\"url\":\"https:\\\/\\\/www.ilip.it\\\/es\\\/sostenibilidad\\\/reciclar\\\/\",\"name\":\"Reciclar - ILIP S.r.l. Passion for Packaging\",\"isPartOf\":{\"@id\":\"https:\\\/\\\/www.ilip.it\\\/es\\\/#website\"},\"primaryImageOfPage\":{\"@id\":\"https:\\\/\\\/www.ilip.it\\\/es\\\/sostenibilidad\\\/reciclar\\\/#primaryimage\"},\"image\":{\"@id\":\"https:\\\/\\\/www.ilip.it\\\/es\\\/sostenibilidad\\\/reciclar\\\/#primaryimage\"},\"thumbnailUrl\":\"https:\\\/\\\/www.ilip.it\\\/wp-content\\\/uploads\\\/2023\\\/09\\\/ilpa-closed-loop.png\",\"datePublished\":\"2023-09-21T15:35:46+00:00\",\"dateModified\":\"2026-04-27T09:09:57+00:00\",\"description\":\"Reciclar su ILIP S.r.l. - Passion for Packaging\",\"breadcrumb\":{\"@id\":\"https:\\\/\\\/www.ilip.it\\\/es\\\/sostenibilidad\\\/reciclar\\\/#breadcrumb\"},\"inLanguage\":\"es\",\"potentialAction\":[{\"@type\":\"ReadAction\",\"target\":[\"https:\\\/\\\/www.ilip.it\\\/es\\\/sostenibilidad\\\/reciclar\\\/\"]}]},{\"@type\":\"ImageObject\",\"inLanguage\":\"es\",\"@id\":\"https:\\\/\\\/www.ilip.it\\\/es\\\/sostenibilidad\\\/reciclar\\\/#primaryimage\",\"url\":\"https:\\\/\\\/www.ilip.it\\\/wp-content\\\/uploads\\\/2023\\\/09\\\/ilpa-closed-loop.png\",\"contentUrl\":\"https:\\\/\\\/www.ilip.it\\\/wp-content\\\/uploads\\\/2023\\\/09\\\/ilpa-closed-loop.png\",\"width\":500,\"height\":500},{\"@type\":\"BreadcrumbList\",\"@id\":\"https:\\\/\\\/www.ilip.it\\\/es\\\/sostenibilidad\\\/reciclar\\\/#breadcrumb\",\"itemListElement\":[{\"@type\":\"ListItem\",\"position\":1,\"name\":\"Home\",\"item\":\"https:\\\/\\\/www.ilip.it\\\/es\\\/\"},{\"@type\":\"ListItem\",\"position\":2,\"name\":\"Sostenibilidad\",\"item\":\"https:\\\/\\\/www.ilip.it\\\/es\\\/sostenibilidad\\\/\"},{\"@type\":\"ListItem\",\"position\":3,\"name\":\"Reciclar\"}]},{\"@type\":\"WebSite\",\"@id\":\"https:\\\/\\\/www.ilip.it\\\/es\\\/#website\",\"url\":\"https:\\\/\\\/www.ilip.it\\\/es\\\/\",\"name\":\"ILIP S.r.l.\",\"description\":\"Passion for packaging\",\"publisher\":{\"@id\":\"https:\\\/\\\/www.ilip.it\\\/es\\\/#organization\"},\"potentialAction\":[{\"@type\":\"SearchAction\",\"target\":{\"@type\":\"EntryPoint\",\"urlTemplate\":\"https:\\\/\\\/www.ilip.it\\\/es\\\/?s={search_term_string}\"},\"query-input\":{\"@type\":\"PropertyValueSpecification\",\"valueRequired\":true,\"valueName\":\"search_term_string\"}}],\"inLanguage\":\"es\"},{\"@type\":\"Organization\",\"@id\":\"https:\\\/\\\/www.ilip.it\\\/es\\\/#organization\",\"name\":\"Ilip S.r.l.\",\"url\":\"https:\\\/\\\/www.ilip.it\\\/es\\\/\",\"logo\":{\"@type\":\"ImageObject\",\"inLanguage\":\"es\",\"@id\":\"https:\\\/\\\/www.ilip.it\\\/es\\\/#\\\/schema\\\/logo\\\/image\\\/\",\"url\":\"https:\\\/\\\/www.ilip.it\\\/wp-content\\\/uploads\\\/2018\\\/01\\\/ilip-srl-passion-for-packaging-logo.png\",\"contentUrl\":\"https:\\\/\\\/www.ilip.it\\\/wp-content\\\/uploads\\\/2018\\\/01\\\/ilip-srl-passion-for-packaging-logo.png\",\"width\":180,\"height\":130,\"caption\":\"Ilip S.r.l.\"},\"image\":{\"@id\":\"https:\\\/\\\/www.ilip.it\\\/es\\\/#\\\/schema\\\/logo\\\/image\\\/\"}}]}<\/script>\n<!-- \/ Yoast SEO plugin. -->","yoast_head_json":{"title":"Reciclar - ILIP S.r.l. Passion for Packaging","description":"Reciclar su ILIP S.r.l. - Passion for Packaging","robots":{"index":"index","follow":"follow","max-snippet":"max-snippet:-1","max-image-preview":"max-image-preview:large","max-video-preview":"max-video-preview:-1"},"canonical":"https:\/\/www.ilip.it\/es\/sostenibilidad\/reciclar\/","og_locale":"es_ES","og_type":"article","og_title":"Reciclar - ILIP S.r.l. Passion for Packaging","og_description":"Reciclar su ILIP S.r.l. - Passion for Packaging","og_url":"https:\/\/www.ilip.it\/es\/sostenibilidad\/reciclar\/","og_site_name":"ILIP S.r.l.","article_modified_time":"2026-04-27T09:09:57+00:00","og_image":[{"width":500,"height":500,"url":"https:\/\/www.ilip.it\/wp-content\/uploads\/2023\/09\/ilpa-closed-loop.png","type":"image\/png"}],"twitter_card":"summary_large_image","twitter_misc":{"Tiempo de lectura":"3 minutos"},"schema":{"@context":"https:\/\/schema.org","@graph":[{"@type":"WebPage","@id":"https:\/\/www.ilip.it\/es\/sostenibilidad\/reciclar\/","url":"https:\/\/www.ilip.it\/es\/sostenibilidad\/reciclar\/","name":"Reciclar - ILIP S.r.l. Passion for Packaging","isPartOf":{"@id":"https:\/\/www.ilip.it\/es\/#website"},"primaryImageOfPage":{"@id":"https:\/\/www.ilip.it\/es\/sostenibilidad\/reciclar\/#primaryimage"},"image":{"@id":"https:\/\/www.ilip.it\/es\/sostenibilidad\/reciclar\/#primaryimage"},"thumbnailUrl":"https:\/\/www.ilip.it\/wp-content\/uploads\/2023\/09\/ilpa-closed-loop.png","datePublished":"2023-09-21T15:35:46+00:00","dateModified":"2026-04-27T09:09:57+00:00","description":"Reciclar su ILIP S.r.l. - Passion for Packaging","breadcrumb":{"@id":"https:\/\/www.ilip.it\/es\/sostenibilidad\/reciclar\/#breadcrumb"},"inLanguage":"es","potentialAction":[{"@type":"ReadAction","target":["https:\/\/www.ilip.it\/es\/sostenibilidad\/reciclar\/"]}]},{"@type":"ImageObject","inLanguage":"es","@id":"https:\/\/www.ilip.it\/es\/sostenibilidad\/reciclar\/#primaryimage","url":"https:\/\/www.ilip.it\/wp-content\/uploads\/2023\/09\/ilpa-closed-loop.png","contentUrl":"https:\/\/www.ilip.it\/wp-content\/uploads\/2023\/09\/ilpa-closed-loop.png","width":500,"height":500},{"@type":"BreadcrumbList","@id":"https:\/\/www.ilip.it\/es\/sostenibilidad\/reciclar\/#breadcrumb","itemListElement":[{"@type":"ListItem","position":1,"name":"Home","item":"https:\/\/www.ilip.it\/es\/"},{"@type":"ListItem","position":2,"name":"Sostenibilidad","item":"https:\/\/www.ilip.it\/es\/sostenibilidad\/"},{"@type":"ListItem","position":3,"name":"Reciclar"}]},{"@type":"WebSite","@id":"https:\/\/www.ilip.it\/es\/#website","url":"https:\/\/www.ilip.it\/es\/","name":"ILIP S.r.l.","description":"Passion for packaging","publisher":{"@id":"https:\/\/www.ilip.it\/es\/#organization"},"potentialAction":[{"@type":"SearchAction","target":{"@type":"EntryPoint","urlTemplate":"https:\/\/www.ilip.it\/es\/?s={search_term_string}"},"query-input":{"@type":"PropertyValueSpecification","valueRequired":true,"valueName":"search_term_string"}}],"inLanguage":"es"},{"@type":"Organization","@id":"https:\/\/www.ilip.it\/es\/#organization","name":"Ilip S.r.l.","url":"https:\/\/www.ilip.it\/es\/","logo":{"@type":"ImageObject","inLanguage":"es","@id":"https:\/\/www.ilip.it\/es\/#\/schema\/logo\/image\/","url":"https:\/\/www.ilip.it\/wp-content\/uploads\/2018\/01\/ilip-srl-passion-for-packaging-logo.png","contentUrl":"https:\/\/www.ilip.it\/wp-content\/uploads\/2018\/01\/ilip-srl-passion-for-packaging-logo.png","width":180,"height":130,"caption":"Ilip S.r.l."},"image":{"@id":"https:\/\/www.ilip.it\/es\/#\/schema\/logo\/image\/"}}]}},"_links":{"self":[{"href":"https:\/\/www.ilip.it\/es\/wp-json\/wp\/v2\/pages\/24937","targetHints":{"allow":["GET"]}}],"collection":[{"href":"https:\/\/www.ilip.it\/es\/wp-json\/wp\/v2\/pages"}],"about":[{"href":"https:\/\/www.ilip.it\/es\/wp-json\/wp\/v2\/types\/page"}],"author":[{"embeddable":true,"href":"https:\/\/www.ilip.it\/es\/wp-json\/wp\/v2\/users\/1"}],"replies":[{"embeddable":true,"href":"https:\/\/www.ilip.it\/es\/wp-json\/wp\/v2\/comments?post=24937"}],"version-history":[{"count":15,"href":"https:\/\/www.ilip.it\/es\/wp-json\/wp\/v2\/pages\/24937\/revisions"}],"predecessor-version":[{"id":66583,"href":"https:\/\/www.ilip.it\/es\/wp-json\/wp\/v2\/pages\/24937\/revisions\/66583"}],"up":[{"embeddable":true,"href":"https:\/\/www.ilip.it\/es\/wp-json\/wp\/v2\/pages\/1566"}],"wp:featuredmedia":[{"embeddable":true,"href":"https:\/\/www.ilip.it\/es\/wp-json\/wp\/v2\/media\/24174"}],"wp:attachment":[{"href":"https:\/\/www.ilip.it\/es\/wp-json\/wp\/v2\/media?parent=24937"}],"curies":[{"name":"wp","href":"https:\/\/api.w.org\/{rel}","templated":true}]}}