{"id":24879,"date":"2023-09-21T16:11:27","date_gmt":"2023-09-21T14:11:27","guid":{"rendered":"https:\/\/web.ilip.it\/?page_id=24879"},"modified":"2023-10-02T11:42:50","modified_gmt":"2023-10-02T09:42:50","slug":"valores","status":"publish","type":"page","link":"https:\/\/www.ilip.it\/es\/quienes-somos\/valores\/","title":{"rendered":"Valores"},"content":{"rendered":"<div class=\"wpb-content-wrapper\"><p>[vc_row full_width=\u00bbstretch_row_content_no_spaces\u00bb content_placement=\u00bbmiddle\u00bb][vc_column offset=\u00bbvc_col-lg-offset-0 vc_col-lg-6 vc_col-md-offset-1 vc_col-md-10 vc_col-sm-offset-0 vc_col-xs-12&#8243; el_class=\u00bborder-lg-1 order-2&#8243;][vc_single_image image=\u00bb1195&#8243; img_size=\u00bbfull\u00bb alignment=\u00bbcenter\u00bb el_class=\u00bborder-lg-1 order-2&#8243;][\/vc_column][vc_column css_animation=\u00bbright-to-left\u00bb width=\u00bb5\/6&#8243; el_class=\u00bbbackground-linear-gradient-azure shadow-inside order-lg-2 order-1&#8243; css=\u00bb.vc_custom_1695800581641{margin-top: 3em !important;margin-bottom: 3em !important;padding-top: 1em !important;padding-right: 1em !important;padding-bottom: 1em !important;padding-left: 1em !important;}\u00bb offset=\u00bbvc_col-lg-4 vc_col-sm-offset-1&#8243;]<h2 class=\"deco-title sinistra \" style=\"font-weight:400;\"><span><strong>NUESTROS VALORES DESDE<\/strong> 1962<\/span><\/h2>[vc_column_text]<strong>PASI\u00d3N:<\/strong>\u00a0El valor que mueve la empresa. Una pasi\u00f3n de \u201calto nivel\u201d que se conjuga con la innovaci\u00f3n en una b\u00fasqueda constante de la excelencia.<\/p>\n<p><strong>TERRITORIO:<\/strong>\u00a0una empresa tradicional de direcci\u00f3n familiar profundamente unida al territorio y a su gente. Esto no significa ser provincianos, sino, m\u00e1s bien, exportar al mundo los valores y la tradici\u00f3n de un territorio rico de excelencias.<\/p>\n<p><strong>INNOVACI\u00d3N:<\/strong>\u00a0proponer soluciones innovadoras de vanguardia. Estructurar la empresa para estimular la generaci\u00f3n de nuevas ideas.[\/vc_column_text]<div class=\"button-wrapper sinistra\"><a class=\"btn btn-default \" href=\"https:\/\/www.ilip.it\/wp-content\/uploads\/2021\/02\/Codice-Etico-ILPA-GROUP_ver.00.pdf\" title=\"C\u00f3digo \u00e9tico\">C\u00f3digo \u00e9tico<\/a><\/div>[\/vc_column][\/vc_row][vc_row full_width=\u00bbstretch_row_content_no_spaces\u00bb content_placement=\u00bbmiddle\u00bb css=\u00bb.vc_custom_1695735260077{background-color: #90daeb !important;background-position: center !important;background-repeat: no-repeat !important;background-size: cover !important;}\u00bb][vc_column css_animation=\u00bbleft-to-right\u00bb width=\u00bb5\/6&#8243; el_class=\u00bbbackground-linear-gradient-grey-vertical shadow-inside\u00bb css=\u00bb.vc_custom_1695741763417{margin-top: 3em !important;margin-bottom: 3em !important;padding-top: 1em !important;padding-right: 1em !important;padding-bottom: 1em !important;padding-left: 1em !important;}\u00bb offset=\u00bbvc_col-lg-4 vc_col-sm-offset-1&#8243;][vc_column_text]<strong>EXCELENCIA:<\/strong>\u00a0solo nos contentamos con la excelencia. Sin concesiones. Nuestros esfuerzos apuntan a este objetivo.<\/p>\n<p><strong>RESPONSABILIDAD<\/strong>: en relaci\u00f3n con nuestra gente, con el territorio, con el mundo en que vivimos.<\/p>\n<p><strong>COLABORACI\u00d3N<\/strong>: en nuestro sector nadie trabaja solo. Se escuchan las exigencias del mercado y de los distintos profesinales que lo integran. nel nostro settore non si lavora da soli. Nos comunicamos con claridad. Encontramos juntos las soluciones.<\/p>\n<p><strong>LEALTAD:<\/strong> ser siempre transparentes, como nuestros packaging.[\/vc_column_text]<div class=\"button-wrapper sinistra\"><a class=\"btn btn-default \" href=\"https:\/\/www.ilip.it\/wp-content\/uploads\/2021\/02\/MOG-ILIP-Parte-generale_ver.00.pdf\" title=\"Modelo de organizaci\u00f3n y gesti\u00f3n\">Modelo de organizaci\u00f3n y gesti\u00f3n<\/a><\/div>[\/vc_column][vc_column width=\u00bb1\/2&#8243;][\/vc_column][\/vc_row]<\/p>\n<\/div>","protected":false},"excerpt":{"rendered":"<p>[vc_row full_width=\u00bbstretch_row_content_no_spaces\u00bb content_placement=\u00bbmiddle\u00bb][vc_column offset=\u00bbvc_col-lg-offset-0 vc_col-lg-6 vc_col-md-offset-1 vc_col-md-10 vc_col-sm-offset-0 vc_col-xs-12&#8243; el_class=\u00bborder-lg-1 order-2&#8243;][vc_single_image image=\u00bb1195&#8243; img_size=\u00bbfull\u00bb alignment=\u00bbcenter\u00bb el_class=\u00bborder-lg-1 order-2&#8243;][\/vc_column][vc_column css_animation=\u00bbright-to-left\u00bb width=\u00bb5\/6&#8243; el_class=\u00bbbackground-linear-gradient-azure shadow-inside order-lg-2 order-1&#8243; css=\u00bb.vc_custom_1695800581641{margin-top: 3em !important;margin-bottom: 3em !important;padding-top: 1em !important;padding-right: 1em !important;padding-bottom: 1em !important;padding-left: 1em !important;}\u00bb offset=\u00bbvc_col-lg-4 vc_col-sm-offset-1&#8243;][vc_column_text]PASI\u00d3N:\u00a0El valor que mueve la empresa. Una pasi\u00f3n de \u201calto nivel\u201d que se conjuga con la innovaci\u00f3n en una [&hellip;]<\/p>\n","protected":false},"author":1,"featured_media":840,"parent":1555,"menu_order":0,"comment_status":"closed","ping_status":"closed","template":"","meta":{"_acf_changed":false,"footnotes":""},"class_list":["post-24879","page","type-page","status-publish","has-post-thumbnail","hentry"],"acf":[],"yoast_head":"<!-- This site is optimized with the Yoast SEO plugin v27.5 - https:\/\/yoast.com\/product\/yoast-seo-wordpress\/ -->\n<title>Valores - ILIP S.r.l. Passion for Packaging<\/title>\n<meta name=\"description\" content=\"Valores su ILIP S.r.l. - Passion for Packaging\" \/>\n<meta name=\"robots\" content=\"index, follow, max-snippet:-1, max-image-preview:large, max-video-preview:-1\" \/>\n<link rel=\"canonical\" href=\"https:\/\/www.ilip.it\/es\/quienes-somos\/valores\/\" \/>\n<meta property=\"og:locale\" content=\"es_ES\" \/>\n<meta property=\"og:type\" content=\"article\" \/>\n<meta property=\"og:title\" content=\"Valores - ILIP S.r.l. Passion for Packaging\" \/>\n<meta property=\"og:description\" content=\"Valores su ILIP S.r.l. - Passion for Packaging\" \/>\n<meta property=\"og:url\" content=\"https:\/\/www.ilip.it\/es\/quienes-somos\/valores\/\" \/>\n<meta property=\"og:site_name\" content=\"ILIP S.r.l.\" \/>\n<meta property=\"article:modified_time\" content=\"2023-10-02T09:42:50+00:00\" \/>\n<meta property=\"og:image\" content=\"https:\/\/www.ilip.it\/wp-content\/uploads\/2017\/11\/ilip-p-come-persone.jpg\" \/>\n\t<meta property=\"og:image:width\" content=\"800\" \/>\n\t<meta property=\"og:image:height\" content=\"600\" \/>\n\t<meta property=\"og:image:type\" content=\"image\/jpeg\" \/>\n<meta name=\"twitter:card\" content=\"summary_large_image\" \/>\n<meta name=\"twitter:label1\" content=\"Tiempo de lectura\" \/>\n\t<meta name=\"twitter:data1\" content=\"2 minutos\" \/>\n<script type=\"application\/ld+json\" class=\"yoast-schema-graph\">{\"@context\":\"https:\\\/\\\/schema.org\",\"@graph\":[{\"@type\":\"WebPage\",\"@id\":\"https:\\\/\\\/www.ilip.it\\\/es\\\/quienes-somos\\\/valores\\\/\",\"url\":\"https:\\\/\\\/www.ilip.it\\\/es\\\/quienes-somos\\\/valores\\\/\",\"name\":\"Valores - ILIP S.r.l. Passion for Packaging\",\"isPartOf\":{\"@id\":\"https:\\\/\\\/www.ilip.it\\\/es\\\/#website\"},\"primaryImageOfPage\":{\"@id\":\"https:\\\/\\\/www.ilip.it\\\/es\\\/quienes-somos\\\/valores\\\/#primaryimage\"},\"image\":{\"@id\":\"https:\\\/\\\/www.ilip.it\\\/es\\\/quienes-somos\\\/valores\\\/#primaryimage\"},\"thumbnailUrl\":\"https:\\\/\\\/www.ilip.it\\\/wp-content\\\/uploads\\\/2017\\\/11\\\/ilip-p-come-persone.jpg\",\"datePublished\":\"2023-09-21T14:11:27+00:00\",\"dateModified\":\"2023-10-02T09:42:50+00:00\",\"description\":\"Valores su ILIP S.r.l. - Passion for Packaging\",\"breadcrumb\":{\"@id\":\"https:\\\/\\\/www.ilip.it\\\/es\\\/quienes-somos\\\/valores\\\/#breadcrumb\"},\"inLanguage\":\"es\",\"potentialAction\":[{\"@type\":\"ReadAction\",\"target\":[\"https:\\\/\\\/www.ilip.it\\\/es\\\/quienes-somos\\\/valores\\\/\"]}]},{\"@type\":\"ImageObject\",\"inLanguage\":\"es\",\"@id\":\"https:\\\/\\\/www.ilip.it\\\/es\\\/quienes-somos\\\/valores\\\/#primaryimage\",\"url\":\"https:\\\/\\\/www.ilip.it\\\/wp-content\\\/uploads\\\/2017\\\/11\\\/ilip-p-come-persone.jpg\",\"contentUrl\":\"https:\\\/\\\/www.ilip.it\\\/wp-content\\\/uploads\\\/2017\\\/11\\\/ilip-p-come-persone.jpg\",\"width\":800,\"height\":600},{\"@type\":\"BreadcrumbList\",\"@id\":\"https:\\\/\\\/www.ilip.it\\\/es\\\/quienes-somos\\\/valores\\\/#breadcrumb\",\"itemListElement\":[{\"@type\":\"ListItem\",\"position\":1,\"name\":\"Home\",\"item\":\"https:\\\/\\\/www.ilip.it\\\/es\\\/\"},{\"@type\":\"ListItem\",\"position\":2,\"name\":\"Qui\u00e9nes somos\",\"item\":\"https:\\\/\\\/www.ilip.it\\\/es\\\/quienes-somos\\\/\"},{\"@type\":\"ListItem\",\"position\":3,\"name\":\"Valores\"}]},{\"@type\":\"WebSite\",\"@id\":\"https:\\\/\\\/www.ilip.it\\\/es\\\/#website\",\"url\":\"https:\\\/\\\/www.ilip.it\\\/es\\\/\",\"name\":\"ILIP S.r.l.\",\"description\":\"Passion for packaging\",\"publisher\":{\"@id\":\"https:\\\/\\\/www.ilip.it\\\/es\\\/#organization\"},\"potentialAction\":[{\"@type\":\"SearchAction\",\"target\":{\"@type\":\"EntryPoint\",\"urlTemplate\":\"https:\\\/\\\/www.ilip.it\\\/es\\\/?s={search_term_string}\"},\"query-input\":{\"@type\":\"PropertyValueSpecification\",\"valueRequired\":true,\"valueName\":\"search_term_string\"}}],\"inLanguage\":\"es\"},{\"@type\":\"Organization\",\"@id\":\"https:\\\/\\\/www.ilip.it\\\/es\\\/#organization\",\"name\":\"Ilip S.r.l.\",\"url\":\"https:\\\/\\\/www.ilip.it\\\/es\\\/\",\"logo\":{\"@type\":\"ImageObject\",\"inLanguage\":\"es\",\"@id\":\"https:\\\/\\\/www.ilip.it\\\/es\\\/#\\\/schema\\\/logo\\\/image\\\/\",\"url\":\"https:\\\/\\\/www.ilip.it\\\/wp-content\\\/uploads\\\/2018\\\/01\\\/ilip-srl-passion-for-packaging-logo.png\",\"contentUrl\":\"https:\\\/\\\/www.ilip.it\\\/wp-content\\\/uploads\\\/2018\\\/01\\\/ilip-srl-passion-for-packaging-logo.png\",\"width\":180,\"height\":130,\"caption\":\"Ilip S.r.l.\"},\"image\":{\"@id\":\"https:\\\/\\\/www.ilip.it\\\/es\\\/#\\\/schema\\\/logo\\\/image\\\/\"}}]}<\/script>\n<!-- \/ Yoast SEO plugin. -->","yoast_head_json":{"title":"Valores - ILIP S.r.l. Passion for Packaging","description":"Valores su ILIP S.r.l. - Passion for Packaging","robots":{"index":"index","follow":"follow","max-snippet":"max-snippet:-1","max-image-preview":"max-image-preview:large","max-video-preview":"max-video-preview:-1"},"canonical":"https:\/\/www.ilip.it\/es\/quienes-somos\/valores\/","og_locale":"es_ES","og_type":"article","og_title":"Valores - ILIP S.r.l. Passion for Packaging","og_description":"Valores su ILIP S.r.l. - Passion for Packaging","og_url":"https:\/\/www.ilip.it\/es\/quienes-somos\/valores\/","og_site_name":"ILIP S.r.l.","article_modified_time":"2023-10-02T09:42:50+00:00","og_image":[{"width":800,"height":600,"url":"https:\/\/www.ilip.it\/wp-content\/uploads\/2017\/11\/ilip-p-come-persone.jpg","type":"image\/jpeg"}],"twitter_card":"summary_large_image","twitter_misc":{"Tiempo de lectura":"2 minutos"},"schema":{"@context":"https:\/\/schema.org","@graph":[{"@type":"WebPage","@id":"https:\/\/www.ilip.it\/es\/quienes-somos\/valores\/","url":"https:\/\/www.ilip.it\/es\/quienes-somos\/valores\/","name":"Valores - ILIP S.r.l. Passion for Packaging","isPartOf":{"@id":"https:\/\/www.ilip.it\/es\/#website"},"primaryImageOfPage":{"@id":"https:\/\/www.ilip.it\/es\/quienes-somos\/valores\/#primaryimage"},"image":{"@id":"https:\/\/www.ilip.it\/es\/quienes-somos\/valores\/#primaryimage"},"thumbnailUrl":"https:\/\/www.ilip.it\/wp-content\/uploads\/2017\/11\/ilip-p-come-persone.jpg","datePublished":"2023-09-21T14:11:27+00:00","dateModified":"2023-10-02T09:42:50+00:00","description":"Valores su ILIP S.r.l. - Passion for Packaging","breadcrumb":{"@id":"https:\/\/www.ilip.it\/es\/quienes-somos\/valores\/#breadcrumb"},"inLanguage":"es","potentialAction":[{"@type":"ReadAction","target":["https:\/\/www.ilip.it\/es\/quienes-somos\/valores\/"]}]},{"@type":"ImageObject","inLanguage":"es","@id":"https:\/\/www.ilip.it\/es\/quienes-somos\/valores\/#primaryimage","url":"https:\/\/www.ilip.it\/wp-content\/uploads\/2017\/11\/ilip-p-come-persone.jpg","contentUrl":"https:\/\/www.ilip.it\/wp-content\/uploads\/2017\/11\/ilip-p-come-persone.jpg","width":800,"height":600},{"@type":"BreadcrumbList","@id":"https:\/\/www.ilip.it\/es\/quienes-somos\/valores\/#breadcrumb","itemListElement":[{"@type":"ListItem","position":1,"name":"Home","item":"https:\/\/www.ilip.it\/es\/"},{"@type":"ListItem","position":2,"name":"Qui\u00e9nes somos","item":"https:\/\/www.ilip.it\/es\/quienes-somos\/"},{"@type":"ListItem","position":3,"name":"Valores"}]},{"@type":"WebSite","@id":"https:\/\/www.ilip.it\/es\/#website","url":"https:\/\/www.ilip.it\/es\/","name":"ILIP S.r.l.","description":"Passion for packaging","publisher":{"@id":"https:\/\/www.ilip.it\/es\/#organization"},"potentialAction":[{"@type":"SearchAction","target":{"@type":"EntryPoint","urlTemplate":"https:\/\/www.ilip.it\/es\/?s={search_term_string}"},"query-input":{"@type":"PropertyValueSpecification","valueRequired":true,"valueName":"search_term_string"}}],"inLanguage":"es"},{"@type":"Organization","@id":"https:\/\/www.ilip.it\/es\/#organization","name":"Ilip S.r.l.","url":"https:\/\/www.ilip.it\/es\/","logo":{"@type":"ImageObject","inLanguage":"es","@id":"https:\/\/www.ilip.it\/es\/#\/schema\/logo\/image\/","url":"https:\/\/www.ilip.it\/wp-content\/uploads\/2018\/01\/ilip-srl-passion-for-packaging-logo.png","contentUrl":"https:\/\/www.ilip.it\/wp-content\/uploads\/2018\/01\/ilip-srl-passion-for-packaging-logo.png","width":180,"height":130,"caption":"Ilip S.r.l."},"image":{"@id":"https:\/\/www.ilip.it\/es\/#\/schema\/logo\/image\/"}}]}},"_links":{"self":[{"href":"https:\/\/www.ilip.it\/es\/wp-json\/wp\/v2\/pages\/24879","targetHints":{"allow":["GET"]}}],"collection":[{"href":"https:\/\/www.ilip.it\/es\/wp-json\/wp\/v2\/pages"}],"about":[{"href":"https:\/\/www.ilip.it\/es\/wp-json\/wp\/v2\/types\/page"}],"author":[{"embeddable":true,"href":"https:\/\/www.ilip.it\/es\/wp-json\/wp\/v2\/users\/1"}],"replies":[{"embeddable":true,"href":"https:\/\/www.ilip.it\/es\/wp-json\/wp\/v2\/comments?post=24879"}],"version-history":[{"count":5,"href":"https:\/\/www.ilip.it\/es\/wp-json\/wp\/v2\/pages\/24879\/revisions"}],"predecessor-version":[{"id":24895,"href":"https:\/\/www.ilip.it\/es\/wp-json\/wp\/v2\/pages\/24879\/revisions\/24895"}],"up":[{"embeddable":true,"href":"https:\/\/www.ilip.it\/es\/wp-json\/wp\/v2\/pages\/1555"}],"wp:featuredmedia":[{"embeddable":true,"href":"https:\/\/www.ilip.it\/es\/wp-json\/wp\/v2\/media\/840"}],"wp:attachment":[{"href":"https:\/\/www.ilip.it\/es\/wp-json\/wp\/v2\/media?parent=24879"}],"curies":[{"name":"wp","href":"https:\/\/api.w.org\/{rel}","templated":true}]}}