{"id":24877,"date":"2023-09-21T16:10:38","date_gmt":"2023-09-21T14:10:38","guid":{"rendered":"https:\/\/web.ilip.it\/?page_id=24877"},"modified":"2023-10-02T15:07:06","modified_gmt":"2023-10-02T13:07:06","slug":"unidad-de-negocio","status":"publish","type":"page","link":"https:\/\/www.ilip.it\/es\/quienes-somos\/unidad-de-negocio\/","title":{"rendered":"Unidad de negocio"},"content":{"rendered":"<div class=\"wpb-content-wrapper\"><p>[vc_row full_width=\u00bbstretch_row_content_no_spaces\u00bb content_placement=\u00bbmiddle\u00bb css=\u00bb.vc_custom_1695979352134{background-image: url(https:\/\/www.ilip.it\/wp-content\/uploads\/2023\/09\/business-unit.jpg?id=24727) !important;background-position: center !important;background-repeat: no-repeat !important;background-size: cover !important;}\u00bb][vc_column width=\u00bb1\/2&#8243;][\/vc_column][vc_column css_animation=\u00bbright-to-left\u00bb width=\u00bb5\/6&#8243; el_class=\u00bbbackground-linear-gradient-azure shadow-inside\u00bb css=\u00bb.vc_custom_1695741525830{margin-top: 3em !important;margin-bottom: 3em !important;padding-top: 1em !important;padding-right: 1em !important;padding-bottom: 1em !important;padding-left: 1em !important;}\u00bb offset=\u00bbvc_col-lg-4 vc_col-sm-offset-1&#8243;]<h2 class=\"deco-title sinistra \"><span>FOODSERVICE PACKAGING<\/span><\/h2>[vc_column_text]Platos, vasos, cubiertos, cuencos, tazas, terrinas, ensaladeras y mucho m\u00e1s. Varias l\u00edneas de vajillas desechables y de embalajes para gastronom\u00eda de pl\u00e1stico y de material <a href=\"\/es\/productos\/food-service-packaging\/ilipbio\/\">compostable<\/a> para todos los gustos y ocasiones: del entry level a los productos de dise\u00f1o, del PET al compostable, del irrompible al producto para usar en microondas.[\/vc_column_text]<div class=\"button-wrapper sinistra\"><a class=\"btn btn-default \" href=\"\/es\/productos\/food-service-packaging\/\" title=\"Descubre nuestros productos\">Descubre nuestros productos<\/a><\/div>[\/vc_column][\/vc_row][vc_row css=\u00bb.vc_custom_1695735186575{margin-top: 2em !important;margin-bottom: 2em !important;}\u00bb][vc_column width=\u00bb1\/3&#8243;]<div class=\"generic-block centro no-shadow\">\n\t\t\t<div class=\"generic-block-image autosquare\" data-delta=\"1.333\" style=\"background-image:url('https:\/\/www.ilip.it\/wp-content\/uploads\/2022\/02\/Immagine-composizione-copertina-scaled.jpg');\"><img decoding=\"async\" src=\"https:\/\/www.ilip.it\/wp-content\/uploads\/2022\/02\/Immagine-composizione-copertina-scaled.jpg\" alt=\"\" \/><\/div>\n\t\t<\/div>[\/vc_column][vc_column width=\u00bb1\/3&#8243;]<div class=\"generic-block centro no-shadow\">\n\t\t\t<div class=\"generic-block-image autosquare\" data-delta=\"1.333\" style=\"background-image:url('https:\/\/www.ilip.it\/wp-content\/uploads\/2023\/06\/DSC1480-scaled.jpg');\"><img decoding=\"async\" src=\"https:\/\/www.ilip.it\/wp-content\/uploads\/2023\/06\/DSC1480-scaled.jpg\" alt=\"\" \/><\/div>\n\t\t<\/div>[\/vc_column][vc_column width=\u00bb1\/3&#8243;]<div class=\"generic-block centro no-shadow\">\n\t\t\t<div class=\"generic-block-image autosquare\" data-delta=\"1.333\" style=\"background-image:url('https:\/\/www.ilip.it\/wp-content\/uploads\/2022\/03\/IMG_3109-Modifica-scaled.jpg');\"><img decoding=\"async\" src=\"https:\/\/www.ilip.it\/wp-content\/uploads\/2022\/03\/IMG_3109-Modifica-scaled.jpg\" alt=\"\" \/><\/div>\n\t\t<\/div>[\/vc_column][\/vc_row][vc_row full_width=\u00bbstretch_row_content\u00bb content_placement=\u00bbmiddle\u00bb css=\u00bb.vc_custom_1695397310624{background-image: url(https:\/\/www.ilip.it\/wp-content\/uploads\/2018\/01\/ilip-life-plus-slider.jpg?id=984) !important;background-position: center !important;background-repeat: no-repeat !important;background-size: cover !important;}\u00bb][vc_column css_animation=\u00bbleft-to-right\u00bb width=\u00bb5\/6&#8243; el_class=\u00bbbackground-linear-gradient-grey-vertical shadow-inside\u00bb css=\u00bb.vc_custom_1695741402411{margin-top: 3em !important;margin-bottom: 3em !important;padding-top: 1em !important;padding-right: 1em !important;padding-bottom: 1em !important;padding-left: 1em !important;}\u00bb offset=\u00bbvc_col-lg-4 vc_col-sm-offset-1&#8243;]<h2 class=\"deco-title sinistra \"><span>FRESH PRODUCE PACKAGING<\/span><\/h2>[vc_column_text]Cestas, bandejas y alv\u00e9olos de pl\u00e1stico y <a href=\"https:\/\/www.ilip.it\/es\/quienes-somos\/unidad-de-negocio\/\">R-PET<\/a> hasta 100% realizados para proteger, valorizar y preservar la frescura de cualquier fruta u hortaliza, en cualquier contexto y para cualquier exigencia. Una gama de embalajes sostenibles que protegen la comida de manera \u00f3ptima, prolongando la shelf life, y reducen el derroche de alimentos y el impacto medioambiental.[\/vc_column_text]<div class=\"button-wrapper sinistra\"><a class=\"btn btn-default \" href=\"\/es\/productos\/fresh-produce-packaging\/\" title=\"Descubre nuestros productos\">Descubre nuestros productos<\/a><\/div>[\/vc_column][vc_column width=\u00bb1\/2&#8243; css=\u00bb.vc_custom_1695304742844{padding-right: 4em !important;}\u00bb][\/vc_column][\/vc_row][vc_row css=\u00bb.vc_custom_1695735191737{margin-top: 2em !important;margin-bottom: 2em !important;}\u00bb][vc_column width=\u00bb1\/3&#8243;]<div class=\"generic-block centro no-shadow\">\n\t\t\t<div class=\"generic-block-image autosquare\" data-delta=\"1.333\" style=\"background-image:url('https:\/\/www.ilip.it\/wp-content\/uploads\/2017\/10\/ilip-cestini-fragole.jpg');\"><img decoding=\"async\" src=\"https:\/\/www.ilip.it\/wp-content\/uploads\/2017\/10\/ilip-cestini-fragole.jpg\" alt=\"\" \/><\/div>\n\t\t<\/div>[\/vc_column][vc_column width=\u00bb1\/3&#8243;]<div class=\"generic-block centro no-shadow\">\n\t\t\t<div class=\"generic-block-image autosquare\" data-delta=\"1.333\" style=\"background-image:url('https:\/\/www.ilip.it\/wp-content\/uploads\/2017\/10\/ilip-contenitori-insalata.jpg');\"><img decoding=\"async\" src=\"https:\/\/www.ilip.it\/wp-content\/uploads\/2017\/10\/ilip-contenitori-insalata.jpg\" alt=\"\" \/><\/div>\n\t\t<\/div>[\/vc_column][vc_column width=\u00bb1\/3&#8243;]<div class=\"generic-block centro no-shadow\">\n\t\t\t<div class=\"generic-block-image autosquare\" data-delta=\"1.333\" style=\"background-image:url('https:\/\/www.ilip.it\/wp-content\/uploads\/2017\/10\/ilip-alveoli-peschi.jpg');\"><img decoding=\"async\" src=\"https:\/\/www.ilip.it\/wp-content\/uploads\/2017\/10\/ilip-alveoli-peschi.jpg\" alt=\"\" \/><\/div>\n\t\t<\/div>[\/vc_column][\/vc_row][vc_row full_width=\u00bbstretch_row_content_no_spaces\u00bb content_placement=\u00bbmiddle\u00bb css=\u00bb.vc_custom_1695397330823{padding-top: 2em !important;padding-bottom: 2em !important;background-image: url(https:\/\/www.ilip.it\/wp-content\/uploads\/2021\/10\/20210120_foto-catalogo_0020.jpg?id=11349) !important;background-position: center !important;background-repeat: no-repeat !important;background-size: cover !important;}\u00bb][vc_column width=\u00bb1\/2&#8243;][\/vc_column][vc_column css_animation=\u00bbright-to-left\u00bb width=\u00bb5\/6&#8243; el_class=\u00bbbackground-linear-gradient-grey-vertical shadow-inside\u00bb css=\u00bb.vc_custom_1695741473872{margin-top: 3em !important;margin-bottom: 3em !important;padding-top: 1em !important;padding-right: 1em !important;padding-bottom: 1em !important;padding-left: 1em !important;}\u00bb offset=\u00bbvc_col-lg-4 vc_col-sm-offset-1&#8243;]<h2 class=\"deco-title sinistra \"><span>FRESH FOOD PACKAGING<\/span><\/h2>[vc_column_text]Bandejas termosellables de pl\u00e1stico disponibles en varios formatos para conservar la frescura de la carne y mejorar su presentaci\u00f3n en el punto de venta.[\/vc_column_text]<div class=\"button-wrapper sinistra\"><a class=\"btn btn-default \" href=\"\/es\/productos\/fresh-food-packaging\/\" title=\"Descubre nuestros productos\">Descubre nuestros productos<\/a><\/div>[\/vc_column][\/vc_row][vc_row css=\u00bb.vc_custom_1695735196413{margin-top: 2em !important;}\u00bb][vc_column width=\u00bb1\/3&#8243;]<div class=\"generic-block centro no-shadow\">\n\t\t\t<div class=\"generic-block-image autosquare\" data-delta=\"1.333\" style=\"background-image:url('https:\/\/www.ilip.it\/wp-content\/uploads\/2023\/09\/fresh-food-packaging-1.jpg');\"><img decoding=\"async\" src=\"https:\/\/www.ilip.it\/wp-content\/uploads\/2023\/09\/fresh-food-packaging-1.jpg\" alt=\"\" \/><\/div>\n\t\t<\/div>[\/vc_column][vc_column width=\u00bb1\/3&#8243;]<div class=\"generic-block centro no-shadow\">\n\t\t\t<div class=\"generic-block-image autosquare\" data-delta=\"1.333\" style=\"background-image:url('https:\/\/www.ilip.it\/wp-content\/uploads\/2023\/09\/fresh-food-packaging-2.jpg');\"><img decoding=\"async\" src=\"https:\/\/www.ilip.it\/wp-content\/uploads\/2023\/09\/fresh-food-packaging-2.jpg\" alt=\"\" \/><\/div>\n\t\t<\/div>[\/vc_column][vc_column width=\u00bb1\/3&#8243;]<div class=\"generic-block centro no-shadow\">\n\t\t\t<div class=\"generic-block-image autosquare\" data-delta=\"1.333\" style=\"background-image:url('https:\/\/www.ilip.it\/wp-content\/uploads\/2023\/09\/fresh-food-packaging-3.jpg');\"><img decoding=\"async\" src=\"https:\/\/www.ilip.it\/wp-content\/uploads\/2023\/09\/fresh-food-packaging-3.jpg\" alt=\"\" \/><\/div>\n\t\t<\/div>[\/vc_column][\/vc_row]<\/p>\n<\/div>","protected":false},"excerpt":{"rendered":"<p>[vc_row full_width=\u00bbstretch_row_content_no_spaces\u00bb content_placement=\u00bbmiddle\u00bb css=\u00bb.vc_custom_1695979352134{background-image: url(https:\/\/www.ilip.it\/wp-content\/uploads\/2023\/09\/business-unit.jpg?id=24727) !important;background-position: center !important;background-repeat: no-repeat !important;background-size: cover !important;}\u00bb][vc_column width=\u00bb1\/2&#8243;][\/vc_column][vc_column css_animation=\u00bbright-to-left\u00bb width=\u00bb5\/6&#8243; el_class=\u00bbbackground-linear-gradient-azure shadow-inside\u00bb css=\u00bb.vc_custom_1695741525830{margin-top: 3em !important;margin-bottom: 3em !important;padding-top: 1em !important;padding-right: 1em !important;padding-bottom: 1em !important;padding-left: 1em !important;}\u00bb offset=\u00bbvc_col-lg-4 vc_col-sm-offset-1&#8243;][vc_column_text]Platos, vasos, cubiertos, cuencos, tazas, terrinas, ensaladeras y mucho m\u00e1s. Varias l\u00edneas de vajillas desechables y de embalajes para gastronom\u00eda de pl\u00e1stico y de [&hellip;]<\/p>\n","protected":false},"author":1,"featured_media":66507,"parent":1555,"menu_order":0,"comment_status":"closed","ping_status":"closed","template":"","meta":{"_acf_changed":false,"rs_blank_template":"","rs_page_bg_color":"","slide_template_v7":"","footnotes":""},"class_list":["post-24877","page","type-page","status-publish","has-post-thumbnail","hentry"],"acf":[],"yoast_head":"<!-- This site is optimized with the Yoast SEO plugin v27.6 - https:\/\/yoast.com\/product\/yoast-seo-wordpress\/ -->\n<title>Unidad de negocio - ILIP S.r.l. Passion for Packaging<\/title>\n<meta name=\"description\" content=\"Unidad de negocio su ILIP S.r.l. - Passion for Packaging\" \/>\n<meta name=\"robots\" content=\"index, follow, max-snippet:-1, max-image-preview:large, max-video-preview:-1\" \/>\n<link rel=\"canonical\" href=\"https:\/\/www.ilip.it\/es\/quienes-somos\/unidad-de-negocio\/\" \/>\n<meta property=\"og:locale\" content=\"es_ES\" \/>\n<meta property=\"og:type\" content=\"article\" \/>\n<meta property=\"og:title\" content=\"Unidad de negocio - ILIP S.r.l. Passion for Packaging\" \/>\n<meta property=\"og:description\" content=\"Unidad de negocio su ILIP S.r.l. - Passion for Packaging\" \/>\n<meta property=\"og:url\" content=\"https:\/\/www.ilip.it\/es\/quienes-somos\/unidad-de-negocio\/\" \/>\n<meta property=\"og:site_name\" content=\"ILIP S.r.l.\" \/>\n<meta property=\"article:modified_time\" content=\"2023-10-02T13:07:06+00:00\" \/>\n<meta property=\"og:image\" content=\"https:\/\/www.ilip.it\/wp-content\/uploads\/2023\/09\/business-unit.jpg\" \/>\n\t<meta property=\"og:image:width\" content=\"1176\" \/>\n\t<meta property=\"og:image:height\" content=\"848\" \/>\n\t<meta property=\"og:image:type\" content=\"image\/jpeg\" \/>\n<meta name=\"twitter:card\" content=\"summary_large_image\" \/>\n<meta name=\"twitter:label1\" content=\"Tiempo de lectura\" \/>\n\t<meta name=\"twitter:data1\" content=\"2 minutos\" \/>\n<script type=\"application\/ld+json\" class=\"yoast-schema-graph\">{\"@context\":\"https:\\\/\\\/schema.org\",\"@graph\":[{\"@type\":\"WebPage\",\"@id\":\"https:\\\/\\\/www.ilip.it\\\/es\\\/quienes-somos\\\/unidad-de-negocio\\\/\",\"url\":\"https:\\\/\\\/www.ilip.it\\\/es\\\/quienes-somos\\\/unidad-de-negocio\\\/\",\"name\":\"Unidad de negocio - ILIP S.r.l. Passion for Packaging\",\"isPartOf\":{\"@id\":\"https:\\\/\\\/www.ilip.it\\\/es\\\/#website\"},\"primaryImageOfPage\":{\"@id\":\"https:\\\/\\\/www.ilip.it\\\/es\\\/quienes-somos\\\/unidad-de-negocio\\\/#primaryimage\"},\"image\":{\"@id\":\"https:\\\/\\\/www.ilip.it\\\/es\\\/quienes-somos\\\/unidad-de-negocio\\\/#primaryimage\"},\"thumbnailUrl\":\"https:\\\/\\\/www.ilip.it\\\/wp-content\\\/uploads\\\/2026\\\/04\\\/foto-foodservice_tavolo_party.png\",\"datePublished\":\"2023-09-21T14:10:38+00:00\",\"dateModified\":\"2023-10-02T13:07:06+00:00\",\"description\":\"Unidad de negocio su ILIP S.r.l. - Passion for Packaging\",\"breadcrumb\":{\"@id\":\"https:\\\/\\\/www.ilip.it\\\/es\\\/quienes-somos\\\/unidad-de-negocio\\\/#breadcrumb\"},\"inLanguage\":\"es\",\"potentialAction\":[{\"@type\":\"ReadAction\",\"target\":[\"https:\\\/\\\/www.ilip.it\\\/es\\\/quienes-somos\\\/unidad-de-negocio\\\/\"]}]},{\"@type\":\"ImageObject\",\"inLanguage\":\"es\",\"@id\":\"https:\\\/\\\/www.ilip.it\\\/es\\\/quienes-somos\\\/unidad-de-negocio\\\/#primaryimage\",\"url\":\"https:\\\/\\\/www.ilip.it\\\/wp-content\\\/uploads\\\/2026\\\/04\\\/foto-foodservice_tavolo_party.png\",\"contentUrl\":\"https:\\\/\\\/www.ilip.it\\\/wp-content\\\/uploads\\\/2026\\\/04\\\/foto-foodservice_tavolo_party.png\",\"width\":1536,\"height\":1024},{\"@type\":\"BreadcrumbList\",\"@id\":\"https:\\\/\\\/www.ilip.it\\\/es\\\/quienes-somos\\\/unidad-de-negocio\\\/#breadcrumb\",\"itemListElement\":[{\"@type\":\"ListItem\",\"position\":1,\"name\":\"Home\",\"item\":\"https:\\\/\\\/www.ilip.it\\\/es\\\/\"},{\"@type\":\"ListItem\",\"position\":2,\"name\":\"Qui\u00e9nes somos\",\"item\":\"https:\\\/\\\/www.ilip.it\\\/es\\\/quienes-somos\\\/\"},{\"@type\":\"ListItem\",\"position\":3,\"name\":\"Unidad de negocio\"}]},{\"@type\":\"WebSite\",\"@id\":\"https:\\\/\\\/www.ilip.it\\\/es\\\/#website\",\"url\":\"https:\\\/\\\/www.ilip.it\\\/es\\\/\",\"name\":\"ILIP S.r.l.\",\"description\":\"Passion for packaging\",\"publisher\":{\"@id\":\"https:\\\/\\\/www.ilip.it\\\/es\\\/#organization\"},\"potentialAction\":[{\"@type\":\"SearchAction\",\"target\":{\"@type\":\"EntryPoint\",\"urlTemplate\":\"https:\\\/\\\/www.ilip.it\\\/es\\\/?s={search_term_string}\"},\"query-input\":{\"@type\":\"PropertyValueSpecification\",\"valueRequired\":true,\"valueName\":\"search_term_string\"}}],\"inLanguage\":\"es\"},{\"@type\":\"Organization\",\"@id\":\"https:\\\/\\\/www.ilip.it\\\/es\\\/#organization\",\"name\":\"Ilip S.r.l.\",\"url\":\"https:\\\/\\\/www.ilip.it\\\/es\\\/\",\"logo\":{\"@type\":\"ImageObject\",\"inLanguage\":\"es\",\"@id\":\"https:\\\/\\\/www.ilip.it\\\/es\\\/#\\\/schema\\\/logo\\\/image\\\/\",\"url\":\"https:\\\/\\\/www.ilip.it\\\/wp-content\\\/uploads\\\/2018\\\/01\\\/ilip-srl-passion-for-packaging-logo.png\",\"contentUrl\":\"https:\\\/\\\/www.ilip.it\\\/wp-content\\\/uploads\\\/2018\\\/01\\\/ilip-srl-passion-for-packaging-logo.png\",\"width\":180,\"height\":130,\"caption\":\"Ilip S.r.l.\"},\"image\":{\"@id\":\"https:\\\/\\\/www.ilip.it\\\/es\\\/#\\\/schema\\\/logo\\\/image\\\/\"}}]}<\/script>\n<!-- \/ Yoast SEO plugin. -->","yoast_head_json":{"title":"Unidad de negocio - ILIP S.r.l. Passion for Packaging","description":"Unidad de negocio su ILIP S.r.l. - Passion for Packaging","robots":{"index":"index","follow":"follow","max-snippet":"max-snippet:-1","max-image-preview":"max-image-preview:large","max-video-preview":"max-video-preview:-1"},"canonical":"https:\/\/www.ilip.it\/es\/quienes-somos\/unidad-de-negocio\/","og_locale":"es_ES","og_type":"article","og_title":"Unidad de negocio - ILIP S.r.l. Passion for Packaging","og_description":"Unidad de negocio su ILIP S.r.l. - Passion for Packaging","og_url":"https:\/\/www.ilip.it\/es\/quienes-somos\/unidad-de-negocio\/","og_site_name":"ILIP S.r.l.","article_modified_time":"2023-10-02T13:07:06+00:00","og_image":[{"width":1176,"height":848,"url":"https:\/\/www.ilip.it\/wp-content\/uploads\/2023\/09\/business-unit.jpg","type":"image\/jpeg"}],"twitter_card":"summary_large_image","twitter_misc":{"Tiempo de lectura":"2 minutos"},"schema":{"@context":"https:\/\/schema.org","@graph":[{"@type":"WebPage","@id":"https:\/\/www.ilip.it\/es\/quienes-somos\/unidad-de-negocio\/","url":"https:\/\/www.ilip.it\/es\/quienes-somos\/unidad-de-negocio\/","name":"Unidad de negocio - ILIP S.r.l. Passion for Packaging","isPartOf":{"@id":"https:\/\/www.ilip.it\/es\/#website"},"primaryImageOfPage":{"@id":"https:\/\/www.ilip.it\/es\/quienes-somos\/unidad-de-negocio\/#primaryimage"},"image":{"@id":"https:\/\/www.ilip.it\/es\/quienes-somos\/unidad-de-negocio\/#primaryimage"},"thumbnailUrl":"https:\/\/www.ilip.it\/wp-content\/uploads\/2026\/04\/foto-foodservice_tavolo_party.png","datePublished":"2023-09-21T14:10:38+00:00","dateModified":"2023-10-02T13:07:06+00:00","description":"Unidad de negocio su ILIP S.r.l. - Passion for Packaging","breadcrumb":{"@id":"https:\/\/www.ilip.it\/es\/quienes-somos\/unidad-de-negocio\/#breadcrumb"},"inLanguage":"es","potentialAction":[{"@type":"ReadAction","target":["https:\/\/www.ilip.it\/es\/quienes-somos\/unidad-de-negocio\/"]}]},{"@type":"ImageObject","inLanguage":"es","@id":"https:\/\/www.ilip.it\/es\/quienes-somos\/unidad-de-negocio\/#primaryimage","url":"https:\/\/www.ilip.it\/wp-content\/uploads\/2026\/04\/foto-foodservice_tavolo_party.png","contentUrl":"https:\/\/www.ilip.it\/wp-content\/uploads\/2026\/04\/foto-foodservice_tavolo_party.png","width":1536,"height":1024},{"@type":"BreadcrumbList","@id":"https:\/\/www.ilip.it\/es\/quienes-somos\/unidad-de-negocio\/#breadcrumb","itemListElement":[{"@type":"ListItem","position":1,"name":"Home","item":"https:\/\/www.ilip.it\/es\/"},{"@type":"ListItem","position":2,"name":"Qui\u00e9nes somos","item":"https:\/\/www.ilip.it\/es\/quienes-somos\/"},{"@type":"ListItem","position":3,"name":"Unidad de negocio"}]},{"@type":"WebSite","@id":"https:\/\/www.ilip.it\/es\/#website","url":"https:\/\/www.ilip.it\/es\/","name":"ILIP S.r.l.","description":"Passion for packaging","publisher":{"@id":"https:\/\/www.ilip.it\/es\/#organization"},"potentialAction":[{"@type":"SearchAction","target":{"@type":"EntryPoint","urlTemplate":"https:\/\/www.ilip.it\/es\/?s={search_term_string}"},"query-input":{"@type":"PropertyValueSpecification","valueRequired":true,"valueName":"search_term_string"}}],"inLanguage":"es"},{"@type":"Organization","@id":"https:\/\/www.ilip.it\/es\/#organization","name":"Ilip S.r.l.","url":"https:\/\/www.ilip.it\/es\/","logo":{"@type":"ImageObject","inLanguage":"es","@id":"https:\/\/www.ilip.it\/es\/#\/schema\/logo\/image\/","url":"https:\/\/www.ilip.it\/wp-content\/uploads\/2018\/01\/ilip-srl-passion-for-packaging-logo.png","contentUrl":"https:\/\/www.ilip.it\/wp-content\/uploads\/2018\/01\/ilip-srl-passion-for-packaging-logo.png","width":180,"height":130,"caption":"Ilip S.r.l."},"image":{"@id":"https:\/\/www.ilip.it\/es\/#\/schema\/logo\/image\/"}}]}},"_links":{"self":[{"href":"https:\/\/www.ilip.it\/es\/wp-json\/wp\/v2\/pages\/24877","targetHints":{"allow":["GET"]}}],"collection":[{"href":"https:\/\/www.ilip.it\/es\/wp-json\/wp\/v2\/pages"}],"about":[{"href":"https:\/\/www.ilip.it\/es\/wp-json\/wp\/v2\/types\/page"}],"author":[{"embeddable":true,"href":"https:\/\/www.ilip.it\/es\/wp-json\/wp\/v2\/users\/1"}],"replies":[{"embeddable":true,"href":"https:\/\/www.ilip.it\/es\/wp-json\/wp\/v2\/comments?post=24877"}],"version-history":[{"count":5,"href":"https:\/\/www.ilip.it\/es\/wp-json\/wp\/v2\/pages\/24877\/revisions"}],"predecessor-version":[{"id":24974,"href":"https:\/\/www.ilip.it\/es\/wp-json\/wp\/v2\/pages\/24877\/revisions\/24974"}],"up":[{"embeddable":true,"href":"https:\/\/www.ilip.it\/es\/wp-json\/wp\/v2\/pages\/1555"}],"wp:featuredmedia":[{"embeddable":true,"href":"https:\/\/www.ilip.it\/es\/wp-json\/wp\/v2\/media\/66507"}],"wp:attachment":[{"href":"https:\/\/www.ilip.it\/es\/wp-json\/wp\/v2\/media?parent=24877"}],"curies":[{"name":"wp","href":"https:\/\/api.w.org\/{rel}","templated":true}]}}