{"id":1555,"date":"2017-10-26T13:11:01","date_gmt":"2017-10-26T11:11:01","guid":{"rendered":"https:\/\/www.ilip.it\/?page_id=1555"},"modified":"2025-04-09T11:28:28","modified_gmt":"2025-04-09T09:28:28","slug":"quienes-somos","status":"publish","type":"page","link":"https:\/\/www.ilip.it\/es\/quienes-somos\/","title":{"rendered":"Qui\u00e9nes somos"},"content":{"rendered":"<div class=\"wpb-content-wrapper\"><p>[vc_row full_width=\u00bbstretch_row_content_no_spaces\u00bb content_placement=\u00bbmiddle\u00bb css=\u00bb.vc_custom_1695739603244{padding-top: 2em !important;}\u00bb][vc_column offset=\u00bbvc_col-lg-6&#8243; el_class=\u00bborder-lg-1 order-2&#8243;]<div class=\"generic-block sinistra no-shadow\">\n\t\t\t<div class=\"generic-block-image autosquare\" data-delta=\"1.7777\" style=\"background-image:url('https:\/\/www.ilip.it\/wp-content\/uploads\/2017\/10\/ilip-default-corporate.jpg');\"><img decoding=\"async\" src=\"https:\/\/www.ilip.it\/wp-content\/uploads\/2017\/10\/ilip-default-corporate.jpg\" alt=\"\" \/><\/div>\n\t\t<\/div>[\/vc_column][vc_column css_animation=\u00bbright-to-left\u00bb width=\u00bb5\/6&#8243; el_class=\u00bbbackground-linear-gradient-azure shadow-inside order-lg-2 order-1&#8243; css=\u00bb.vc_custom_1695799964519{margin-top: 3em !important;margin-bottom: 3em !important;padding-top: 1em !important;padding-right: 1em !important;padding-bottom: 1em !important;padding-left: 1em !important;}\u00bb offset=\u00bbvc_col-lg-4 vc_col-sm-offset-1&#8243;][vc_column_text el_class=\u00bbno-margin\u00bb]Empresa[\/vc_column_text]<h2 class=\"deco-title sinistra \" style=\"font-weight:400;\"><span><strong>ILIP<\/strong> Passion for packaging<\/span><\/h2>[vc_column_text]Ilip forma parte del <a href=\"http:\/\/www.ilpagroup.com\/\" target=\"_blank\" rel=\"noopener\">Gruppo ILPA<\/a>, l\u00edder europeo en la transformaci\u00f3n de materias primas pl\u00e1sticas. Desarrollamos y ponemos a disposici\u00f3n de la GDO, de la restauraci\u00f3n moderna y de los especialistas del sector hortofrut\u00edcola soluciones de embalaje innovadoras y sostenibles, de pl\u00e1stico termoformado y de material compostable.[\/vc_column_text]<div class=\"button-wrapper sinistra\"><a class=\"btn btn-default \" href=\"\/es\/quienes-somos\/unidad-de-negocio\/\" title=\"Business Unit\">Business Unit<\/a><\/div>[\/vc_column][\/vc_row][vc_row full_width=\u00bbstretch_row_content\u00bb content_placement=\u00bbmiddle\u00bb css=\u00bb.vc_custom_1695823233817{padding-top: 2em !important;padding-bottom: 2em !important;}\u00bb][vc_column css_animation=\u00bbleft-to-right\u00bb width=\u00bb5\/6&#8243; el_class=\u00bbbackground-linear-gradient-grey-vertical shadow-inside order-1&#8243; css=\u00bb.vc_custom_1695800282566{padding-top: 1em !important;padding-right: 1em !important;padding-bottom: 1em !important;padding-left: 1em !important;}\u00bb offset=\u00bbvc_col-lg-4 vc_col-sm-offset-1&#8243;][vc_column_text el_class=\u00bbno-margin\u00bb]Empresa[\/vc_column_text]<h2 class=\"deco-title sinistra \" style=\"font-weight:400;\"><span><strong>ILIP<\/strong> El Grupo ILPA<\/span><\/h2>[vc_column_text]El Grupo ILPA es protagonista a nivel europeo en la producci\u00f3n de embalajes alimentarios de pl\u00e1stico termoformado y biopl\u00e1stico, as\u00ed como en el mercado de semiacabados pl\u00e1sticos para aplicaciones en el sector agroalimentario y en cualquier otro sector industrial.<\/p>\n<p>Adem\u00e1s de <strong>ILIP<\/strong>, forman parte del grupo <strong>MP3 S.r.l.<\/strong>, entre los principales actores europeos en los sectores de extrusi\u00f3n de l\u00e1minas y bobinas de pl\u00e1stico de alta calidad, y <strong>AMP Recycling S.r.l.<\/strong>, especializada en la recuperaci\u00f3n de los envases de PET post consumo y en el suministro de flakes, Granulado y bobinas R.PET garantizadas y certificadas.<\/p>\n<p><strong>Hoy en d\u00eda, el Grupo ILPA atiende a m\u00e1s de 4.000 clientes B2B en m\u00e1s de 58 pa\u00edses de todo el mundo.<\/strong>[\/vc_column_text][\/vc_column][vc_column css=\u00bb.vc_custom_1696337190698{padding-top: 2em !important;padding-right: 2em !important;padding-bottom: 2em !important;padding-left: 2em !important;}\u00bb offset=\u00bbvc_col-lg-offset-1 vc_col-lg-5 vc_col-md-offset-0 vc_col-sm-offset-0&#8243; el_class=\u00bborder-2&#8243;][vc_single_image image=\u00bb31710&#8243; img_size=\u00bbfull\u00bb alignment=\u00bbcenter\u00bb css=\u00bb\u00bb][\/vc_column][\/vc_row][vc_row full_width=\u00bbstretch_row_content_no_spaces\u00bb content_placement=\u00bbmiddle\u00bb css=\u00bb.vc_custom_1695740491978{padding-top: 2em !important;padding-bottom: 2em !important;background-color: #90daeb !important;}\u00bb][vc_column width=\u00bb5\/6&#8243; offset=\u00bbvc_col-lg-offset-0 vc_col-lg-6 vc_col-sm-offset-1&#8243; el_class=\u00bborder-lg-1 order-2&#8243;][vc_row_inner][vc_column_inner width=\u00bb1\/6&#8243;][\/vc_column_inner][vc_column_inner width=\u00bb2\/3&#8243;][vc_single_image image=\u00bb37364&#8243; img_size=\u00bbfull\u00bb alignment=\u00bbcenter\u00bb css=\u00bb\u00bb][\/vc_column_inner][vc_column_inner width=\u00bb1\/6&#8243;][\/vc_column_inner][\/vc_row_inner][\/vc_column][vc_column css_animation=\u00bbright-to-left\u00bb width=\u00bb5\/6&#8243; el_class=\u00bbbackground-linear-gradient-azure shadow-inside order-lg-2 order-1&#8243; css=\u00bb.vc_custom_1695800328255{padding-top: 1em !important;padding-right: 1em !important;padding-bottom: 1em !important;padding-left: 1em !important;}\u00bb offset=\u00bbvc_col-lg-4 vc_col-sm-offset-1&#8243;][vc_column_text el_class=\u00bbno-margin\u00bb]Ambiente[\/vc_column_text]<h2 class=\"deco-title sinistra \"><span>Sostenibilidad ambiental<\/span><\/h2>[vc_column_text]Adem\u00e1s, la responsabilidad y la conciencia ambiental est\u00e1n en el centro de las pol\u00edticas y estrategias de <b>ILIP <\/b>y del Grupo <strong>ILPA<\/strong>. En 2012, <strong>ILPA<\/strong> adquiri\u00f3 adem\u00e1s el control al 100% de <strong>AMP Recycling<\/strong>, empresa con una larga tradici\u00f3n en el procesamiento de pl\u00e1sticos. Esto permite al Grupo integrar las actividades de termoformado y extrusi\u00f3n con una <strong>importante instalaci\u00f3n de reciclaje de los pl\u00e1sticos<\/strong> dedicada a la recuperaci\u00f3n del <strong>PET<\/strong> procedente de la recogida selectiva, garantizando una econom\u00eda m\u00e1s circular.[\/vc_column_text]<div class=\"button-wrapper sinistra\"><a class=\"btn btn-default \" href=\"\/es\/sostenibilidad\/\" title=\"Sostenibilidad\">Sostenibilidad<\/a><\/div>[\/vc_column][\/vc_row]<\/p>\n<\/div>","protected":false},"excerpt":{"rendered":"<p>[vc_row full_width=\u00bbstretch_row_content_no_spaces\u00bb content_placement=\u00bbmiddle\u00bb css=\u00bb.vc_custom_1695739603244{padding-top: 2em !important;}\u00bb][vc_column offset=\u00bbvc_col-lg-6&#8243; el_class=\u00bborder-lg-1 order-2&#8243;][\/vc_column][vc_column css_animation=\u00bbright-to-left\u00bb width=\u00bb5\/6&#8243; el_class=\u00bbbackground-linear-gradient-azure shadow-inside order-lg-2 order-1&#8243; css=\u00bb.vc_custom_1695799964519{margin-top: 3em !important;margin-bottom: 3em !important;padding-top: 1em !important;padding-right: 1em !important;padding-bottom: 1em !important;padding-left: 1em !important;}\u00bb offset=\u00bbvc_col-lg-4 vc_col-sm-offset-1&#8243;][vc_column_text el_class=\u00bbno-margin\u00bb]Empresa[\/vc_column_text][vc_column_text]Ilip forma parte del Gruppo ILPA, l\u00edder europeo en la transformaci\u00f3n de materias primas pl\u00e1sticas. Desarrollamos y ponemos a disposici\u00f3n de la GDO, de la [&hellip;]<\/p>\n","protected":false},"author":1,"featured_media":816,"parent":0,"menu_order":0,"comment_status":"closed","ping_status":"closed","template":"","meta":{"_acf_changed":false,"footnotes":""},"class_list":["post-1555","page","type-page","status-publish","has-post-thumbnail","hentry"],"acf":[],"yoast_head":"<!-- This site is optimized with the Yoast SEO plugin v27.3 - https:\/\/yoast.com\/product\/yoast-seo-wordpress\/ -->\n<title>Qui\u00e9nes somos - ILIP S.r.l. Passion for Packaging<\/title>\n<meta name=\"description\" content=\"Qui\u00e9nes somos su ILIP S.r.l. - Passion for Packaging\" \/>\n<meta name=\"robots\" content=\"index, follow, max-snippet:-1, max-image-preview:large, max-video-preview:-1\" \/>\n<link rel=\"canonical\" href=\"https:\/\/www.ilip.it\/es\/quienes-somos\/\" \/>\n<meta property=\"og:locale\" content=\"es_ES\" \/>\n<meta property=\"og:type\" content=\"article\" \/>\n<meta property=\"og:title\" content=\"Qui\u00e9nes somos - ILIP S.r.l. Passion for Packaging\" \/>\n<meta property=\"og:description\" content=\"Qui\u00e9nes somos su ILIP S.r.l. - Passion for Packaging\" \/>\n<meta property=\"og:url\" content=\"https:\/\/www.ilip.it\/es\/quienes-somos\/\" \/>\n<meta property=\"og:site_name\" content=\"ILIP S.r.l.\" \/>\n<meta property=\"article:modified_time\" content=\"2025-04-09T09:28:28+00:00\" \/>\n<meta property=\"og:image\" content=\"https:\/\/www.ilip.it\/wp-content\/uploads\/2017\/11\/ilip-father-and-son.jpg\" \/>\n\t<meta property=\"og:image:width\" content=\"800\" \/>\n\t<meta property=\"og:image:height\" content=\"600\" \/>\n\t<meta property=\"og:image:type\" content=\"image\/jpeg\" \/>\n<meta name=\"twitter:card\" content=\"summary_large_image\" \/>\n<meta name=\"twitter:label1\" content=\"Tiempo de lectura\" \/>\n\t<meta name=\"twitter:data1\" content=\"3 minutos\" \/>\n<script type=\"application\/ld+json\" class=\"yoast-schema-graph\">{\"@context\":\"https:\\\/\\\/schema.org\",\"@graph\":[{\"@type\":\"WebPage\",\"@id\":\"https:\\\/\\\/www.ilip.it\\\/es\\\/quienes-somos\\\/\",\"url\":\"https:\\\/\\\/www.ilip.it\\\/es\\\/quienes-somos\\\/\",\"name\":\"Qui\u00e9nes somos - ILIP S.r.l. Passion for Packaging\",\"isPartOf\":{\"@id\":\"https:\\\/\\\/www.ilip.it\\\/es\\\/#website\"},\"primaryImageOfPage\":{\"@id\":\"https:\\\/\\\/www.ilip.it\\\/es\\\/quienes-somos\\\/#primaryimage\"},\"image\":{\"@id\":\"https:\\\/\\\/www.ilip.it\\\/es\\\/quienes-somos\\\/#primaryimage\"},\"thumbnailUrl\":\"https:\\\/\\\/www.ilip.it\\\/wp-content\\\/uploads\\\/2017\\\/11\\\/ilip-father-and-son.jpg\",\"datePublished\":\"2017-10-26T11:11:01+00:00\",\"dateModified\":\"2025-04-09T09:28:28+00:00\",\"description\":\"Qui\u00e9nes somos su ILIP S.r.l. - Passion for Packaging\",\"breadcrumb\":{\"@id\":\"https:\\\/\\\/www.ilip.it\\\/es\\\/quienes-somos\\\/#breadcrumb\"},\"inLanguage\":\"es\",\"potentialAction\":[{\"@type\":\"ReadAction\",\"target\":[\"https:\\\/\\\/www.ilip.it\\\/es\\\/quienes-somos\\\/\"]}]},{\"@type\":\"ImageObject\",\"inLanguage\":\"es\",\"@id\":\"https:\\\/\\\/www.ilip.it\\\/es\\\/quienes-somos\\\/#primaryimage\",\"url\":\"https:\\\/\\\/www.ilip.it\\\/wp-content\\\/uploads\\\/2017\\\/11\\\/ilip-father-and-son.jpg\",\"contentUrl\":\"https:\\\/\\\/www.ilip.it\\\/wp-content\\\/uploads\\\/2017\\\/11\\\/ilip-father-and-son.jpg\",\"width\":800,\"height\":600},{\"@type\":\"BreadcrumbList\",\"@id\":\"https:\\\/\\\/www.ilip.it\\\/es\\\/quienes-somos\\\/#breadcrumb\",\"itemListElement\":[{\"@type\":\"ListItem\",\"position\":1,\"name\":\"Home\",\"item\":\"https:\\\/\\\/www.ilip.it\\\/es\\\/\"},{\"@type\":\"ListItem\",\"position\":2,\"name\":\"Qui\u00e9nes somos\"}]},{\"@type\":\"WebSite\",\"@id\":\"https:\\\/\\\/www.ilip.it\\\/es\\\/#website\",\"url\":\"https:\\\/\\\/www.ilip.it\\\/es\\\/\",\"name\":\"ILIP S.r.l.\",\"description\":\"Passion for packaging\",\"publisher\":{\"@id\":\"https:\\\/\\\/www.ilip.it\\\/es\\\/#organization\"},\"potentialAction\":[{\"@type\":\"SearchAction\",\"target\":{\"@type\":\"EntryPoint\",\"urlTemplate\":\"https:\\\/\\\/www.ilip.it\\\/es\\\/?s={search_term_string}\"},\"query-input\":{\"@type\":\"PropertyValueSpecification\",\"valueRequired\":true,\"valueName\":\"search_term_string\"}}],\"inLanguage\":\"es\"},{\"@type\":\"Organization\",\"@id\":\"https:\\\/\\\/www.ilip.it\\\/es\\\/#organization\",\"name\":\"Ilip S.r.l.\",\"url\":\"https:\\\/\\\/www.ilip.it\\\/es\\\/\",\"logo\":{\"@type\":\"ImageObject\",\"inLanguage\":\"es\",\"@id\":\"https:\\\/\\\/www.ilip.it\\\/es\\\/#\\\/schema\\\/logo\\\/image\\\/\",\"url\":\"https:\\\/\\\/www.ilip.it\\\/wp-content\\\/uploads\\\/2018\\\/01\\\/ilip-srl-passion-for-packaging-logo.png\",\"contentUrl\":\"https:\\\/\\\/www.ilip.it\\\/wp-content\\\/uploads\\\/2018\\\/01\\\/ilip-srl-passion-for-packaging-logo.png\",\"width\":180,\"height\":130,\"caption\":\"Ilip S.r.l.\"},\"image\":{\"@id\":\"https:\\\/\\\/www.ilip.it\\\/es\\\/#\\\/schema\\\/logo\\\/image\\\/\"}}]}<\/script>\n<!-- \/ Yoast SEO plugin. -->","yoast_head_json":{"title":"Qui\u00e9nes somos - ILIP S.r.l. Passion for Packaging","description":"Qui\u00e9nes somos su ILIP S.r.l. - Passion for Packaging","robots":{"index":"index","follow":"follow","max-snippet":"max-snippet:-1","max-image-preview":"max-image-preview:large","max-video-preview":"max-video-preview:-1"},"canonical":"https:\/\/www.ilip.it\/es\/quienes-somos\/","og_locale":"es_ES","og_type":"article","og_title":"Qui\u00e9nes somos - ILIP S.r.l. Passion for Packaging","og_description":"Qui\u00e9nes somos su ILIP S.r.l. - Passion for Packaging","og_url":"https:\/\/www.ilip.it\/es\/quienes-somos\/","og_site_name":"ILIP S.r.l.","article_modified_time":"2025-04-09T09:28:28+00:00","og_image":[{"width":800,"height":600,"url":"https:\/\/www.ilip.it\/wp-content\/uploads\/2017\/11\/ilip-father-and-son.jpg","type":"image\/jpeg"}],"twitter_card":"summary_large_image","twitter_misc":{"Tiempo de lectura":"3 minutos"},"schema":{"@context":"https:\/\/schema.org","@graph":[{"@type":"WebPage","@id":"https:\/\/www.ilip.it\/es\/quienes-somos\/","url":"https:\/\/www.ilip.it\/es\/quienes-somos\/","name":"Qui\u00e9nes somos - ILIP S.r.l. Passion for Packaging","isPartOf":{"@id":"https:\/\/www.ilip.it\/es\/#website"},"primaryImageOfPage":{"@id":"https:\/\/www.ilip.it\/es\/quienes-somos\/#primaryimage"},"image":{"@id":"https:\/\/www.ilip.it\/es\/quienes-somos\/#primaryimage"},"thumbnailUrl":"https:\/\/www.ilip.it\/wp-content\/uploads\/2017\/11\/ilip-father-and-son.jpg","datePublished":"2017-10-26T11:11:01+00:00","dateModified":"2025-04-09T09:28:28+00:00","description":"Qui\u00e9nes somos su ILIP S.r.l. - Passion for Packaging","breadcrumb":{"@id":"https:\/\/www.ilip.it\/es\/quienes-somos\/#breadcrumb"},"inLanguage":"es","potentialAction":[{"@type":"ReadAction","target":["https:\/\/www.ilip.it\/es\/quienes-somos\/"]}]},{"@type":"ImageObject","inLanguage":"es","@id":"https:\/\/www.ilip.it\/es\/quienes-somos\/#primaryimage","url":"https:\/\/www.ilip.it\/wp-content\/uploads\/2017\/11\/ilip-father-and-son.jpg","contentUrl":"https:\/\/www.ilip.it\/wp-content\/uploads\/2017\/11\/ilip-father-and-son.jpg","width":800,"height":600},{"@type":"BreadcrumbList","@id":"https:\/\/www.ilip.it\/es\/quienes-somos\/#breadcrumb","itemListElement":[{"@type":"ListItem","position":1,"name":"Home","item":"https:\/\/www.ilip.it\/es\/"},{"@type":"ListItem","position":2,"name":"Qui\u00e9nes somos"}]},{"@type":"WebSite","@id":"https:\/\/www.ilip.it\/es\/#website","url":"https:\/\/www.ilip.it\/es\/","name":"ILIP S.r.l.","description":"Passion for packaging","publisher":{"@id":"https:\/\/www.ilip.it\/es\/#organization"},"potentialAction":[{"@type":"SearchAction","target":{"@type":"EntryPoint","urlTemplate":"https:\/\/www.ilip.it\/es\/?s={search_term_string}"},"query-input":{"@type":"PropertyValueSpecification","valueRequired":true,"valueName":"search_term_string"}}],"inLanguage":"es"},{"@type":"Organization","@id":"https:\/\/www.ilip.it\/es\/#organization","name":"Ilip S.r.l.","url":"https:\/\/www.ilip.it\/es\/","logo":{"@type":"ImageObject","inLanguage":"es","@id":"https:\/\/www.ilip.it\/es\/#\/schema\/logo\/image\/","url":"https:\/\/www.ilip.it\/wp-content\/uploads\/2018\/01\/ilip-srl-passion-for-packaging-logo.png","contentUrl":"https:\/\/www.ilip.it\/wp-content\/uploads\/2018\/01\/ilip-srl-passion-for-packaging-logo.png","width":180,"height":130,"caption":"Ilip S.r.l."},"image":{"@id":"https:\/\/www.ilip.it\/es\/#\/schema\/logo\/image\/"}}]}},"_links":{"self":[{"href":"https:\/\/www.ilip.it\/es\/wp-json\/wp\/v2\/pages\/1555","targetHints":{"allow":["GET"]}}],"collection":[{"href":"https:\/\/www.ilip.it\/es\/wp-json\/wp\/v2\/pages"}],"about":[{"href":"https:\/\/www.ilip.it\/es\/wp-json\/wp\/v2\/types\/page"}],"author":[{"embeddable":true,"href":"https:\/\/www.ilip.it\/es\/wp-json\/wp\/v2\/users\/1"}],"replies":[{"embeddable":true,"href":"https:\/\/www.ilip.it\/es\/wp-json\/wp\/v2\/comments?post=1555"}],"version-history":[{"count":24,"href":"https:\/\/www.ilip.it\/es\/wp-json\/wp\/v2\/pages\/1555\/revisions"}],"predecessor-version":[{"id":37370,"href":"https:\/\/www.ilip.it\/es\/wp-json\/wp\/v2\/pages\/1555\/revisions\/37370"}],"wp:featuredmedia":[{"embeddable":true,"href":"https:\/\/www.ilip.it\/es\/wp-json\/wp\/v2\/media\/816"}],"wp:attachment":[{"href":"https:\/\/www.ilip.it\/es\/wp-json\/wp\/v2\/media?parent=1555"}],"curies":[{"name":"wp","href":"https:\/\/api.w.org\/{rel}","templated":true}]}}