{"id":1553,"date":"2017-10-26T13:15:39","date_gmt":"2017-10-26T11:15:39","guid":{"rendered":"https:\/\/www.ilip.it\/?page_id=1553"},"modified":"2023-12-11T18:06:24","modified_gmt":"2023-12-11T17:06:24","slug":"contactos","status":"publish","type":"page","link":"https:\/\/www.ilip.it\/es\/contactos\/","title":{"rendered":"Contactos"},"content":{"rendered":"<div class=\"wpb-content-wrapper\"><p>[vc_row full_width=\u00bbstretch_row\u00bb content_placement=\u00bbmiddle\u00bb css=\u00bb.vc_custom_1702314380024{padding-top: 2em !important;padding-bottom: 2em !important;background-color: #ffffff !important;}\u00bb][vc_column width=\u00bb7\/12&#8243;]<h1 class=\"deco-title sinistra \"><span>ILIP S.r.l.<\/span><\/h1>[vc_column_text]Via Castelfranco, 52 &#8211; 40053<br \/>\nValsamoggia Loc. Bazzano (BO) &#8211; Italy<\/p>\n<p>Tel: <a href=\"tel:+390516715411\">+39 051 6715411<\/a><br \/>\nFax: <a href=\"tel:+390516715413\">+39 051 6715413<\/a><br \/>\nE-mail: <a href=\"mailto:info@ilip.it\">info@ilip.it<\/a>[\/vc_column_text][vc_column_text]<\/p>\n<h3>Para los que llegan del norte (Modena):<\/h3>\n<p>Salida Autopista Autostrada A1 Modena-sur en direcci\u00f3n a Spilamberto-Vignola. Al llegar a la segunda rotonda la entrada de Spilamberto y girar a la izquierda en direcci\u00f3n Bazzano-Bolonia. Al llegar al sem\u00e1foro de la calle Castelfranco doblar a la derecha, en direcci\u00f3n a Bazzano. La entrada de la f\u00e1brica ILIP se encuentra a unos 500 m a la derecha.<\/p>\n<h3>Para los que llegan del sur (Bolonia):<\/h3>\n<p>Salida Autopista A1 Bolonia-Casalecchio en direcci\u00f3n a Maranello \u2013 Bazzano \u2013 Vignola. Al llegar a Bazzano, cruzarlo en direcci\u00f3n a Castelfranco Emilia (MO). Tras dejar atr\u00e1s el paso a nivel proseguir casi 1 km, la entrada de la f\u00e1brica ILLIP est\u00e1 a la izquierda.[\/vc_column_text][\/vc_column][vc_column width=\u00bb5\/12&#8243;][vc_gmaps link=\u00bb#E-8_JTNDaWZyYW1lJTIwc3JjJTNEJTIyaHR0cHMlM0ElMkYlMkZ3d3cuZ29vZ2xlLmNvbSUyRm1hcHMlMkZlbWJlZCUzRnBiJTNEJTIxMW0xOCUyMTFtMTIlMjExbTMlMjExZDI4NDUuMTYyODY3ODExNDM2NiUyMTJkMTEuMDcyMDM1NjE1ODAwNCUyMTNkNDQuNTExODE3MzA0NTAyMDI0JTIxMm0zJTIxMWYwJTIxMmYwJTIxM2YwJTIxM20yJTIxMWkxMDI0JTIxMmk3NjglMjE0ZjEzLjElMjEzbTMlMjExbTIlMjExczB4NDc3ZmRlYzQzZmQzMDZmYiUyNTNBMHg1ZDExN2ZiZDRkYzczMGUwJTIxMnNWaWElMkJDYXN0ZWxmcmFuY28lMjUyQyUyQjUyJTI1MkMlMkI0MDA1MyUyQlZhbHNhbW9nZ2lhJTJCQk8lMjE1ZTAlMjEzbTIlMjExc2l0JTIxMnNpdCUyMTR2MTUxMDY4MDQwMTUxMCUyMiUyMHdpZHRoJTNEJTIyNjAwJTIyJTIwaGVpZ2h0JTNEJTIyNDUwJTIyJTIwZnJhbWVib3JkZXIlM0QlMjIwJTIyJTIwc3R5bGUlM0QlMjJib3JkZXIlM0EwJTIyJTIwYWxsb3dmdWxsc2NyZWVuJTNFJTNDJTJGaWZyYW1lJTNF\u00bb size=\u00bb400px\u00bb css_animation=\u00bbappear\u00bb][\/vc_column][\/vc_row][vc_row content_placement=\u00bbmiddle\u00bb][vc_column width=\u00bb1\/2&#8243;]<h2 class=\"deco-title sinistra \"><span>La red de ventas ILIP<\/span><\/h2>[vc_column_text]La pasi\u00f3n por el packaging corre por las venas de todos los miembros del gran equipo Illip. Estamos presentes en todo el territorio nacional italiano, incluidas las islas. Con los productos del sector Food Service Packaging, Ilip est\u00e1 presente en Europa, \u00c1frica y Asia, con una variedad de referencias adecuadas a cualquier situaci\u00f3n.<\/p>\n<p>La presencia mundial se extiende ulteriormente en el sector Fresh Produce Packaging, con una suministro de embalajes que abarca tambi\u00e9n \u00c1m\u00e9rica y Ocean\u00eda.<\/p>\n<p>Entra en contacto con nuestra red de venta, estaremos encantados de ayudarte a encontrar las soluciones m\u00e1s adecuadas a tus exigencias.[\/vc_column_text][\/vc_column][vc_column width=\u00bb1\/4&#8243;]<h3 class=\"deco-title sinistra \"><span>In Italia<\/span><\/h3>[vc_column_text]<strong>Food Service Packaging<\/strong><br \/>\n<i class=\"fa fa-envelope\"><\/i> <a href=\"mailto:monouso@ilip.it\">monouso@ilip.it<\/a><\/p>\n<p><strong>Fresh Produce Packaging<\/strong><br \/>\n<i class=\"fa fa-envelope\"><\/i> <a href=\"mailto:ortofrutta@ilip.it\">ortofrutta@ilip.it<\/a>[\/vc_column_text][\/vc_column][vc_column width=\u00bb1\/4&#8243;]<h3 class=\"deco-title sinistra \"><span>Mundo<\/span><\/h3>[vc_column_text]<strong>Food Service Packaging<\/strong><br \/>\n<i class=\"fa fa-envelope\"><\/i> <a href=\"mailto:foodservice@ilip.it\">foodservice@ilip.it<\/a><\/p>\n<p><strong>Fresh Produce Packaging<\/strong><br \/>\n<i class=\"fa fa-envelope\"><\/i> <a href=\"mailto:export@ilip.it\">export@ilip.it<\/a>[\/vc_column_text][\/vc_column][\/vc_row][vc_row full_width=\u00bbstretch_row\u00bb parallax=\u00bbcontent-moving\u00bb parallax_image=\u00bb971&#8243;][vc_column width=\u00bb1\/6&#8243;][\/vc_column][vc_column width=\u00bb2\/3&#8243; css=\u00bb.vc_custom_1695391690062{margin-top: 2em !important;margin-bottom: 2em !important;padding-top: 1em !important;padding-right: 1em !important;padding-bottom: 1em !important;padding-left: 1em !important;background-color: #ffffff !important;}\u00bb][vc_column_text]<\/p>\n<h2>Rellena el formulario y ponte en contacto con ILIP<\/h2>\n<p>Si deseas m\u00e1s informaci\u00f3n sobre nuestros productos, deja un mensaje rellenando el siguiente formulario.[\/vc_column_text]\n<div class=\"wpcf7 no-js\" id=\"wpcf7-f2912-o1\" lang=\"es-ES\" dir=\"ltr\" data-wpcf7-id=\"2912\">\n<div class=\"screen-reader-response\"><p role=\"status\" aria-live=\"polite\" aria-atomic=\"true\"><\/p> <ul><\/ul><\/div>\n<form action=\"\/es\/wp-json\/wp\/v2\/pages\/1553#wpcf7-f2912-o1\" method=\"post\" class=\"wpcf7-form init\" aria-label=\"Formulario de contacto\" novalidate=\"novalidate\" data-status=\"init\">\n<fieldset class=\"hidden-fields-container\"><input type=\"hidden\" name=\"_wpcf7\" value=\"2912\" \/><input type=\"hidden\" name=\"_wpcf7_version\" value=\"6.1.5\" \/><input type=\"hidden\" name=\"_wpcf7_locale\" value=\"es_ES\" \/><input type=\"hidden\" name=\"_wpcf7_unit_tag\" value=\"wpcf7-f2912-o1\" \/><input type=\"hidden\" name=\"_wpcf7_container_post\" value=\"0\" \/><input type=\"hidden\" name=\"_wpcf7_posted_data_hash\" value=\"\" \/><input type=\"hidden\" name=\"_wpcf7dtx_version\" value=\"5.0.5\" \/><input type=\"hidden\" name=\"_wpcf7_recaptcha_response\" value=\"\" \/>\n<\/fieldset>\n<div class=\"contact-form-wrapper\">\n\t<div class=\"row\">\n\t\t<div class=\"col-md-6\">\n\t\t\t<div class=\"form-group\">\n\t\t\t\t<label for=\"nome\">Nombre (*)<\/label>\n\t\t\t\t<span class=\"wpcf7-form-control-wrap\" data-name=\"nome\"><input size=\"40\" maxlength=\"400\" class=\"wpcf7-form-control wpcf7-text wpcf7-validates-as-required form-control\" aria-required=\"true\" aria-invalid=\"false\" placeholder=\"tu nombre\" value=\"\" type=\"text\" name=\"nome\" \/><\/span>\n\t\t\t<\/div>\n\t\t\t<div class=\"form-group\">\n\t\t\t\t<label for=\"cognome\">Apellido (*)<\/label>\n\t\t\t\t<span class=\"wpcf7-form-control-wrap\" data-name=\"cognome\"><input size=\"40\" maxlength=\"400\" class=\"wpcf7-form-control wpcf7-text wpcf7-validates-as-required form-control\" aria-required=\"true\" aria-invalid=\"false\" placeholder=\"tu apellido\" value=\"\" type=\"text\" name=\"cognome\" \/><\/span>\n\t\t\t<\/div>\n\t\t\t<div class=\"form-group\">\n\t\t\t\t<label for=\"email\">Email (*)<\/label>\n\t\t\t\t<span class=\"wpcf7-form-control-wrap\" data-name=\"email\"><input size=\"40\" maxlength=\"400\" class=\"wpcf7-form-control wpcf7-email wpcf7-validates-as-required wpcf7-text wpcf7-validates-as-email form-control\" aria-required=\"true\" aria-invalid=\"false\" placeholder=\"tuyo@email.es\" value=\"\" type=\"email\" name=\"email\" \/><\/span>\n\t\t\t<\/div>\n\t\t\t<div class=\"form-group\">\n\t\t\t\t<label for=\"telefono\">Tel\u00e9fono (*)<\/label>\n\t\t\t\t<span class=\"wpcf7-form-control-wrap\" data-name=\"telefono\"><input size=\"40\" maxlength=\"400\" class=\"wpcf7-form-control wpcf7-tel wpcf7-validates-as-required wpcf7-text wpcf7-validates-as-tel form-control\" aria-required=\"true\" aria-invalid=\"false\" placeholder=\"+39 059...\" value=\"\" type=\"tel\" name=\"telefono\" \/><\/span>\n\t\t\t<\/div>\n\t\t\t<small>(*) Campos obligatorios<\/small>\t\n\t\t<\/div>\n\t\t<div class=\"col-md-6\">\n\t\t\t<div class=\"form-group\">\n\t\t\t\t<label for=\"indirizzo\">Direcci\u00f3n<\/label>\n\t\t\t\t<span class=\"wpcf7-form-control-wrap\" data-name=\"indirizzo\"><input size=\"40\" maxlength=\"400\" class=\"wpcf7-form-control wpcf7-text form-control\" aria-invalid=\"false\" value=\"\" type=\"text\" name=\"indirizzo\" \/><\/span>\n\t\t\t<\/div>\n\t\t\t<div class=\"form-group\">\n\t\t\t\t<label for=\"cap\">C\u00f3digo postal<\/label>\n\t\t\t\t<span class=\"wpcf7-form-control-wrap\" data-name=\"cap\"><input size=\"40\" maxlength=\"400\" class=\"wpcf7-form-control wpcf7-text form-control\" aria-invalid=\"false\" value=\"\" type=\"text\" name=\"cap\" \/><\/span>\n\t\t\t<\/div>\n\t\t\t<div class=\"form-group\">\n\t\t\t\t<label for=\"citta\">Ciudad (*)<\/label>\n\t\t\t\t<span class=\"wpcf7-form-control-wrap\" data-name=\"citta\"><input size=\"40\" maxlength=\"400\" class=\"wpcf7-form-control wpcf7-text wpcf7-validates-as-required form-control\" aria-required=\"true\" aria-invalid=\"false\" value=\"\" type=\"text\" name=\"citta\" \/><\/span>\n\t\t\t<\/div>\n\t\t\t<div class=\"form-group\">\n\t\t\t\t<label for=\"provincia\">Provincia (*)<\/label>\n\t\t\t\t<span class=\"wpcf7-form-control-wrap\" data-name=\"provincia\"><input size=\"40\" maxlength=\"400\" class=\"wpcf7-form-control wpcf7-text wpcf7-validates-as-required form-control\" aria-required=\"true\" aria-invalid=\"false\" value=\"\" type=\"text\" name=\"provincia\" \/><\/span>\n\t\t\t<\/div>\n\t\t<\/div>\n\t\t<div class=\"col-md-12\">\n\t\t\t<div class=\"form-group\">\n\t\t\t\t<label for=\"richieste\">Solicitudes<\/label>\n\t\t\t\t<span class=\"wpcf7-form-control-wrap\" data-name=\"richieste\"><textarea cols=\"40\" rows=\"4\" maxlength=\"2000\" class=\"wpcf7-form-control wpcf7-textarea form-control\" aria-invalid=\"false\" name=\"richieste\"><\/textarea><\/span>\n\t\t\t<\/div>\n\t\t\t<div class=\"form-check\">\n                                <input type=\"checkbox\"  name=\"privacy\" value=\"1\" class=\"form-check-input\" aria-invalid=\"false\" \/> <label class=\"form-check-label\">He le\u00eddo y acepto <a href=\"https:\/\/www.ilpagroup.com\/en\/ilip\/contact-information\/\" target=\"_blank\" style=\"text-decoration:underline;\"> la informaci\u00f3n y el tratamiento de mis datos personales<\/a><\/label>\n                        <\/div>\n\t\t\t<input class=\"wpcf7-form-control wpcf7-submit has-spinner btn btn-default d-block w-100 my-3 btn-lg\" type=\"submit\" value=\"Enviar\" \/>\n\t\t<\/div>\n\t<\/div>\n<\/div><div class=\"wpcf7-response-output\" aria-hidden=\"true\"><\/div>\n<\/form>\n<\/div>\n[\/vc_column][vc_column width=\u00bb1\/6&#8243;][\/vc_column][\/vc_row]<\/p>\n<\/div>","protected":false},"excerpt":{"rendered":"<p>[vc_row full_width=\u00bbstretch_row\u00bb content_placement=\u00bbmiddle\u00bb css=\u00bb.vc_custom_1702314380024{padding-top: 2em !important;padding-bottom: 2em !important;background-color: #ffffff !important;}\u00bb][vc_column width=\u00bb7\/12&#8243;][vc_column_text]Via Castelfranco, 52 &#8211; 40053 Valsamoggia Loc. Bazzano (BO) &#8211; Italy Tel: +39 051 6715411 Fax: +39 051 6715413 E-mail: info@ilip.it[\/vc_column_text][vc_column_text] Para los que llegan del norte (Modena): Salida Autopista Autostrada A1 Modena-sur en direcci\u00f3n a Spilamberto-Vignola. Al llegar a la segunda rotonda la entrada [&hellip;]<\/p>\n","protected":false},"author":1,"featured_media":0,"parent":0,"menu_order":0,"comment_status":"closed","ping_status":"closed","template":"","meta":{"_acf_changed":false,"footnotes":""},"class_list":["post-1553","page","type-page","status-publish","hentry"],"acf":[],"yoast_head":"<!-- This site is optimized with the Yoast SEO plugin v27.4 - https:\/\/yoast.com\/product\/yoast-seo-wordpress\/ -->\n<title>Entra en contacto con nosotros | ILIP Passion for Packaging<\/title>\n<meta name=\"description\" content=\"Entra en contacto con nuestra red de ventas, estaremos encantados de ayudarte a encontrar las soluciones m\u00e1s adecuadas a tus exigencias. ILIP Passiong for Packaging\" \/>\n<meta name=\"robots\" content=\"index, follow, max-snippet:-1, max-image-preview:large, max-video-preview:-1\" \/>\n<link rel=\"canonical\" href=\"https:\/\/www.ilip.it\/es\/contactos\/\" \/>\n<meta property=\"og:locale\" content=\"es_ES\" \/>\n<meta property=\"og:type\" content=\"article\" \/>\n<meta property=\"og:title\" content=\"Entra en contacto con nosotros | ILIP Passion for Packaging\" \/>\n<meta property=\"og:description\" content=\"Entra en contacto con nuestra red de ventas, estaremos encantados de ayudarte a encontrar las soluciones m\u00e1s adecuadas a tus exigencias. ILIP Passiong for Packaging\" \/>\n<meta property=\"og:url\" content=\"https:\/\/www.ilip.it\/es\/contactos\/\" \/>\n<meta property=\"og:site_name\" content=\"ILIP S.r.l.\" \/>\n<meta property=\"article:modified_time\" content=\"2023-12-11T17:06:24+00:00\" \/>\n<meta name=\"twitter:card\" content=\"summary_large_image\" \/>\n<meta name=\"twitter:label1\" content=\"Tiempo de lectura\" \/>\n\t<meta name=\"twitter:data1\" content=\"2 minutos\" \/>\n<script type=\"application\/ld+json\" class=\"yoast-schema-graph\">{\"@context\":\"https:\\\/\\\/schema.org\",\"@graph\":[{\"@type\":\"WebPage\",\"@id\":\"https:\\\/\\\/www.ilip.it\\\/es\\\/contactos\\\/\",\"url\":\"https:\\\/\\\/www.ilip.it\\\/es\\\/contactos\\\/\",\"name\":\"Entra en contacto con nosotros | ILIP Passion for Packaging\",\"isPartOf\":{\"@id\":\"https:\\\/\\\/www.ilip.it\\\/es\\\/#website\"},\"datePublished\":\"2017-10-26T11:15:39+00:00\",\"dateModified\":\"2023-12-11T17:06:24+00:00\",\"description\":\"Entra en contacto con nuestra red de ventas, estaremos encantados de ayudarte a encontrar las soluciones m\u00e1s adecuadas a tus exigencias. ILIP Passiong for Packaging\",\"breadcrumb\":{\"@id\":\"https:\\\/\\\/www.ilip.it\\\/es\\\/contactos\\\/#breadcrumb\"},\"inLanguage\":\"es\",\"potentialAction\":[{\"@type\":\"ReadAction\",\"target\":[\"https:\\\/\\\/www.ilip.it\\\/es\\\/contactos\\\/\"]}]},{\"@type\":\"BreadcrumbList\",\"@id\":\"https:\\\/\\\/www.ilip.it\\\/es\\\/contactos\\\/#breadcrumb\",\"itemListElement\":[{\"@type\":\"ListItem\",\"position\":1,\"name\":\"Home\",\"item\":\"https:\\\/\\\/www.ilip.it\\\/es\\\/\"},{\"@type\":\"ListItem\",\"position\":2,\"name\":\"Contactos\"}]},{\"@type\":\"WebSite\",\"@id\":\"https:\\\/\\\/www.ilip.it\\\/es\\\/#website\",\"url\":\"https:\\\/\\\/www.ilip.it\\\/es\\\/\",\"name\":\"ILIP S.r.l.\",\"description\":\"Passion for packaging\",\"publisher\":{\"@id\":\"https:\\\/\\\/www.ilip.it\\\/es\\\/#organization\"},\"potentialAction\":[{\"@type\":\"SearchAction\",\"target\":{\"@type\":\"EntryPoint\",\"urlTemplate\":\"https:\\\/\\\/www.ilip.it\\\/es\\\/?s={search_term_string}\"},\"query-input\":{\"@type\":\"PropertyValueSpecification\",\"valueRequired\":true,\"valueName\":\"search_term_string\"}}],\"inLanguage\":\"es\"},{\"@type\":\"Organization\",\"@id\":\"https:\\\/\\\/www.ilip.it\\\/es\\\/#organization\",\"name\":\"Ilip S.r.l.\",\"url\":\"https:\\\/\\\/www.ilip.it\\\/es\\\/\",\"logo\":{\"@type\":\"ImageObject\",\"inLanguage\":\"es\",\"@id\":\"https:\\\/\\\/www.ilip.it\\\/es\\\/#\\\/schema\\\/logo\\\/image\\\/\",\"url\":\"https:\\\/\\\/www.ilip.it\\\/wp-content\\\/uploads\\\/2018\\\/01\\\/ilip-srl-passion-for-packaging-logo.png\",\"contentUrl\":\"https:\\\/\\\/www.ilip.it\\\/wp-content\\\/uploads\\\/2018\\\/01\\\/ilip-srl-passion-for-packaging-logo.png\",\"width\":180,\"height\":130,\"caption\":\"Ilip S.r.l.\"},\"image\":{\"@id\":\"https:\\\/\\\/www.ilip.it\\\/es\\\/#\\\/schema\\\/logo\\\/image\\\/\"}}]}<\/script>\n<!-- \/ Yoast SEO plugin. -->","yoast_head_json":{"title":"Entra en contacto con nosotros | ILIP Passion for Packaging","description":"Entra en contacto con nuestra red de ventas, estaremos encantados de ayudarte a encontrar las soluciones m\u00e1s adecuadas a tus exigencias. ILIP Passiong for Packaging","robots":{"index":"index","follow":"follow","max-snippet":"max-snippet:-1","max-image-preview":"max-image-preview:large","max-video-preview":"max-video-preview:-1"},"canonical":"https:\/\/www.ilip.it\/es\/contactos\/","og_locale":"es_ES","og_type":"article","og_title":"Entra en contacto con nosotros | ILIP Passion for Packaging","og_description":"Entra en contacto con nuestra red de ventas, estaremos encantados de ayudarte a encontrar las soluciones m\u00e1s adecuadas a tus exigencias. ILIP Passiong for Packaging","og_url":"https:\/\/www.ilip.it\/es\/contactos\/","og_site_name":"ILIP S.r.l.","article_modified_time":"2023-12-11T17:06:24+00:00","twitter_card":"summary_large_image","twitter_misc":{"Tiempo de lectura":"2 minutos"},"schema":{"@context":"https:\/\/schema.org","@graph":[{"@type":"WebPage","@id":"https:\/\/www.ilip.it\/es\/contactos\/","url":"https:\/\/www.ilip.it\/es\/contactos\/","name":"Entra en contacto con nosotros | ILIP Passion for Packaging","isPartOf":{"@id":"https:\/\/www.ilip.it\/es\/#website"},"datePublished":"2017-10-26T11:15:39+00:00","dateModified":"2023-12-11T17:06:24+00:00","description":"Entra en contacto con nuestra red de ventas, estaremos encantados de ayudarte a encontrar las soluciones m\u00e1s adecuadas a tus exigencias. ILIP Passiong for Packaging","breadcrumb":{"@id":"https:\/\/www.ilip.it\/es\/contactos\/#breadcrumb"},"inLanguage":"es","potentialAction":[{"@type":"ReadAction","target":["https:\/\/www.ilip.it\/es\/contactos\/"]}]},{"@type":"BreadcrumbList","@id":"https:\/\/www.ilip.it\/es\/contactos\/#breadcrumb","itemListElement":[{"@type":"ListItem","position":1,"name":"Home","item":"https:\/\/www.ilip.it\/es\/"},{"@type":"ListItem","position":2,"name":"Contactos"}]},{"@type":"WebSite","@id":"https:\/\/www.ilip.it\/es\/#website","url":"https:\/\/www.ilip.it\/es\/","name":"ILIP S.r.l.","description":"Passion for packaging","publisher":{"@id":"https:\/\/www.ilip.it\/es\/#organization"},"potentialAction":[{"@type":"SearchAction","target":{"@type":"EntryPoint","urlTemplate":"https:\/\/www.ilip.it\/es\/?s={search_term_string}"},"query-input":{"@type":"PropertyValueSpecification","valueRequired":true,"valueName":"search_term_string"}}],"inLanguage":"es"},{"@type":"Organization","@id":"https:\/\/www.ilip.it\/es\/#organization","name":"Ilip S.r.l.","url":"https:\/\/www.ilip.it\/es\/","logo":{"@type":"ImageObject","inLanguage":"es","@id":"https:\/\/www.ilip.it\/es\/#\/schema\/logo\/image\/","url":"https:\/\/www.ilip.it\/wp-content\/uploads\/2018\/01\/ilip-srl-passion-for-packaging-logo.png","contentUrl":"https:\/\/www.ilip.it\/wp-content\/uploads\/2018\/01\/ilip-srl-passion-for-packaging-logo.png","width":180,"height":130,"caption":"Ilip S.r.l."},"image":{"@id":"https:\/\/www.ilip.it\/es\/#\/schema\/logo\/image\/"}}]}},"_links":{"self":[{"href":"https:\/\/www.ilip.it\/es\/wp-json\/wp\/v2\/pages\/1553","targetHints":{"allow":["GET"]}}],"collection":[{"href":"https:\/\/www.ilip.it\/es\/wp-json\/wp\/v2\/pages"}],"about":[{"href":"https:\/\/www.ilip.it\/es\/wp-json\/wp\/v2\/types\/page"}],"author":[{"embeddable":true,"href":"https:\/\/www.ilip.it\/es\/wp-json\/wp\/v2\/users\/1"}],"replies":[{"embeddable":true,"href":"https:\/\/www.ilip.it\/es\/wp-json\/wp\/v2\/comments?post=1553"}],"version-history":[{"count":5,"href":"https:\/\/www.ilip.it\/es\/wp-json\/wp\/v2\/pages\/1553\/revisions"}],"predecessor-version":[{"id":25893,"href":"https:\/\/www.ilip.it\/es\/wp-json\/wp\/v2\/pages\/1553\/revisions\/25893"}],"wp:attachment":[{"href":"https:\/\/www.ilip.it\/es\/wp-json\/wp\/v2\/media?parent=1553"}],"curies":[{"name":"wp","href":"https:\/\/api.w.org\/{rel}","templated":true}]}}