{"id":1538,"date":"2018-01-10T16:44:22","date_gmt":"2018-01-10T15:44:22","guid":{"rendered":"https:\/\/www.ilip.it\/?page_id=1538"},"modified":"2025-05-22T14:46:16","modified_gmt":"2025-05-22T12:46:16","slug":"video","status":"publish","type":"page","link":"https:\/\/www.ilip.it\/es\/video\/","title":{"rendered":"Video"},"content":{"rendered":"<div class=\"wpb-content-wrapper\"><p>[vc_row full_width=\u00bbstretch_row\u00bb content_placement=\u00bbmiddle\u00bb css=\u00bb.vc_custom_1696251067312{padding-top: 1em !important;padding-bottom: 2em !important;background-color: #e5e5e5 !important;}\u00bb][vc_column width=\u00bb5\/6&#8243; offset=\u00bbvc_col-lg-5 vc_col-sm-offset-1&#8243;][vc_video link=\u00bbhttps:\/\/youtu.be\/5Bx0Cqn-WTo\u00bb][\/vc_column][vc_column css_animation=\u00bbright-to-left\u00bb width=\u00bb5\/6&#8243; offset=\u00bbvc_col-lg-4 vc_col-sm-offset-1&#8243; el_class=\u00bbbackground-linear-gradient-azure shadow-inside order-lg-2 order-1&#8243;]<h2 class=\"deco-title sinistra \"><span>Videos de ILIP<\/span><\/h2>[vc_column_text]ILIP: pasi\u00f3n por el historial de empaques, <a href=\"https:\/\/www.ilip.it\/es\/descarga\/\" target=\"_blank\" rel=\"noopener noreferrer\">descargue el folleto<\/a> de nuestra compa\u00f1\u00eda o <a href=\"https:\/\/www.ilip.it\/es\/contactos\/\" target=\"_blank\" rel=\"noopener noreferrer\">cont\u00e1ctenos<\/a> para conocernos mejor.<\/p>\n<h3>\u00bfQuieres saber m\u00e1s?<\/h3>\n<p>Mira videos de Ilip en nuestro canal de YouTube.[\/vc_column_text][\/vc_column][\/vc_row][vc_row][vc_column width=\u00bb1\/2&#8243;]<h3 class=\"deco-title sinistra \"><span>SmartRipe\u00ae<\/span><\/h3>[vc_column_text]Mira el video sobre el funcionamiento del envase inteligente de ILIP para frutas tropicales.<\/p>\n<p>\u00bfQuiere saber m\u00e1s detalles? Descargue nuestro <strong><u><a href=\"https:\/\/www.ilip.it\/es\/descarga\/#folletos\">folleto SmartRipe<\/a><\/u><\/strong>.[\/vc_column_text][vc_video link=\u00bbhttps:\/\/youtu.be\/w9XvUXqUO38&#8243; align=\u00bbcenter\u00bb][\/vc_column][vc_column width=\u00bb1\/2&#8243;]<h3 class=\"deco-title sinistra \"><span>Premio Innovadores Responsables 2021 Regi\u00f3n de Emilia Romagna<\/span><\/h3>[vc_column_text]ILIP fue galardonada en el concurso \u201cInnovadores Responsables\u201d en la categor\u00eda \u201cGrandes Empresas\u201d, por su uso de r-PET en envases para frutas y verduras.<\/p>\n<p>Lea el comunicado <a href=\"https:\/\/www.ilip.it\/es\/todas-las-noticias\/the-company-from-valsamoggia-bo-has-been-rewarded-in-the-large-enterprises-category-of-the-responsible-innovators-contest-for-its-use-of-r-pet-in-packaging-for-f\/\">Recycled PET, the Emilia-Romagna Region rewards ILIP\u2019s \u201cclosed cycle\u201d &#8211; ILIP S.r.l. Passion for Packaging<\/a>[\/vc_column_text][vc_video link=\u00bbhttps:\/\/youtu.be\/dI7OapHT3aY\u00bb][\/vc_column][\/vc_row][vc_row][vc_column width=\u00bb1\/2&#8243;]<h3 class=\"deco-title sinistra \"><span>ILIP - Reciclaje de PET<\/span><\/h3>[vc_column_text css=\u00bb\u00bb]Ilip es parte del Grupo ILPA, que ha integrado verticalmente el ciclo de R-PET. Con este video demostramos el proceso de reciclaje.<\/p>\n<p>Quiere saber m\u00e1s informaciones sobre nuestro\u00a0compromiso con la Sostenibilidad, lea el documento <strong><a href=\"https:\/\/www.ilip.it\/en\/download\/sustainability-manifesto\/\">Manifiesto de Sostenibilidad<\/a><\/strong> del Grupo ILPA.[\/vc_column_text][vc_video link=\u00bbhttps:\/\/youtu.be\/SSSDWxvAO94&#8243; align=\u00bbcenter\u00bb css=\u00bb\u00bb][\/vc_column][vc_column width=\u00bb1\/2&#8243;]<h3 class=\"deco-title sinistra \"><span>Pro.mo #noicisiamo<\/span><\/h3>[vc_column_text css=\u00bb\u00bb]\u00bfProhibir los platos desechables de pl\u00e1stico es una medida eficaz? Vea el video realizado por Pro.mo, el grupo de fabricantes de vajillas desechables de pl\u00e1stico.[\/vc_column_text][vc_video link=\u00bbhttps:\/\/youtu.be\/s7EiqzALFk0&#8243; align=\u00bbcenter\u00bb][\/vc_column][\/vc_row][vc_row][vc_column width=\u00bb1\/2&#8243;]<h3 class=\"deco-title sinistra \"><span>ezy:split<\/span><\/h3>[vc_column_text]El primer cesto h\u00edbrido de pl\u00e1stico y cart\u00f3n para el envasado de fruta premium.<\/p>\n<p>Lea el <strong><u>folleto<\/u><\/strong> para obtener m\u00e1s informaci\u00f3n![\/vc_column_text][vc_video link=\u00bbhttps:\/\/www.youtube.com\/watch?v=_wQhOnj6jHw\u00bb align=\u00bbcenter\u00bb css=\u00bb\u00bb][\/vc_column][vc_column width=\u00bb1\/2&#8243;]<h3 class=\"deco-title sinistra \"><span>SmartRipe\u00ae<\/span><\/h3>[vc_column_text]<\/p>\n<div class=\"wpb_text_column wpb_content_element \">\n<div class=\"wpb_wrapper\">\n<p>Watch the video on how ILIP\u2019s intelligent packaging for tropical fruits works.<\/p>\n<p>Want to know more? Download the <strong><u><a href=\"https:\/\/www.ilip.it\/es\/descarga\/#brochure\">SmartRipe brochure<\/a><\/u><\/strong>.<\/p>\n<\/div>\n<\/div>\n<p>[\/vc_column_text][vc_video link=\u00bbhttps:\/\/youtu.be\/w9XvUXqUO38&#8243; align=\u00bbcenter\u00bb][\/vc_column][\/vc_row][vc_row][vc_column width=\u00bb1\/2&#8243;]<h3 class=\"deco-title sinistra \"><span>The Biorepack consortioum<\/span><\/h3>[vc_column_text]Watch the institutional video of Biorepack (National Consortium for the organic recycling of biodegradable and compostable plastic packaging) on \u200b\u200bcompostable packaging[\/vc_column_text][vc_video link=\u00bbhttps:\/\/youtu.be\/q6ho1tYvLYQ\u00bb align=\u00bbcenter\u00bb][\/vc_column][vc_column width=\u00bb1\/2&#8243;]<h3 class=\"deco-title sinistra \"><span>Corepla<\/span><\/h3>[vc_column_text]Watch the video by Corepla (National Consortium for the Collection, Recycling and Recovery of Plastic Packaging) on \u200b\u200bclosed loop \u201ctray to tray\u201d recycling.[\/vc_column_text][vc_video link=\u00bbhttps:\/\/youtu.be\/cvTGAPO4kVU\u00bb align=\u00bbcenter\u00bb][\/vc_column][\/vc_row]<\/p>\n<\/div>","protected":false},"excerpt":{"rendered":"<p>[vc_row full_width=\u00bbstretch_row\u00bb content_placement=\u00bbmiddle\u00bb css=\u00bb.vc_custom_1696251067312{padding-top: 1em !important;padding-bottom: 2em !important;background-color: #e5e5e5 !important;}\u00bb][vc_column width=\u00bb5\/6&#8243; offset=\u00bbvc_col-lg-5 vc_col-sm-offset-1&#8243;][vc_video link=\u00bbhttps:\/\/youtu.be\/5Bx0Cqn-WTo\u00bb][\/vc_column][vc_column css_animation=\u00bbright-to-left\u00bb width=\u00bb5\/6&#8243; offset=\u00bbvc_col-lg-4 vc_col-sm-offset-1&#8243; el_class=\u00bbbackground-linear-gradient-azure shadow-inside order-lg-2 order-1&#8243;][vc_column_text]ILIP: pasi\u00f3n por el historial de empaques, descargue el folleto de nuestra compa\u00f1\u00eda o cont\u00e1ctenos para conocernos mejor. \u00bfQuieres saber m\u00e1s? Mira videos de Ilip en nuestro canal de YouTube.[\/vc_column_text][\/vc_column][\/vc_row][vc_row][vc_column width=\u00bb1\/2&#8243;][vc_column_text]Mira el video sobre [&hellip;]<\/p>\n","protected":false},"author":1,"featured_media":0,"parent":0,"menu_order":0,"comment_status":"closed","ping_status":"closed","template":"","meta":{"_acf_changed":false,"footnotes":""},"class_list":["post-1538","page","type-page","status-publish","hentry"],"acf":[],"yoast_head":"<!-- This site is optimized with the Yoast SEO plugin v27.5 - https:\/\/yoast.com\/product\/yoast-seo-wordpress\/ -->\n<title>Descubre el mundo Illip con nuestros v\u00eddeos. | ILIP Passion for Packaging<\/title>\n<meta name=\"description\" content=\"Descubre todos los v\u00eddeos de Illip y visita nuestro canal YouTube. ILIP Passion for Packaging.\" \/>\n<meta name=\"robots\" content=\"index, follow, max-snippet:-1, max-image-preview:large, max-video-preview:-1\" \/>\n<link rel=\"canonical\" href=\"https:\/\/www.ilip.it\/es\/video\/\" \/>\n<meta property=\"og:locale\" content=\"es_ES\" \/>\n<meta property=\"og:type\" content=\"article\" \/>\n<meta property=\"og:title\" content=\"Descubre el mundo Illip con nuestros v\u00eddeos. | ILIP Passion for Packaging\" \/>\n<meta property=\"og:description\" content=\"Descubre todos los v\u00eddeos de Illip y visita nuestro canal YouTube. ILIP Passion for Packaging.\" \/>\n<meta property=\"og:url\" content=\"https:\/\/www.ilip.it\/es\/video\/\" \/>\n<meta property=\"og:site_name\" content=\"ILIP S.r.l.\" \/>\n<meta property=\"article:modified_time\" content=\"2025-05-22T12:46:16+00:00\" \/>\n<meta name=\"twitter:card\" content=\"summary_large_image\" \/>\n<meta name=\"twitter:label1\" content=\"Tiempo de lectura\" \/>\n\t<meta name=\"twitter:data1\" content=\"2 minutos\" \/>\n<script type=\"application\/ld+json\" class=\"yoast-schema-graph\">{\"@context\":\"https:\\\/\\\/schema.org\",\"@graph\":[{\"@type\":\"WebPage\",\"@id\":\"https:\\\/\\\/www.ilip.it\\\/es\\\/video\\\/\",\"url\":\"https:\\\/\\\/www.ilip.it\\\/es\\\/video\\\/\",\"name\":\"Descubre el mundo Illip con nuestros v\u00eddeos. | ILIP Passion for Packaging\",\"isPartOf\":{\"@id\":\"https:\\\/\\\/www.ilip.it\\\/es\\\/#website\"},\"datePublished\":\"2018-01-10T15:44:22+00:00\",\"dateModified\":\"2025-05-22T12:46:16+00:00\",\"description\":\"Descubre todos los v\u00eddeos de Illip y visita nuestro canal YouTube. ILIP Passion for Packaging.\",\"breadcrumb\":{\"@id\":\"https:\\\/\\\/www.ilip.it\\\/es\\\/video\\\/#breadcrumb\"},\"inLanguage\":\"es\",\"potentialAction\":[{\"@type\":\"ReadAction\",\"target\":[\"https:\\\/\\\/www.ilip.it\\\/es\\\/video\\\/\"]}]},{\"@type\":\"BreadcrumbList\",\"@id\":\"https:\\\/\\\/www.ilip.it\\\/es\\\/video\\\/#breadcrumb\",\"itemListElement\":[{\"@type\":\"ListItem\",\"position\":1,\"name\":\"Home\",\"item\":\"https:\\\/\\\/www.ilip.it\\\/es\\\/\"},{\"@type\":\"ListItem\",\"position\":2,\"name\":\"Video\"}]},{\"@type\":\"WebSite\",\"@id\":\"https:\\\/\\\/www.ilip.it\\\/es\\\/#website\",\"url\":\"https:\\\/\\\/www.ilip.it\\\/es\\\/\",\"name\":\"ILIP S.r.l.\",\"description\":\"Passion for packaging\",\"publisher\":{\"@id\":\"https:\\\/\\\/www.ilip.it\\\/es\\\/#organization\"},\"potentialAction\":[{\"@type\":\"SearchAction\",\"target\":{\"@type\":\"EntryPoint\",\"urlTemplate\":\"https:\\\/\\\/www.ilip.it\\\/es\\\/?s={search_term_string}\"},\"query-input\":{\"@type\":\"PropertyValueSpecification\",\"valueRequired\":true,\"valueName\":\"search_term_string\"}}],\"inLanguage\":\"es\"},{\"@type\":\"Organization\",\"@id\":\"https:\\\/\\\/www.ilip.it\\\/es\\\/#organization\",\"name\":\"Ilip S.r.l.\",\"url\":\"https:\\\/\\\/www.ilip.it\\\/es\\\/\",\"logo\":{\"@type\":\"ImageObject\",\"inLanguage\":\"es\",\"@id\":\"https:\\\/\\\/www.ilip.it\\\/es\\\/#\\\/schema\\\/logo\\\/image\\\/\",\"url\":\"https:\\\/\\\/www.ilip.it\\\/wp-content\\\/uploads\\\/2018\\\/01\\\/ilip-srl-passion-for-packaging-logo.png\",\"contentUrl\":\"https:\\\/\\\/www.ilip.it\\\/wp-content\\\/uploads\\\/2018\\\/01\\\/ilip-srl-passion-for-packaging-logo.png\",\"width\":180,\"height\":130,\"caption\":\"Ilip S.r.l.\"},\"image\":{\"@id\":\"https:\\\/\\\/www.ilip.it\\\/es\\\/#\\\/schema\\\/logo\\\/image\\\/\"}}]}<\/script>\n<!-- \/ Yoast SEO plugin. -->","yoast_head_json":{"title":"Descubre el mundo Illip con nuestros v\u00eddeos. | ILIP Passion for Packaging","description":"Descubre todos los v\u00eddeos de Illip y visita nuestro canal YouTube. ILIP Passion for Packaging.","robots":{"index":"index","follow":"follow","max-snippet":"max-snippet:-1","max-image-preview":"max-image-preview:large","max-video-preview":"max-video-preview:-1"},"canonical":"https:\/\/www.ilip.it\/es\/video\/","og_locale":"es_ES","og_type":"article","og_title":"Descubre el mundo Illip con nuestros v\u00eddeos. | ILIP Passion for Packaging","og_description":"Descubre todos los v\u00eddeos de Illip y visita nuestro canal YouTube. ILIP Passion for Packaging.","og_url":"https:\/\/www.ilip.it\/es\/video\/","og_site_name":"ILIP S.r.l.","article_modified_time":"2025-05-22T12:46:16+00:00","twitter_card":"summary_large_image","twitter_misc":{"Tiempo de lectura":"2 minutos"},"schema":{"@context":"https:\/\/schema.org","@graph":[{"@type":"WebPage","@id":"https:\/\/www.ilip.it\/es\/video\/","url":"https:\/\/www.ilip.it\/es\/video\/","name":"Descubre el mundo Illip con nuestros v\u00eddeos. | ILIP Passion for Packaging","isPartOf":{"@id":"https:\/\/www.ilip.it\/es\/#website"},"datePublished":"2018-01-10T15:44:22+00:00","dateModified":"2025-05-22T12:46:16+00:00","description":"Descubre todos los v\u00eddeos de Illip y visita nuestro canal YouTube. ILIP Passion for Packaging.","breadcrumb":{"@id":"https:\/\/www.ilip.it\/es\/video\/#breadcrumb"},"inLanguage":"es","potentialAction":[{"@type":"ReadAction","target":["https:\/\/www.ilip.it\/es\/video\/"]}]},{"@type":"BreadcrumbList","@id":"https:\/\/www.ilip.it\/es\/video\/#breadcrumb","itemListElement":[{"@type":"ListItem","position":1,"name":"Home","item":"https:\/\/www.ilip.it\/es\/"},{"@type":"ListItem","position":2,"name":"Video"}]},{"@type":"WebSite","@id":"https:\/\/www.ilip.it\/es\/#website","url":"https:\/\/www.ilip.it\/es\/","name":"ILIP S.r.l.","description":"Passion for packaging","publisher":{"@id":"https:\/\/www.ilip.it\/es\/#organization"},"potentialAction":[{"@type":"SearchAction","target":{"@type":"EntryPoint","urlTemplate":"https:\/\/www.ilip.it\/es\/?s={search_term_string}"},"query-input":{"@type":"PropertyValueSpecification","valueRequired":true,"valueName":"search_term_string"}}],"inLanguage":"es"},{"@type":"Organization","@id":"https:\/\/www.ilip.it\/es\/#organization","name":"Ilip S.r.l.","url":"https:\/\/www.ilip.it\/es\/","logo":{"@type":"ImageObject","inLanguage":"es","@id":"https:\/\/www.ilip.it\/es\/#\/schema\/logo\/image\/","url":"https:\/\/www.ilip.it\/wp-content\/uploads\/2018\/01\/ilip-srl-passion-for-packaging-logo.png","contentUrl":"https:\/\/www.ilip.it\/wp-content\/uploads\/2018\/01\/ilip-srl-passion-for-packaging-logo.png","width":180,"height":130,"caption":"Ilip S.r.l."},"image":{"@id":"https:\/\/www.ilip.it\/es\/#\/schema\/logo\/image\/"}}]}},"_links":{"self":[{"href":"https:\/\/www.ilip.it\/es\/wp-json\/wp\/v2\/pages\/1538","targetHints":{"allow":["GET"]}}],"collection":[{"href":"https:\/\/www.ilip.it\/es\/wp-json\/wp\/v2\/pages"}],"about":[{"href":"https:\/\/www.ilip.it\/es\/wp-json\/wp\/v2\/types\/page"}],"author":[{"embeddable":true,"href":"https:\/\/www.ilip.it\/es\/wp-json\/wp\/v2\/users\/1"}],"replies":[{"embeddable":true,"href":"https:\/\/www.ilip.it\/es\/wp-json\/wp\/v2\/comments?post=1538"}],"version-history":[{"count":39,"href":"https:\/\/www.ilip.it\/es\/wp-json\/wp\/v2\/pages\/1538\/revisions"}],"predecessor-version":[{"id":42076,"href":"https:\/\/www.ilip.it\/es\/wp-json\/wp\/v2\/pages\/1538\/revisions\/42076"}],"wp:attachment":[{"href":"https:\/\/www.ilip.it\/es\/wp-json\/wp\/v2\/media?parent=1538"}],"curies":[{"name":"wp","href":"https:\/\/api.w.org\/{rel}","templated":true}]}}